{"id":9747,"date":"2023-10-16T17:51:53","date_gmt":"2023-10-16T20:51:53","guid":{"rendered":"https:\/\/denshoseries.com\/?page_id=9747"},"modified":"2023-10-16T18:12:39","modified_gmt":"2023-10-16T21:12:39","slug":"togakure-ryu-ninjutsu-densho-es","status":"publish","type":"page","link":"https:\/\/denshoseries.com\/en\/togakure-ryu-ninjutsu-densho-es\/","title":{"rendered":"Togakure Ry\u016b Ninjutsu Densh\u014d (ES)"},"content":{"rendered":"<div data-elementor-type=\"wp-page\" data-elementor-id=\"9747\" class=\"elementor elementor-9747\" data-elementor-settings=\"{&quot;ha_cmc_init_switcher&quot;:&quot;no&quot;}\">\n\t\t\t\t\t\t<section class=\"elementor-section elementor-top-section elementor-element elementor-element-438d646 elementor-section-boxed elementor-section-height-default elementor-section-height-default\" data-id=\"438d646\" data-element_type=\"section\" data-e-type=\"section\" data-settings=\"{&quot;_ha_eqh_enable&quot;:false}\">\n\t\t\t\t\t\t<div class=\"elementor-container elementor-column-gap-default\">\n\t\t\t\t\t<div class=\"elementor-column elementor-col-100 elementor-top-column elementor-element elementor-element-a9a56de\" data-id=\"a9a56de\" data-element_type=\"column\" data-e-type=\"column\">\n\t\t\t<div class=\"elementor-widget-wrap elementor-element-populated\">\n\t\t\t\t\t\t<div class=\"elementor-element elementor-element-1792d7f5 elementor-widget elementor-widget-heading\" data-id=\"1792d7f5\" data-element_type=\"widget\" data-e-type=\"widget\" data-widget_type=\"heading.default\">\n\t\t\t\t<div class=\"elementor-widget-container\">\n\t\t\t\t\t<h1 class=\"elementor-heading-title elementor-size-default\">TOGAKURE RY\u016a NINJUTSU (ESPA\u00d1OL)<\/h1>\t\t\t\t<\/div>\n\t\t\t\t<\/div>\n\t\t\t\t\t<\/div>\n\t\t<\/div>\n\t\t\t\t\t<\/div>\n\t\t<\/section>\n\t\t\t\t<section class=\"elementor-section elementor-top-section elementor-element elementor-element-9a58b78 elementor-section-boxed elementor-section-height-default elementor-section-height-default\" data-id=\"9a58b78\" data-element_type=\"section\" data-e-type=\"section\" data-settings=\"{&quot;_ha_eqh_enable&quot;:false}\">\n\t\t\t\t\t\t<div class=\"elementor-container elementor-column-gap-default\">\n\t\t\t\t\t<div class=\"elementor-column elementor-col-50 elementor-top-column elementor-element elementor-element-e0ddd3a\" data-id=\"e0ddd3a\" data-element_type=\"column\" data-e-type=\"column\">\n\t\t\t<div class=\"elementor-widget-wrap elementor-element-populated\">\n\t\t\t\t\t\t<div class=\"elementor-element elementor-element-7befa20 elementor-align-right elementor-widget elementor-widget-button\" data-id=\"7befa20\" data-element_type=\"widget\" data-e-type=\"widget\" data-widget_type=\"button.default\">\n\t\t\t\t<div class=\"elementor-widget-container\">\n\t\t\t\t\t\t\t\t\t<div class=\"elementor-button-wrapper\">\n\t\t\t\t\t<a class=\"elementor-button elementor-button-link elementor-size-xs\" href=\"https:\/\/denshoseries.com\/en\/togakure-ryu-ninjutsu-densho-en\/\">\n\t\t\t\t\t\t<span class=\"elementor-button-content-wrapper\">\n\t\t\t\t\t\t\t\t\t<span class=\"elementor-button-text\">ENGLISH VERSION<\/span>\n\t\t\t\t\t<\/span>\n\t\t\t\t\t<\/a>\n\t\t\t\t<\/div>\n\t\t\t\t\t\t\t\t<\/div>\n\t\t\t\t<\/div>\n\t\t\t\t\t<\/div>\n\t\t<\/div>\n\t\t\t\t<div class=\"elementor-column elementor-col-50 elementor-top-column elementor-element elementor-element-e29080f\" data-id=\"e29080f\" data-element_type=\"column\" data-e-type=\"column\">\n\t\t\t<div class=\"elementor-widget-wrap elementor-element-populated\">\n\t\t\t\t\t\t<div class=\"elementor-element elementor-element-bdf3e44 elementor-align-left elementor-widget elementor-widget-button\" data-id=\"bdf3e44\" data-element_type=\"widget\" data-e-type=\"widget\" data-widget_type=\"button.default\">\n\t\t\t\t<div class=\"elementor-widget-container\">\n\t\t\t\t\t\t\t\t\t<div class=\"elementor-button-wrapper\">\n\t\t\t\t\t<a class=\"elementor-button elementor-button-link elementor-size-xs\" href=\"https:\/\/denshoseries.com\/en\/togakure-ryu-ninjutsu-densho-pt-br\/\">\n\t\t\t\t\t\t<span class=\"elementor-button-content-wrapper\">\n\t\t\t\t\t\t\t\t\t<span class=\"elementor-button-text\">VERS\u00c3O EM PORTUGU\u00caS<\/span>\n\t\t\t\t\t<\/span>\n\t\t\t\t\t<\/a>\n\t\t\t\t<\/div>\n\t\t\t\t\t\t\t\t<\/div>\n\t\t\t\t<\/div>\n\t\t\t\t\t<\/div>\n\t\t<\/div>\n\t\t\t\t\t<\/div>\n\t\t<\/section>\n\t\t\t\t<section class=\"elementor-section elementor-top-section elementor-element elementor-element-608150bc elementor-section-boxed elementor-section-height-default elementor-section-height-default\" data-id=\"608150bc\" data-element_type=\"section\" data-e-type=\"section\" data-settings=\"{&quot;_ha_eqh_enable&quot;:false}\">\n\t\t\t\t\t\t<div class=\"elementor-container elementor-column-gap-default\">\n\t\t\t\t\t<div class=\"elementor-column elementor-col-33 elementor-top-column elementor-element elementor-element-7589a7cf\" data-id=\"7589a7cf\" data-element_type=\"column\" data-e-type=\"column\">\n\t\t\t<div class=\"elementor-widget-wrap elementor-element-populated\">\n\t\t\t\t\t\t<div class=\"elementor-element elementor-element-29507aec elementor-widget elementor-widget-image\" data-id=\"29507aec\" data-element_type=\"widget\" data-e-type=\"widget\" data-widget_type=\"image.default\">\n\t\t\t\t<div class=\"elementor-widget-container\">\n\t\t\t\t\t\t\t\t\t\t\t\t\t\t\t<img fetchpriority=\"high\" decoding=\"async\" width=\"708\" height=\"997\" src=\"https:\/\/denshoseries.com\/wp-content\/uploads\/2023\/08\/TOGAKURE-RYU-DENSHO-capa.webp\" class=\"attachment-large size-large wp-image-9136\" alt=\"\" srcset=\"https:\/\/denshoseries.com\/wp-content\/uploads\/2023\/08\/TOGAKURE-RYU-DENSHO-capa.webp 708w, https:\/\/denshoseries.com\/wp-content\/uploads\/2023\/08\/TOGAKURE-RYU-DENSHO-capa-284x400.webp 284w, https:\/\/denshoseries.com\/wp-content\/uploads\/2023\/08\/TOGAKURE-RYU-DENSHO-capa-9x12.webp 9w, https:\/\/denshoseries.com\/wp-content\/uploads\/2023\/08\/TOGAKURE-RYU-DENSHO-capa-11x16.webp 11w, https:\/\/denshoseries.com\/wp-content\/uploads\/2023\/08\/TOGAKURE-RYU-DENSHO-capa-17x24.webp 17w, https:\/\/denshoseries.com\/wp-content\/uploads\/2023\/08\/TOGAKURE-RYU-DENSHO-capa-26x36.webp 26w, https:\/\/denshoseries.com\/wp-content\/uploads\/2023\/08\/TOGAKURE-RYU-DENSHO-capa-600x845.webp 600w\" sizes=\"(max-width: 708px) 100vw, 708px\" \/>\t\t\t\t\t\t\t\t\t\t\t\t\t\t\t<\/div>\n\t\t\t\t<\/div>\n\t\t\t\t\t<\/div>\n\t\t<\/div>\n\t\t\t\t<div class=\"elementor-column elementor-col-66 elementor-top-column elementor-element elementor-element-aa17c71\" data-id=\"aa17c71\" data-element_type=\"column\" data-e-type=\"column\">\n\t\t\t<div class=\"elementor-widget-wrap elementor-element-populated\">\n\t\t\t\t\t\t<div class=\"elementor-element elementor-element-faaa960 elementor-align-center elementor-widget elementor-widget-button\" data-id=\"faaa960\" data-element_type=\"widget\" data-e-type=\"widget\" data-widget_type=\"button.default\">\n\t\t\t\t<div class=\"elementor-widget-container\">\n\t\t\t\t\t\t\t\t\t<div class=\"elementor-button-wrapper\">\n\t\t\t\t\t<a class=\"elementor-button elementor-button-link elementor-size-xs\" href=\"https:\/\/www.amazon.com\/dp\/B0CL3T7T9C\" target=\"_blank\">\n\t\t\t\t\t\t<span class=\"elementor-button-content-wrapper\">\n\t\t\t\t\t\t\t\t\t<span class=\"elementor-button-text\">COMPRAR EN AMAZON<\/span>\n\t\t\t\t\t<\/span>\n\t\t\t\t\t<\/a>\n\t\t\t\t<\/div>\n\t\t\t\t\t\t\t\t<\/div>\n\t\t\t\t<\/div>\n\t\t\t\t<div class=\"elementor-element elementor-element-2f6d4172 elementor-widget elementor-widget-text-editor\" data-id=\"2f6d4172\" data-element_type=\"widget\" data-e-type=\"widget\" data-widget_type=\"text-editor.default\">\n\t\t\t\t<div class=\"elementor-widget-container\">\n\t\t\t\t\t\t\t\t\t<p><strong><span class=\"a-text-bold\">Este libro contiene t\u00e9cnicas de\u00a0<\/span><em><span class=\"a-text-bold a-text-italic\">Togakure Ry\u016b Ninjutsu<\/span><\/em><span class=\"a-text-bold\">\u00a0descritas paso a paso.<\/span><\/strong><\/p><p>Es muy importante destacar que este programa no debe ser utilizado como \u00fanica fuente de estudio, es imprescindible estar bajo la supervisi\u00f3n de un instructor calificado. La b\u00fasqueda del aprendizaje debe ser constante en las Artes Marciales de\u00a0<em><span class=\"a-text-italic\">Bujinkan<\/span><\/em>.<\/p><p>Este trabajo tiene una secuencia l\u00f3gica, tanto en la parte t\u00e9cnica como en la parte te\u00f3rica.<\/p><p>Este programa puede y debe ser estudiado independientemente del nivel de graduaci\u00f3n del estudiante.<\/p><p>Este libro es un tesoro de conocimiento ancestral, una joya de la sabidur\u00eda de los\u00a0<em><span class=\"a-text-italic\">Ninjas\u00a0<\/span><\/em>de\u00a0<em><span class=\"a-text-italic\">Togakure<\/span>\u00a0<\/em>que revela los secretos de las sombras. Entre sus p\u00e1ginas, encontrar\u00e1s las ense\u00f1anzas transmitidas a lo largo de los siglos.<\/p><p>Explora las t\u00e9cnicas de sigilo, estrategia y autodisciplina que forjaron a los verdaderos guerreros de las sombras.<\/p><p>Este libro es tu llave al conocimiento de los\u00a0<em><span class=\"a-text-italic\">Ninjas\u00a0<\/span><\/em>de\u00a0<em><span class=\"a-text-italic\">Togakure Ry\u016b<\/span><\/em>.<\/p><ul><li>Tiene 124 p\u00e1ginas.<\/li><\/ul>\t\t\t\t\t\t\t\t<\/div>\n\t\t\t\t<\/div>\n\t\t\t\t\t<\/div>\n\t\t<\/div>\n\t\t\t\t\t<\/div>\n\t\t<\/section>\n\t\t\t\t<section class=\"elementor-section elementor-top-section elementor-element elementor-element-34f26583 elementor-section-boxed elementor-section-height-default elementor-section-height-default\" data-id=\"34f26583\" data-element_type=\"section\" data-e-type=\"section\" data-settings=\"{&quot;_ha_eqh_enable&quot;:false}\">\n\t\t\t\t\t\t<div class=\"elementor-container elementor-column-gap-default\">\n\t\t\t\t\t<div class=\"elementor-column elementor-col-100 elementor-top-column elementor-element elementor-element-2e8ea1ef\" data-id=\"2e8ea1ef\" data-element_type=\"column\" data-e-type=\"column\">\n\t\t\t<div class=\"elementor-widget-wrap elementor-element-populated\">\n\t\t\t\t\t\t<div class=\"elementor-element elementor-element-2dccde20 elementor-widget elementor-widget-heading\" data-id=\"2dccde20\" data-element_type=\"widget\" data-e-type=\"widget\" data-widget_type=\"heading.default\">\n\t\t\t\t<div class=\"elementor-widget-container\">\n\t\t\t\t\t<h3 class=\"elementor-heading-title elementor-size-default\">CONTENIDO<\/h3>\t\t\t\t<\/div>\n\t\t\t\t<\/div>\n\t\t\t\t\t<\/div>\n\t\t<\/div>\n\t\t\t\t\t<\/div>\n\t\t<\/section>\n\t\t\t\t<section class=\"elementor-section elementor-top-section elementor-element elementor-element-180c7fb0 elementor-section-boxed elementor-section-height-default elementor-section-height-default\" data-id=\"180c7fb0\" data-element_type=\"section\" data-e-type=\"section\" data-settings=\"{&quot;_ha_eqh_enable&quot;:false}\">\n\t\t\t\t\t\t<div class=\"elementor-container elementor-column-gap-default\">\n\t\t\t\t\t<div class=\"elementor-column elementor-col-20 elementor-top-column elementor-element elementor-element-4fe95ee1\" data-id=\"4fe95ee1\" data-element_type=\"column\" data-e-type=\"column\">\n\t\t\t<div class=\"elementor-widget-wrap elementor-element-populated\">\n\t\t\t\t\t\t<div class=\"elementor-element elementor-element-521e891f elementor-widget elementor-widget-heading\" data-id=\"521e891f\" data-element_type=\"widget\" data-e-type=\"widget\" data-widget_type=\"heading.default\">\n\t\t\t\t<div class=\"elementor-widget-container\">\n\t\t\t\t\t<h4 class=\"elementor-heading-title elementor-size-default\">-<\/h4>\t\t\t\t<\/div>\n\t\t\t\t<\/div>\n\t\t\t\t<div class=\"elementor-element elementor-element-b62e134 elementor-widget elementor-widget-text-editor\" data-id=\"b62e134\" data-element_type=\"widget\" data-e-type=\"widget\" data-widget_type=\"text-editor.default\">\n\t\t\t\t<div class=\"elementor-widget-container\">\n\t\t\t\t\t\t\t\t\t<p><strong>&#8211; NOTIFICACI\u00d3N<br \/><\/strong><strong>&#8211; INTRODUCCI\u00d3N<br \/><\/strong><strong>&#8211; C\u00d3MO ENTRENAR<br \/><\/strong><strong>&#8211; REKISHI<br \/><\/strong><strong>&#8211; DENKEI<\/strong><\/p>\t\t\t\t\t\t\t\t<\/div>\n\t\t\t\t<\/div>\n\t\t\t\t\t<\/div>\n\t\t<\/div>\n\t\t\t\t<div class=\"elementor-column elementor-col-20 elementor-top-column elementor-element elementor-element-3cca0ba\" data-id=\"3cca0ba\" data-element_type=\"column\" data-e-type=\"column\">\n\t\t\t<div class=\"elementor-widget-wrap elementor-element-populated\">\n\t\t\t\t\t\t<div class=\"elementor-element elementor-element-2e602532 elementor-widget elementor-widget-heading\" data-id=\"2e602532\" data-element_type=\"widget\" data-e-type=\"widget\" data-widget_type=\"heading.default\">\n\t\t\t\t<div class=\"elementor-widget-container\">\n\t\t\t\t\t<h4 class=\"elementor-heading-title elementor-size-default\">NINP\u014c TAIJUTSU<\/h4>\t\t\t\t<\/div>\n\t\t\t\t<\/div>\n\t\t\t\t<div class=\"elementor-element elementor-element-7eb52829 elementor-widget elementor-widget-text-editor\" data-id=\"7eb52829\" data-element_type=\"widget\" data-e-type=\"widget\" data-widget_type=\"text-editor.default\">\n\t\t\t\t<div class=\"elementor-widget-container\">\n\t\t\t\t\t\t\t\t\t<p><strong>\u2013 KIHON GATA<br \/><\/strong><strong>\u2013 KAMAE<br \/><\/strong><strong>\u2013 TAIJUTSU UKEMI GATA<br \/><\/strong><strong>\u2013 SHINOBI GAESHI GATA<br \/><\/strong><strong>\u2013 HIDEN GATA<br \/><\/strong><strong>\u2013 SANT\u014c TONK\u014c NO KATA<\/strong><\/p>\t\t\t\t\t\t\t\t<\/div>\n\t\t\t\t<\/div>\n\t\t\t\t\t<\/div>\n\t\t<\/div>\n\t\t\t\t<div class=\"elementor-column elementor-col-20 elementor-top-column elementor-element elementor-element-70c51939\" data-id=\"70c51939\" data-element_type=\"column\" data-e-type=\"column\">\n\t\t\t<div class=\"elementor-widget-wrap elementor-element-populated\">\n\t\t\t\t\t\t<div class=\"elementor-element elementor-element-635962da elementor-widget elementor-widget-heading\" data-id=\"635962da\" data-element_type=\"widget\" data-e-type=\"widget\" data-widget_type=\"heading.default\">\n\t\t\t\t<div class=\"elementor-widget-container\">\n\t\t\t\t\t<h4 class=\"elementor-heading-title elementor-size-default\">NINJA BIKEN<\/h4>\t\t\t\t<\/div>\n\t\t\t\t<\/div>\n\t\t\t\t<div class=\"elementor-element elementor-element-2f5de236 elementor-widget elementor-widget-text-editor\" data-id=\"2f5de236\" data-element_type=\"widget\" data-e-type=\"widget\" data-widget_type=\"text-editor.default\">\n\t\t\t\t<div class=\"elementor-widget-container\">\n\t\t\t\t\t\t\t\t\t<p><strong>\u2013 KIHON<br \/>\u2013 KAMAE<br \/>\u2013 HAPP\u014c BIKEN<br \/>\u2013 TE NO UCHI<br \/>\u2013 SAGEO NO KATA<\/strong><\/p>\t\t\t\t\t\t\t\t<\/div>\n\t\t\t\t<\/div>\n\t\t\t\t\t<\/div>\n\t\t<\/div>\n\t\t\t\t<div class=\"elementor-column elementor-col-20 elementor-top-column elementor-element elementor-element-557916f9\" data-id=\"557916f9\" data-element_type=\"column\" data-e-type=\"column\">\n\t\t\t<div class=\"elementor-widget-wrap elementor-element-populated\">\n\t\t\t\t\t\t<div class=\"elementor-element elementor-element-2e2f7b95 elementor-widget elementor-widget-heading\" data-id=\"2e2f7b95\" data-element_type=\"widget\" data-e-type=\"widget\" data-widget_type=\"heading.default\">\n\t\t\t\t<div class=\"elementor-widget-container\">\n\t\t\t\t\t<h4 class=\"elementor-heading-title elementor-size-default\">TONK\u014c NO JUTSU<\/h4>\t\t\t\t<\/div>\n\t\t\t\t<\/div>\n\t\t\t\t<div class=\"elementor-element elementor-element-4686d9db elementor-widget elementor-widget-text-editor\" data-id=\"4686d9db\" data-element_type=\"widget\" data-e-type=\"widget\" data-widget_type=\"text-editor.default\">\n\t\t\t\t<div class=\"elementor-widget-container\">\n\t\t\t\t\t\t\t\t\t<p><strong>\u2013 MOKUTON NO JUTSU<br \/>\u2013 KATON NO JUTSU<br \/>\u2013 DOTON NO JUTSU<br \/>\u2013 KINTON NO JUTSU<br \/>\u2013 SUITON NO JUTSU<br \/>\u2013 JINTON NO JUTSU<br \/>\u2013 KINTON, JUTON, CHUTON, GYOTON NO JUTSU<br \/>\u2013 TENTON NO JUTSU<br \/>\u2013 ANKOKU T\u014cSHI NO JUTSU<br \/><\/strong><\/p>\t\t\t\t\t\t\t\t<\/div>\n\t\t\t\t<\/div>\n\t\t\t\t\t<\/div>\n\t\t<\/div>\n\t\t\t\t<div class=\"elementor-column elementor-col-20 elementor-top-column elementor-element elementor-element-4ee476d1\" data-id=\"4ee476d1\" data-element_type=\"column\" data-e-type=\"column\">\n\t\t\t<div class=\"elementor-widget-wrap elementor-element-populated\">\n\t\t\t\t\t\t<div class=\"elementor-element elementor-element-f18b3b6 elementor-widget elementor-widget-heading\" data-id=\"f18b3b6\" data-element_type=\"widget\" data-e-type=\"widget\" data-widget_type=\"heading.default\">\n\t\t\t\t<div class=\"elementor-widget-container\">\n\t\t\t\t\t<h4 class=\"elementor-heading-title elementor-size-default\">-<\/h4>\t\t\t\t<\/div>\n\t\t\t\t<\/div>\n\t\t\t\t<div class=\"elementor-element elementor-element-8000bb7 elementor-widget elementor-widget-text-editor\" data-id=\"8000bb7\" data-element_type=\"widget\" data-e-type=\"widget\" data-widget_type=\"text-editor.default\">\n\t\t\t\t<div class=\"elementor-widget-container\">\n\t\t\t\t\t\t\t\t\t<p><strong>&#8211; OTRAS ESCUELAS DE NINJUTSU<br \/><\/strong><strong>&#8211; LA ESENCIA DEL NINJUTSU<\/strong><\/p>\t\t\t\t\t\t\t\t<\/div>\n\t\t\t\t<\/div>\n\t\t\t\t\t<\/div>\n\t\t<\/div>\n\t\t\t\t\t<\/div>\n\t\t<\/section>\n\t\t\t\t<\/div>","protected":false},"excerpt":{"rendered":"<p>TOGAKURE RY\u016a NINJUTSU (ESPA\u00d1OL) ENGLISH VERSION VERS\u00c3O EM PORTUGU\u00caS COMPRAR EN AMAZON Este libro contiene t\u00e9cnicas de\u00a0Togakure Ry\u016b Ninjutsu\u00a0descritas paso a paso. Es muy importante destacar que este programa no debe ser utilizado como \u00fanica fuente de estudio, es imprescindible estar bajo la supervisi\u00f3n de un instructor calificado. La b\u00fasqueda del aprendizaje debe ser constante [&hellip;]<\/p>\n","protected":false},"author":1,"featured_media":9136,"parent":0,"menu_order":0,"comment_status":"closed","ping_status":"closed","template":"","meta":{"footnotes":""},"class_list":["post-9747","page","type-page","status-publish","has-post-thumbnail","hentry"],"_links":{"self":[{"href":"https:\/\/denshoseries.com\/en\/wp-json\/wp\/v2\/pages\/9747","targetHints":{"allow":["GET"]}}],"collection":[{"href":"https:\/\/denshoseries.com\/en\/wp-json\/wp\/v2\/pages"}],"about":[{"href":"https:\/\/denshoseries.com\/en\/wp-json\/wp\/v2\/types\/page"}],"author":[{"embeddable":true,"href":"https:\/\/denshoseries.com\/en\/wp-json\/wp\/v2\/users\/1"}],"replies":[{"embeddable":true,"href":"https:\/\/denshoseries.com\/en\/wp-json\/wp\/v2\/comments?post=9747"}],"version-history":[{"count":23,"href":"https:\/\/denshoseries.com\/en\/wp-json\/wp\/v2\/pages\/9747\/revisions"}],"predecessor-version":[{"id":9798,"href":"https:\/\/denshoseries.com\/en\/wp-json\/wp\/v2\/pages\/9747\/revisions\/9798"}],"wp:featuredmedia":[{"embeddable":true,"href":"https:\/\/denshoseries.com\/en\/wp-json\/wp\/v2\/media\/9136"}],"wp:attachment":[{"href":"https:\/\/denshoseries.com\/en\/wp-json\/wp\/v2\/media?parent=9747"}],"curies":[{"name":"wp","href":"https:\/\/api.w.org\/{rel}","templated":true}]}}