{"id":9689,"date":"2023-10-15T19:46:05","date_gmt":"2023-10-15T22:46:05","guid":{"rendered":"https:\/\/denshoseries.com\/?page_id=9689"},"modified":"2025-04-15T00:51:34","modified_gmt":"2025-04-15T03:51:34","slug":"libros-en-espanol","status":"publish","type":"page","link":"https:\/\/denshoseries.com\/en\/libros-en-espanol\/","title":{"rendered":"Libros de Bujinkan Ninjutsu en Espa\u00f1ol"},"content":{"rendered":"<div data-elementor-type=\"wp-page\" data-elementor-id=\"9689\" class=\"elementor elementor-9689\" data-elementor-settings=\"{&quot;ha_cmc_init_switcher&quot;:&quot;no&quot;}\">\n\t\t\t\t\t\t<section class=\"elementor-section elementor-top-section elementor-element elementor-element-0f2915c elementor-section-boxed elementor-section-height-default elementor-section-height-default\" data-id=\"0f2915c\" data-element_type=\"section\" data-e-type=\"section\" data-settings=\"{&quot;_ha_eqh_enable&quot;:false}\">\n\t\t\t\t\t\t<div class=\"elementor-container elementor-column-gap-default\">\n\t\t\t\t\t<div class=\"elementor-column elementor-col-25 elementor-top-column elementor-element elementor-element-142a3ca\" data-id=\"142a3ca\" data-element_type=\"column\" data-e-type=\"column\">\n\t\t\t<div class=\"elementor-widget-wrap elementor-element-populated\">\n\t\t\t\t\t\t<div class=\"elementor-element elementor-element-ce4d25a elementor-widget__width-auto ha-has-bg-overlay elementor-widget elementor-widget-image\" data-id=\"ce4d25a\" data-element_type=\"widget\" data-e-type=\"widget\" data-widget_type=\"image.default\">\n\t\t\t\t<div class=\"elementor-widget-container\">\n\t\t\t\t\t\t\t\t\t\t\t\t<figure class=\"wp-caption\">\n\t\t\t\t\t\t\t\t\t\t\t<a href=\"https:\/\/www.amazon.com\/dp\/B0CPVS84CC\" target=\"_blank\">\n\t\t\t\t\t\t\t<img decoding=\"async\" src=\"https:\/\/denshoseries.com\/wp-content\/uploads\/elementor\/thumbs\/TEN-CHI-JIN-RYAKU-NO-MAKI-capa-ptpuekqngadj635o8vd5j0wrupqhkoeo12isnsbghs.webp\" title=\"TEN-CHI-JIN-RYAKU-NO-MAKI-capa\" alt=\"TEN-CHI-JIN-RYAKU-NO-MAKI-capa\" loading=\"lazy\" \/>\t\t\t\t\t\t\t\t<\/a>\n\t\t\t\t\t\t\t\t\t\t\t<figcaption class=\"widget-image-caption wp-caption-text\">TEN CHI JIN RYAKU NO MAKI<\/figcaption>\n\t\t\t\t\t\t\t\t\t\t<\/figure>\n\t\t\t\t\t\t\t\t\t<\/div>\n\t\t\t\t<\/div>\n\t\t\t\t\t<\/div>\n\t\t<\/div>\n\t\t\t\t<div class=\"elementor-column elementor-col-25 elementor-top-column elementor-element elementor-element-86de32b\" data-id=\"86de32b\" data-element_type=\"column\" data-e-type=\"column\">\n\t\t\t<div class=\"elementor-widget-wrap elementor-element-populated\">\n\t\t\t\t\t\t<div class=\"elementor-element elementor-element-3c315256 elementor-widget__width-auto ha-has-bg-overlay elementor-widget elementor-widget-image\" data-id=\"3c315256\" data-element_type=\"widget\" data-e-type=\"widget\" data-widget_type=\"image.default\">\n\t\t\t\t<div class=\"elementor-widget-container\">\n\t\t\t\t\t\t\t\t\t\t\t\t<figure class=\"wp-caption\">\n\t\t\t\t\t\t\t\t\t\t\t<a href=\"https:\/\/www.amazon.com\/dp\/B0CL3T7T9C\" target=\"_blank\">\n\t\t\t\t\t\t\t<img decoding=\"async\" src=\"https:\/\/denshoseries.com\/wp-content\/uploads\/elementor\/thumbs\/TOGAKURE-RYU-DENSHO-capa-qb1h0jdvhhb8rbnvn9eb710omik2m1ko8dc441k3ls.webp\" title=\"TOGAKURE-RY\u00db-DENSH\u00d4-capa\" alt=\"TOGAKURE-RY\u00db-DENSH\u00d4-capa\" loading=\"lazy\" \/>\t\t\t\t\t\t\t\t<\/a>\n\t\t\t\t\t\t\t\t\t\t\t<figcaption class=\"widget-image-caption wp-caption-text\">TOGAKURE RY\u016a NINJUTSU<\/figcaption>\n\t\t\t\t\t\t\t\t\t\t<\/figure>\n\t\t\t\t\t\t\t\t\t<\/div>\n\t\t\t\t<\/div>\n\t\t\t\t\t<\/div>\n\t\t<\/div>\n\t\t\t\t<div class=\"elementor-column elementor-col-25 elementor-top-column elementor-element elementor-element-85afc8b\" data-id=\"85afc8b\" data-element_type=\"column\" data-e-type=\"column\">\n\t\t\t<div class=\"elementor-widget-wrap elementor-element-populated\">\n\t\t\t\t\t\t<div class=\"elementor-element elementor-element-e9a4586 elementor-widget__width-auto ha-has-bg-overlay elementor-widget elementor-widget-image\" data-id=\"e9a4586\" data-element_type=\"widget\" data-e-type=\"widget\" data-widget_type=\"image.default\">\n\t\t\t\t<div class=\"elementor-widget-container\">\n\t\t\t\t\t\t\t\t\t\t\t\t<figure class=\"wp-caption\">\n\t\t\t\t\t\t\t\t\t\t\t<a href=\"https:\/\/www.amazon.com\/-\/pt\/gp\/product\/B0CP2NR1NP\" target=\"_blank\">\n\t\t\t\t\t\t\t<img decoding=\"async\" src=\"https:\/\/denshoseries.com\/wp-content\/uploads\/elementor\/thumbs\/TOGAKURE-RYU-KYOKETSU-SHOGE-DENSHO-capa-qfz4dk8nd8yqq1cmhr2vfiymi9ae40pwc1ahfwrbr4.webp\" title=\"TOGAKURE-RY\u00db-KYOKETSU-SHOGE-DENSH\u00d4-capa\" alt=\"TOGAKURE-RY\u00db-KYOKETSU-SHOGE-DENSH\u00d4-capa\" loading=\"lazy\" \/>\t\t\t\t\t\t\t\t<\/a>\n\t\t\t\t\t\t\t\t\t\t\t<figcaption class=\"widget-image-caption wp-caption-text\">TOGAKURE RY\u016a KYOKETSU SHOGE<\/figcaption>\n\t\t\t\t\t\t\t\t\t\t<\/figure>\n\t\t\t\t\t\t\t\t\t<\/div>\n\t\t\t\t<\/div>\n\t\t\t\t\t<\/div>\n\t\t<\/div>\n\t\t\t\t<div class=\"elementor-column elementor-col-25 elementor-top-column elementor-element elementor-element-1e287ee\" data-id=\"1e287ee\" data-element_type=\"column\" data-e-type=\"column\">\n\t\t\t<div class=\"elementor-widget-wrap elementor-element-populated\">\n\t\t\t\t\t\t<div class=\"elementor-element elementor-element-563f95b3 elementor-widget__width-auto ha-has-bg-overlay elementor-widget elementor-widget-image\" data-id=\"563f95b3\" data-element_type=\"widget\" data-e-type=\"widget\" data-widget_type=\"image.default\">\n\t\t\t\t<div class=\"elementor-widget-container\">\n\t\t\t\t\t\t\t\t\t\t\t\t<figure class=\"wp-caption\">\n\t\t\t\t\t\t\t\t\t\t\t<a href=\"https:\/\/www.amazon.com\/dp\/B0CM6JPKPM\" target=\"_blank\">\n\t\t\t\t\t\t\t<img decoding=\"async\" src=\"https:\/\/denshoseries.com\/wp-content\/uploads\/elementor\/thumbs\/GYOKKO-RYU-DENSHO-capa-qtpe7d48bton28cp1j4q8g6pl0u5kf6v9s6s3vnzuo.webp\" title=\"GYOKKO-RY\u00db-DENSH\u00d4-capa\" alt=\"GYOKKO-RY\u00db-DENSH\u00d4-capa\" loading=\"lazy\" \/>\t\t\t\t\t\t\t\t<\/a>\n\t\t\t\t\t\t\t\t\t\t\t<figcaption class=\"widget-image-caption wp-caption-text\">GYOKKO RY\u016a KOSSHI JUTSU<\/figcaption>\n\t\t\t\t\t\t\t\t\t\t<\/figure>\n\t\t\t\t\t\t\t\t\t<\/div>\n\t\t\t\t<\/div>\n\t\t\t\t\t<\/div>\n\t\t<\/div>\n\t\t\t\t\t<\/div>\n\t\t<\/section>\n\t\t\t\t<section class=\"elementor-section elementor-top-section elementor-element elementor-element-ebd62f9 elementor-section-boxed elementor-section-height-default elementor-section-height-default\" data-id=\"ebd62f9\" data-element_type=\"section\" data-e-type=\"section\" data-settings=\"{&quot;_ha_eqh_enable&quot;:false}\">\n\t\t\t\t\t\t<div class=\"elementor-container elementor-column-gap-default\">\n\t\t\t\t\t<div class=\"elementor-column elementor-col-25 elementor-top-column elementor-element elementor-element-04a10f7\" data-id=\"04a10f7\" data-element_type=\"column\" data-e-type=\"column\">\n\t\t\t<div class=\"elementor-widget-wrap elementor-element-populated\">\n\t\t\t\t\t\t<div class=\"elementor-element elementor-element-a3b8309 elementor-widget__width-auto ha-has-bg-overlay elementor-widget elementor-widget-image\" data-id=\"a3b8309\" data-element_type=\"widget\" data-e-type=\"widget\" data-widget_type=\"image.default\">\n\t\t\t\t<div class=\"elementor-widget-container\">\n\t\t\t\t\t\t\t\t\t\t\t\t<figure class=\"wp-caption\">\n\t\t\t\t\t\t\t\t\t\t\t<a href=\"https:\/\/www.amazon.com\/-\/pt\/gp\/product\/B0CPM7RBT1\" target=\"_blank\">\n\t\t\t\t\t\t\t<img decoding=\"async\" src=\"https:\/\/denshoseries.com\/wp-content\/uploads\/elementor\/thumbs\/KOTO-RYU-DENSHO-capa-ptpwbeh7vklda76mcmdq3nntqei16tn45q6pp69ow0.webp\" title=\"KOT\u00d4-RY\u00db-DENSH\u00d4-capa\" alt=\"KOT\u00d4-RY\u00db-DENSH\u00d4-capa\" loading=\"lazy\" \/>\t\t\t\t\t\t\t\t<\/a>\n\t\t\t\t\t\t\t\t\t\t\t<figcaption class=\"widget-image-caption wp-caption-text\">KOT\u014c RY\u016a KOPP\u014c JUTSU<\/figcaption>\n\t\t\t\t\t\t\t\t\t\t<\/figure>\n\t\t\t\t\t\t\t\t\t<\/div>\n\t\t\t\t<\/div>\n\t\t\t\t\t<\/div>\n\t\t<\/div>\n\t\t\t\t<div class=\"elementor-column elementor-col-25 elementor-top-column elementor-element elementor-element-bddb3a3\" data-id=\"bddb3a3\" data-element_type=\"column\" data-e-type=\"column\">\n\t\t\t<div class=\"elementor-widget-wrap elementor-element-populated\">\n\t\t\t\t\t\t<div class=\"elementor-element elementor-element-e770fff elementor-widget__width-auto ha-has-bg-overlay elementor-widget elementor-widget-image\" data-id=\"e770fff\" data-element_type=\"widget\" data-e-type=\"widget\" data-widget_type=\"image.default\">\n\t\t\t\t<div class=\"elementor-widget-container\">\n\t\t\t\t\t\t\t\t\t\t\t\t<figure class=\"wp-caption\">\n\t\t\t\t\t\t\t\t\t\t\t<a href=\"https:\/\/www.amazon.com\/-\/pt\/gp\/product\/B0CPSTSMZ3\" target=\"_blank\">\n\t\t\t\t\t\t\t<img decoding=\"async\" src=\"https:\/\/denshoseries.com\/wp-content\/uploads\/elementor\/thumbs\/HANBO-JUTSU-DENSHO-capa-qdl8h2guzo10zj5bx1kb8u58tiop57pqu55s0myzwg.webp\" title=\"HANB\u00d4-JUTSU-DENSH\u00d4-capa\" alt=\"HANB\u00d4-JUTSU-DENSH\u00d4-capa\" loading=\"lazy\" \/>\t\t\t\t\t\t\t\t<\/a>\n\t\t\t\t\t\t\t\t\t\t\t<figcaption class=\"widget-image-caption wp-caption-text\">HANB\u014c JUTSU<\/figcaption>\n\t\t\t\t\t\t\t\t\t\t<\/figure>\n\t\t\t\t\t\t\t\t\t<\/div>\n\t\t\t\t<\/div>\n\t\t\t\t\t<\/div>\n\t\t<\/div>\n\t\t\t\t<div class=\"elementor-column elementor-col-25 elementor-top-column elementor-element elementor-element-9fe1f18\" data-id=\"9fe1f18\" data-element_type=\"column\" data-e-type=\"column\">\n\t\t\t<div class=\"elementor-widget-wrap elementor-element-populated\">\n\t\t\t\t\t\t<div class=\"elementor-element elementor-element-216c6ab elementor-widget__width-auto ha-has-bg-overlay elementor-widget elementor-widget-image\" data-id=\"216c6ab\" data-element_type=\"widget\" data-e-type=\"widget\" data-widget_type=\"image.default\">\n\t\t\t\t<div class=\"elementor-widget-container\">\n\t\t\t\t\t\t\t\t\t\t\t\t<figure class=\"wp-caption\">\n\t\t\t\t\t\t\t\t\t\t\t<a href=\"https:\/\/www.amazon.com\/dp\/B0CPT1MHLW\" target=\"_blank\">\n\t\t\t\t\t\t\t<img decoding=\"async\" src=\"https:\/\/denshoseries.com\/wp-content\/uploads\/elementor\/thumbs\/JUTTE-JUTSU-DENSHO-capa-qdubqwq33ch9ypd88t47mqbcnvhse6szcu7qx9x45c.webp\" title=\"JUTTE-JUTSU-DENSH\u00d4-capa\" alt=\"JUTTE-JUTSU-DENSH\u00d4-capa\" loading=\"lazy\" \/>\t\t\t\t\t\t\t\t<\/a>\n\t\t\t\t\t\t\t\t\t\t\t<figcaption class=\"widget-image-caption wp-caption-text\">JUTTE JUTSU - KUKISHINDEN RY\u016a<\/figcaption>\n\t\t\t\t\t\t\t\t\t\t<\/figure>\n\t\t\t\t\t\t\t\t\t<\/div>\n\t\t\t\t<\/div>\n\t\t\t\t\t<\/div>\n\t\t<\/div>\n\t\t\t\t<div class=\"elementor-column elementor-col-25 elementor-top-column elementor-element elementor-element-1636555\" data-id=\"1636555\" data-element_type=\"column\" data-e-type=\"column\">\n\t\t\t<div class=\"elementor-widget-wrap elementor-element-populated\">\n\t\t\t\t\t\t<div class=\"elementor-element elementor-element-c44475e elementor-widget__width-auto ha-has-bg-overlay elementor-widget elementor-widget-image\" data-id=\"c44475e\" data-element_type=\"widget\" data-e-type=\"widget\" data-widget_type=\"image.default\">\n\t\t\t\t<div class=\"elementor-widget-container\">\n\t\t\t\t\t\t\t\t\t\t\t\t<figure class=\"wp-caption\">\n\t\t\t\t\t\t\t\t\t\t\t<a href=\"https:\/\/www.amazon.com\/-\/pt\/gp\/product\/B0CPM72Q4W\" target=\"_blank\">\n\t\t\t\t\t\t\t<img decoding=\"async\" src=\"https:\/\/denshoseries.com\/wp-content\/uploads\/elementor\/thumbs\/Manutencao-de-Katana-capa-ES-qgjjx9idjtoiau3tmqysggs5dm7huhatme3ydv1h6o.webp\" title=\"Manutencao-de-Katana-capa-ES\" alt=\"Manutencao-de-Katana-capa-ES\" loading=\"lazy\" \/>\t\t\t\t\t\t\t\t<\/a>\n\t\t\t\t\t\t\t\t\t\t\t<figcaption class=\"widget-image-caption wp-caption-text\">GU\u00cdA DE MANTENIMIENTO DE KATANA<\/figcaption>\n\t\t\t\t\t\t\t\t\t\t<\/figure>\n\t\t\t\t\t\t\t\t\t<\/div>\n\t\t\t\t<\/div>\n\t\t\t\t\t<\/div>\n\t\t<\/div>\n\t\t\t\t\t<\/div>\n\t\t<\/section>\n\t\t\t\t<\/div>","protected":false},"excerpt":{"rendered":"<p>VERSI\u00d3N EN ESPA\u00d1OL TEN CHI JIN RYAKU NO MAKI TOGAKURE RY\u016a NINJUTSU TOGAKURE RY\u016a KYOKETSU SHOGE GYOKKO RY\u016a KOSSHI JUTSU KOT\u014c RY\u016a KOPP\u014c JUTSU HANB\u014c JUTSU JUTTE JUTSU &#8211; KUKISHINDEN RY\u016a GU\u00cdA DE MANTENIMIENTO DE KATANA<\/p>","protected":false},"author":1,"featured_media":0,"parent":0,"menu_order":0,"comment_status":"closed","ping_status":"closed","template":"","meta":{"footnotes":""},"class_list":["post-9689","page","type-page","status-publish","hentry"],"_links":{"self":[{"href":"https:\/\/denshoseries.com\/en\/wp-json\/wp\/v2\/pages\/9689","targetHints":{"allow":["GET"]}}],"collection":[{"href":"https:\/\/denshoseries.com\/en\/wp-json\/wp\/v2\/pages"}],"about":[{"href":"https:\/\/denshoseries.com\/en\/wp-json\/wp\/v2\/types\/page"}],"author":[{"embeddable":true,"href":"https:\/\/denshoseries.com\/en\/wp-json\/wp\/v2\/users\/1"}],"replies":[{"embeddable":true,"href":"https:\/\/denshoseries.com\/en\/wp-json\/wp\/v2\/comments?post=9689"}],"version-history":[{"count":38,"href":"https:\/\/denshoseries.com\/en\/wp-json\/wp\/v2\/pages\/9689\/revisions"}],"predecessor-version":[{"id":10352,"href":"https:\/\/denshoseries.com\/en\/wp-json\/wp\/v2\/pages\/9689\/revisions\/10352"}],"wp:attachment":[{"href":"https:\/\/denshoseries.com\/en\/wp-json\/wp\/v2\/media?parent=9689"}],"curies":[{"name":"wp","href":"https:\/\/api.w.org\/{rel}","templated":true}]}}