{"id":9677,"date":"2023-10-15T19:32:12","date_gmt":"2023-10-15T22:32:12","guid":{"rendered":"https:\/\/denshoseries.com\/?page_id=9677"},"modified":"2025-04-15T00:49:28","modified_gmt":"2025-04-15T03:49:28","slug":"english-books","status":"publish","type":"page","link":"https:\/\/denshoseries.com\/en\/english-books\/","title":{"rendered":"English Bujinkan Ninjutsu Books"},"content":{"rendered":"<div data-elementor-type=\"wp-page\" data-elementor-id=\"9677\" class=\"elementor elementor-9677\" data-elementor-settings=\"{&quot;ha_cmc_init_switcher&quot;:&quot;no&quot;}\">\n\t\t\t\t\t\t<section class=\"elementor-section elementor-top-section elementor-element elementor-element-4d94ae8d elementor-section-boxed elementor-section-height-default elementor-section-height-default\" data-id=\"4d94ae8d\" data-element_type=\"section\" data-e-type=\"section\" data-settings=\"{&quot;_ha_eqh_enable&quot;:false}\">\n\t\t\t\t\t\t<div class=\"elementor-container elementor-column-gap-default\">\n\t\t\t\t\t<div class=\"elementor-column elementor-col-100 elementor-top-column elementor-element elementor-element-58697323\" data-id=\"58697323\" data-element_type=\"column\" data-e-type=\"column\" data-settings=\"{&quot;background_background&quot;:&quot;gradient&quot;}\">\n\t\t\t<div class=\"elementor-widget-wrap elementor-element-populated\">\n\t\t\t\t\t\t<div class=\"elementor-element elementor-element-462b6edf elementor-widget elementor-widget-text-editor\" data-id=\"462b6edf\" data-element_type=\"widget\" data-e-type=\"widget\" data-widget_type=\"text-editor.default\">\n\t\t\t\t<div class=\"elementor-widget-container\">\n\t\t\t\t\t\t\t\t\t<p style=\"text-align: center;\">ENGLISH VERSION<\/p>\t\t\t\t\t\t\t\t<\/div>\n\t\t\t\t<\/div>\n\t\t\t\t<div class=\"elementor-element elementor-element-6775a670 elementor-widget-divider--view-line elementor-widget elementor-widget-divider\" data-id=\"6775a670\" data-element_type=\"widget\" data-e-type=\"widget\" data-widget_type=\"divider.default\">\n\t\t\t\t<div class=\"elementor-widget-container\">\n\t\t\t\t\t\t\t<div class=\"elementor-divider\">\n\t\t\t<span class=\"elementor-divider-separator\">\n\t\t\t\t\t\t<\/span>\n\t\t<\/div>\n\t\t\t\t\t\t<\/div>\n\t\t\t\t<\/div>\n\t\t\t\t\t<\/div>\n\t\t<\/div>\n\t\t\t\t\t<\/div>\n\t\t<\/section>\n\t\t\t\t<section class=\"elementor-section elementor-top-section elementor-element elementor-element-78a991fb elementor-section-boxed elementor-section-height-default elementor-section-height-default\" data-id=\"78a991fb\" data-element_type=\"section\" data-e-type=\"section\" data-settings=\"{&quot;_ha_eqh_enable&quot;:false}\">\n\t\t\t\t\t\t<div class=\"elementor-container elementor-column-gap-default\">\n\t\t\t\t\t<div class=\"elementor-column elementor-col-25 elementor-top-column elementor-element elementor-element-1ca054f4\" data-id=\"1ca054f4\" data-element_type=\"column\" data-e-type=\"column\">\n\t\t\t<div class=\"elementor-widget-wrap elementor-element-populated\">\n\t\t\t\t\t\t<div class=\"elementor-element elementor-element-1406c00b elementor-widget__width-auto ha-has-bg-overlay elementor-widget elementor-widget-image\" data-id=\"1406c00b\" data-element_type=\"widget\" data-e-type=\"widget\" data-widget_type=\"image.default\">\n\t\t\t\t<div class=\"elementor-widget-container\">\n\t\t\t\t\t\t\t\t\t\t\t\t<figure class=\"wp-caption\">\n\t\t\t\t\t\t\t\t\t\t\t<a href=\"https:\/\/www.amazon.com\/dp\/B0CKP2V6C6\" target=\"_blank\">\n\t\t\t\t\t\t\t<img decoding=\"async\" src=\"https:\/\/denshoseries.com\/wp-content\/uploads\/elementor\/thumbs\/TEN-CHI-JIN-RYAKU-NO-MAKI-capa-ptpuekqngadj635o8vd5j0wrupqhkoeo12isnsbghs.webp\" title=\"TEN-CHI-JIN-RYAKU-NO-MAKI-capa\" alt=\"TEN-CHI-JIN-RYAKU-NO-MAKI-capa\" loading=\"lazy\" \/>\t\t\t\t\t\t\t\t<\/a>\n\t\t\t\t\t\t\t\t\t\t\t<figcaption class=\"widget-image-caption wp-caption-text\">TEN CHI JIN RYAKU NO MAKI<\/figcaption>\n\t\t\t\t\t\t\t\t\t\t<\/figure>\n\t\t\t\t\t\t\t\t\t<\/div>\n\t\t\t\t<\/div>\n\t\t\t\t\t<\/div>\n\t\t<\/div>\n\t\t\t\t<div class=\"elementor-column elementor-col-25 elementor-top-column elementor-element elementor-element-60270811\" data-id=\"60270811\" data-element_type=\"column\" data-e-type=\"column\">\n\t\t\t<div class=\"elementor-widget-wrap elementor-element-populated\">\n\t\t\t\t\t\t<div class=\"elementor-element elementor-element-b1570b elementor-widget__width-auto ha-has-bg-overlay elementor-widget elementor-widget-image\" data-id=\"b1570b\" data-element_type=\"widget\" data-e-type=\"widget\" data-widget_type=\"image.default\">\n\t\t\t\t<div class=\"elementor-widget-container\">\n\t\t\t\t\t\t\t\t\t\t\t\t<figure class=\"wp-caption\">\n\t\t\t\t\t\t\t\t\t\t\t<a href=\"https:\/\/www.amazon.com\/dp\/B0D1WG9LMY\" target=\"_blank\">\n\t\t\t\t\t\t\t<img decoding=\"async\" src=\"https:\/\/denshoseries.com\/wp-content\/uploads\/elementor\/thumbs\/TOGAKURE-RYU-DENSHO-capa-qb1h0jdvhhb8rbnvn9eb710omik2m1ko8dc441k3ls.webp\" title=\"TOGAKURE-RY\u00db-DENSH\u00d4-capa\" alt=\"TOGAKURE-RY\u00db-DENSH\u00d4-capa\" loading=\"lazy\" \/>\t\t\t\t\t\t\t\t<\/a>\n\t\t\t\t\t\t\t\t\t\t\t<figcaption class=\"widget-image-caption wp-caption-text\">TOGAKURE RY\u016a NINJUTSU<\/figcaption>\n\t\t\t\t\t\t\t\t\t\t<\/figure>\n\t\t\t\t\t\t\t\t\t<\/div>\n\t\t\t\t<\/div>\n\t\t\t\t\t<\/div>\n\t\t<\/div>\n\t\t\t\t<div class=\"elementor-column elementor-col-25 elementor-top-column elementor-element elementor-element-ab6468d\" data-id=\"ab6468d\" data-element_type=\"column\" data-e-type=\"column\">\n\t\t\t<div class=\"elementor-widget-wrap elementor-element-populated\">\n\t\t\t\t\t\t<div class=\"elementor-element elementor-element-389f2e0 elementor-widget__width-auto ha-has-bg-overlay elementor-widget elementor-widget-image\" data-id=\"389f2e0\" data-element_type=\"widget\" data-e-type=\"widget\" data-widget_type=\"image.default\">\n\t\t\t\t<div class=\"elementor-widget-container\">\n\t\t\t\t\t\t\t\t\t\t\t\t<figure class=\"wp-caption\">\n\t\t\t\t\t\t\t\t\t\t\t<a href=\"https:\/\/www.amazon.com\/dp\/B0CP2JTTFB\" target=\"_blank\">\n\t\t\t\t\t\t\t<img decoding=\"async\" src=\"https:\/\/denshoseries.com\/wp-content\/uploads\/elementor\/thumbs\/TOGAKURE-RYU-KYOKETSU-SHOGE-DENSHO-capa-qfz4dk8nd8yqq1cmhr2vfiymi9ae40pwc1ahfwrbr4.webp\" title=\"TOGAKURE-RY\u00db-KYOKETSU-SHOGE-DENSH\u00d4-capa\" alt=\"TOGAKURE-RY\u00db-KYOKETSU-SHOGE-DENSH\u00d4-capa\" loading=\"lazy\" \/>\t\t\t\t\t\t\t\t<\/a>\n\t\t\t\t\t\t\t\t\t\t\t<figcaption class=\"widget-image-caption wp-caption-text\">TOGAKURE RY\u016a KYOKETSU SHOGE<\/figcaption>\n\t\t\t\t\t\t\t\t\t\t<\/figure>\n\t\t\t\t\t\t\t\t\t<\/div>\n\t\t\t\t<\/div>\n\t\t\t\t\t<\/div>\n\t\t<\/div>\n\t\t\t\t<div class=\"elementor-column elementor-col-25 elementor-top-column elementor-element elementor-element-8e60702\" data-id=\"8e60702\" data-element_type=\"column\" data-e-type=\"column\">\n\t\t\t<div class=\"elementor-widget-wrap elementor-element-populated\">\n\t\t\t\t\t\t<div class=\"elementor-element elementor-element-324eb5f4 elementor-widget__width-auto ha-has-bg-overlay elementor-widget elementor-widget-image\" data-id=\"324eb5f4\" data-element_type=\"widget\" data-e-type=\"widget\" data-widget_type=\"image.default\">\n\t\t\t\t<div class=\"elementor-widget-container\">\n\t\t\t\t\t\t\t\t\t\t\t\t<figure class=\"wp-caption\">\n\t\t\t\t\t\t\t\t\t\t\t<a href=\"https:\/\/www.amazon.com\/dp\/B0CKCLK3RC\" target=\"_blank\">\n\t\t\t\t\t\t\t<img decoding=\"async\" src=\"https:\/\/denshoseries.com\/wp-content\/uploads\/elementor\/thumbs\/GYOKKO-RYU-DENSHO-capa-qtpe7d48bton28cp1j4q8g6pl0u5kf6v9s6s3vnzuo.webp\" title=\"GYOKKO-RY\u00db-DENSH\u00d4-capa\" alt=\"GYOKKO-RY\u00db-DENSH\u00d4-capa\" loading=\"lazy\" \/>\t\t\t\t\t\t\t\t<\/a>\n\t\t\t\t\t\t\t\t\t\t\t<figcaption class=\"widget-image-caption wp-caption-text\">GYOKKO RY\u016a KOSSHI JUTSU<\/figcaption>\n\t\t\t\t\t\t\t\t\t\t<\/figure>\n\t\t\t\t\t\t\t\t\t<\/div>\n\t\t\t\t<\/div>\n\t\t\t\t\t<\/div>\n\t\t<\/div>\n\t\t\t\t\t<\/div>\n\t\t<\/section>\n\t\t\t\t<section class=\"elementor-section elementor-top-section elementor-element elementor-element-7338e717 elementor-section-boxed elementor-section-height-default elementor-section-height-default\" data-id=\"7338e717\" data-element_type=\"section\" data-e-type=\"section\" data-settings=\"{&quot;_ha_eqh_enable&quot;:false}\">\n\t\t\t\t\t\t<div class=\"elementor-container elementor-column-gap-default\">\n\t\t\t\t\t<div class=\"elementor-column elementor-col-25 elementor-top-column elementor-element elementor-element-2411e3c6\" data-id=\"2411e3c6\" data-element_type=\"column\" data-e-type=\"column\">\n\t\t\t<div class=\"elementor-widget-wrap elementor-element-populated\">\n\t\t\t\t\t\t<div class=\"elementor-element elementor-element-f9c1664 elementor-widget__width-auto ha-has-bg-overlay elementor-widget elementor-widget-image\" data-id=\"f9c1664\" data-element_type=\"widget\" data-e-type=\"widget\" data-widget_type=\"image.default\">\n\t\t\t\t<div class=\"elementor-widget-container\">\n\t\t\t\t\t\t\t\t\t\t\t\t<figure class=\"wp-caption\">\n\t\t\t\t\t\t\t\t\t\t\t<a href=\"https:\/\/www.amazon.com\/dp\/B0CL2H8YG3\" target=\"_blank\">\n\t\t\t\t\t\t\t<img decoding=\"async\" src=\"https:\/\/denshoseries.com\/wp-content\/uploads\/elementor\/thumbs\/KOTO-RYU-DENSHO-capa-ptpwbeh7vklda76mcmdq3nntqei16tn45q6pp69ow0.webp\" title=\"KOT\u00d4-RY\u00db-DENSH\u00d4-capa\" alt=\"KOT\u00d4-RY\u00db-DENSH\u00d4-capa\" loading=\"lazy\" \/>\t\t\t\t\t\t\t\t<\/a>\n\t\t\t\t\t\t\t\t\t\t\t<figcaption class=\"widget-image-caption wp-caption-text\">KOT\u014c RY\u016a KOPP\u014c JUTSU<\/figcaption>\n\t\t\t\t\t\t\t\t\t\t<\/figure>\n\t\t\t\t\t\t\t\t\t<\/div>\n\t\t\t\t<\/div>\n\t\t\t\t\t<\/div>\n\t\t<\/div>\n\t\t\t\t<div class=\"elementor-column elementor-col-25 elementor-top-column elementor-element elementor-element-701c4676\" data-id=\"701c4676\" data-element_type=\"column\" data-e-type=\"column\">\n\t\t\t<div class=\"elementor-widget-wrap elementor-element-populated\">\n\t\t\t\t\t\t<div class=\"elementor-element elementor-element-6a33204b elementor-widget__width-auto ha-has-bg-overlay elementor-widget elementor-widget-image\" data-id=\"6a33204b\" data-element_type=\"widget\" data-e-type=\"widget\" data-widget_type=\"image.default\">\n\t\t\t\t<div class=\"elementor-widget-container\">\n\t\t\t\t\t\t\t\t\t\t\t\t<figure class=\"wp-caption\">\n\t\t\t\t\t\t\t\t\t\t\t<a href=\"https:\/\/www.amazon.com\/dp\/B0CKV56CGT\" target=\"_blank\">\n\t\t\t\t\t\t\t<img decoding=\"async\" src=\"https:\/\/denshoseries.com\/wp-content\/uploads\/elementor\/thumbs\/HANBO-JUTSU-DENSHO-capa-qdl8h2guzo10zj5bx1kb8u58tiop57pqu55s0myzwg.webp\" title=\"HANB\u00d4-JUTSU-DENSH\u00d4-capa\" alt=\"HANB\u00d4-JUTSU-DENSH\u00d4-capa\" loading=\"lazy\" \/>\t\t\t\t\t\t\t\t<\/a>\n\t\t\t\t\t\t\t\t\t\t\t<figcaption class=\"widget-image-caption wp-caption-text\">HANB\u014c JUTSU<\/figcaption>\n\t\t\t\t\t\t\t\t\t\t<\/figure>\n\t\t\t\t\t\t\t\t\t<\/div>\n\t\t\t\t<\/div>\n\t\t\t\t\t<\/div>\n\t\t<\/div>\n\t\t\t\t<div class=\"elementor-column elementor-col-25 elementor-top-column elementor-element elementor-element-48e12484\" data-id=\"48e12484\" data-element_type=\"column\" data-e-type=\"column\">\n\t\t\t<div class=\"elementor-widget-wrap elementor-element-populated\">\n\t\t\t\t\t\t<div class=\"elementor-element elementor-element-68818c64 elementor-widget__width-auto ha-has-bg-overlay elementor-widget elementor-widget-image\" data-id=\"68818c64\" data-element_type=\"widget\" data-e-type=\"widget\" data-widget_type=\"image.default\">\n\t\t\t\t<div class=\"elementor-widget-container\">\n\t\t\t\t\t\t\t\t\t\t\t\t<figure class=\"wp-caption\">\n\t\t\t\t\t\t\t\t\t\t\t<a href=\"https:\/\/www.amazon.com\/dp\/B0CKTSLGWW\" target=\"_blank\">\n\t\t\t\t\t\t\t<img decoding=\"async\" src=\"https:\/\/denshoseries.com\/wp-content\/uploads\/elementor\/thumbs\/JUTTE-JUTSU-DENSHO-capa-qdubqwq33ch9ypd88t47mqbcnvhse6szcu7qx9x45c.webp\" title=\"JUTTE-JUTSU-DENSH\u00d4-capa\" alt=\"JUTTE-JUTSU-DENSH\u00d4-capa\" loading=\"lazy\" \/>\t\t\t\t\t\t\t\t<\/a>\n\t\t\t\t\t\t\t\t\t\t\t<figcaption class=\"widget-image-caption wp-caption-text\">JUTTE JUTSU - KUKISHINDEN RY\u016a<\/figcaption>\n\t\t\t\t\t\t\t\t\t\t<\/figure>\n\t\t\t\t\t\t\t\t\t<\/div>\n\t\t\t\t<\/div>\n\t\t\t\t\t<\/div>\n\t\t<\/div>\n\t\t\t\t<div class=\"elementor-column elementor-col-25 elementor-top-column elementor-element elementor-element-14a547c1\" data-id=\"14a547c1\" data-element_type=\"column\" data-e-type=\"column\">\n\t\t\t<div class=\"elementor-widget-wrap elementor-element-populated\">\n\t\t\t\t\t\t<div class=\"elementor-element elementor-element-c939a61 elementor-widget__width-auto ha-has-bg-overlay elementor-widget elementor-widget-image\" data-id=\"c939a61\" data-element_type=\"widget\" data-e-type=\"widget\" data-widget_type=\"image.default\">\n\t\t\t\t<div class=\"elementor-widget-container\">\n\t\t\t\t\t\t\t\t\t\t\t\t<figure class=\"wp-caption\">\n\t\t\t\t\t\t\t\t\t\t\t<a href=\"https:\/\/www.amazon.com\/-\/pt\/gp\/product\/B0CVTV7JL8\" target=\"_blank\">\n\t\t\t\t\t\t\t<img decoding=\"async\" src=\"https:\/\/denshoseries.com\/wp-content\/uploads\/elementor\/thumbs\/Capa-Kyusho-EN-qlk9f94m512m2ggjv49igf3f9m4md931itcgoncim8.webp\" title=\"Capa Kyusho &#8211; EN\" alt=\"Capa Kyusho - EN\" loading=\"lazy\" \/>\t\t\t\t\t\t\t\t<\/a>\n\t\t\t\t\t\t\t\t\t\t\t<figcaption class=\"widget-image-caption wp-caption-text\">KY\u016aSHO - VITAL POINTS<\/figcaption>\n\t\t\t\t\t\t\t\t\t\t<\/figure>\n\t\t\t\t\t\t\t\t\t<\/div>\n\t\t\t\t<\/div>\n\t\t\t\t\t<\/div>\n\t\t<\/div>\n\t\t\t\t\t<\/div>\n\t\t<\/section>\n\t\t\t\t<section class=\"elementor-section elementor-top-section elementor-element elementor-element-ffb0da1 elementor-section-boxed elementor-section-height-default elementor-section-height-default\" data-id=\"ffb0da1\" data-element_type=\"section\" data-e-type=\"section\" data-settings=\"{&quot;_ha_eqh_enable&quot;:false}\">\n\t\t\t\t\t\t<div class=\"elementor-container elementor-column-gap-default\">\n\t\t\t\t\t<div class=\"elementor-column elementor-col-100 elementor-top-column elementor-element elementor-element-155bd50\" data-id=\"155bd50\" data-element_type=\"column\" data-e-type=\"column\">\n\t\t\t<div class=\"elementor-widget-wrap elementor-element-populated\">\n\t\t\t\t\t\t<div class=\"elementor-element elementor-element-1fd87c6 elementor-widget__width-auto ha-has-bg-overlay elementor-widget elementor-widget-image\" data-id=\"1fd87c6\" data-element_type=\"widget\" data-e-type=\"widget\" data-widget_type=\"image.default\">\n\t\t\t\t<div class=\"elementor-widget-container\">\n\t\t\t\t\t\t\t\t\t\t\t\t<figure class=\"wp-caption\">\n\t\t\t\t\t\t\t\t\t\t\t<a href=\"https:\/\/www.amazon.com\/dp\/B0CKGPGTJH\" target=\"_blank\">\n\t\t\t\t\t\t\t<img decoding=\"async\" src=\"https:\/\/denshoseries.com\/wp-content\/uploads\/elementor\/thumbs\/Manutencao-de-Katana-capa-EN-qdlfxwb5lw19gonq58v4czz50pnukuy3sq115kdkcg.webp\" title=\"Manutencao-de-Katana-capa-EN\" alt=\"Manutencao-de-Katana-capa-EN\" loading=\"lazy\" \/>\t\t\t\t\t\t\t\t<\/a>\n\t\t\t\t\t\t\t\t\t\t\t<figcaption class=\"widget-image-caption wp-caption-text\">KATANA MAINTENANCE GUIDE<\/figcaption>\n\t\t\t\t\t\t\t\t\t\t<\/figure>\n\t\t\t\t\t\t\t\t\t<\/div>\n\t\t\t\t<\/div>\n\t\t\t\t\t<\/div>\n\t\t<\/div>\n\t\t\t\t\t<\/div>\n\t\t<\/section>\n\t\t\t\t<\/div>","protected":false},"excerpt":{"rendered":"<p>ENGLISH VERSION TEN CHI JIN RYAKU NO MAKI TOGAKURE RY\u016a NINJUTSU TOGAKURE RY\u016a KYOKETSU SHOGE GYOKKO RY\u016a KOSSHI JUTSU KOT\u014c RY\u016a KOPP\u014c JUTSU HANB\u014c JUTSU JUTTE JUTSU &#8211; KUKISHINDEN RY\u016a KY\u016aSHO &#8211; VITAL POINTS KATANA MAINTENANCE GUIDE<\/p>","protected":false},"author":1,"featured_media":0,"parent":0,"menu_order":0,"comment_status":"closed","ping_status":"closed","template":"","meta":{"footnotes":""},"class_list":["post-9677","page","type-page","status-publish","hentry"],"_links":{"self":[{"href":"https:\/\/denshoseries.com\/en\/wp-json\/wp\/v2\/pages\/9677","targetHints":{"allow":["GET"]}}],"collection":[{"href":"https:\/\/denshoseries.com\/en\/wp-json\/wp\/v2\/pages"}],"about":[{"href":"https:\/\/denshoseries.com\/en\/wp-json\/wp\/v2\/types\/page"}],"author":[{"embeddable":true,"href":"https:\/\/denshoseries.com\/en\/wp-json\/wp\/v2\/users\/1"}],"replies":[{"embeddable":true,"href":"https:\/\/denshoseries.com\/en\/wp-json\/wp\/v2\/comments?post=9677"}],"version-history":[{"count":41,"href":"https:\/\/denshoseries.com\/en\/wp-json\/wp\/v2\/pages\/9677\/revisions"}],"predecessor-version":[{"id":10346,"href":"https:\/\/denshoseries.com\/en\/wp-json\/wp\/v2\/pages\/9677\/revisions\/10346"}],"wp:attachment":[{"href":"https:\/\/denshoseries.com\/en\/wp-json\/wp\/v2\/media?parent=9677"}],"curies":[{"name":"wp","href":"https:\/\/api.w.org\/{rel}","templated":true}]}}