{"id":9413,"date":"2023-09-28T20:32:56","date_gmt":"2023-09-28T23:32:56","guid":{"rendered":"https:\/\/denshoseries.com\/?page_id=9413"},"modified":"2023-09-30T03:08:47","modified_gmt":"2023-09-30T06:08:47","slug":"ten-chi-jin-ryaku-no-maki-pt-br","status":"publish","type":"page","link":"https:\/\/denshoseries.com\/en\/ten-chi-jin-ryaku-no-maki-pt-br\/","title":{"rendered":"Ten Chi Jin Ryaku No Maki (PT\/BR)"},"content":{"rendered":"<div data-elementor-type=\"wp-page\" data-elementor-id=\"9413\" class=\"elementor elementor-9413\" data-elementor-settings=\"{&quot;ha_cmc_init_switcher&quot;:&quot;no&quot;}\">\n\t\t\t\t\t\t<section class=\"elementor-section elementor-top-section elementor-element elementor-element-32823038 elementor-section-boxed elementor-section-height-default elementor-section-height-default\" data-id=\"32823038\" data-element_type=\"section\" data-e-type=\"section\" data-settings=\"{&quot;_ha_eqh_enable&quot;:false}\">\n\t\t\t\t\t\t<div class=\"elementor-container elementor-column-gap-default\">\n\t\t\t\t\t<div class=\"elementor-column elementor-col-100 elementor-top-column elementor-element elementor-element-4645a972\" data-id=\"4645a972\" data-element_type=\"column\" data-e-type=\"column\">\n\t\t\t<div class=\"elementor-widget-wrap elementor-element-populated\">\n\t\t\t\t\t\t<div class=\"elementor-element elementor-element-5e04593a elementor-widget elementor-widget-heading\" data-id=\"5e04593a\" data-element_type=\"widget\" data-e-type=\"widget\" data-widget_type=\"heading.default\">\n\t\t\t\t<div class=\"elementor-widget-container\">\n\t\t\t\t\t<h1 class=\"elementor-heading-title elementor-size-default\">TEN CHI JIN RYAKU NO MAKI (PT\/BR)<\/h1>\t\t\t\t<\/div>\n\t\t\t\t<\/div>\n\t\t\t\t\t<\/div>\n\t\t<\/div>\n\t\t\t\t\t<\/div>\n\t\t<\/section>\n\t\t\t\t<section class=\"elementor-section elementor-top-section elementor-element elementor-element-3d7a6ad6 elementor-section-boxed elementor-section-height-default elementor-section-height-default\" data-id=\"3d7a6ad6\" data-element_type=\"section\" data-e-type=\"section\" data-settings=\"{&quot;_ha_eqh_enable&quot;:false}\">\n\t\t\t\t\t\t<div class=\"elementor-container elementor-column-gap-default\">\n\t\t\t\t\t<div class=\"elementor-column elementor-col-33 elementor-top-column elementor-element elementor-element-51d2ee16\" data-id=\"51d2ee16\" data-element_type=\"column\" data-e-type=\"column\">\n\t\t\t<div class=\"elementor-widget-wrap elementor-element-populated\">\n\t\t\t\t\t\t<div class=\"elementor-element elementor-element-3a70aad0 elementor-widget elementor-widget-image\" data-id=\"3a70aad0\" data-element_type=\"widget\" data-e-type=\"widget\" data-widget_type=\"image.default\">\n\t\t\t\t<div class=\"elementor-widget-container\">\n\t\t\t\t\t\t\t\t\t\t\t\t\t\t\t<img fetchpriority=\"high\" decoding=\"async\" width=\"708\" height=\"997\" src=\"https:\/\/denshoseries.com\/wp-content\/uploads\/2021\/12\/TEN-CHI-JIN-RYAKU-NO-MAKI-capa.webp\" class=\"attachment-large size-large wp-image-7737\" alt=\"\" srcset=\"https:\/\/denshoseries.com\/wp-content\/uploads\/2021\/12\/TEN-CHI-JIN-RYAKU-NO-MAKI-capa.webp 708w, https:\/\/denshoseries.com\/wp-content\/uploads\/2021\/12\/TEN-CHI-JIN-RYAKU-NO-MAKI-capa-284x400.webp 284w, https:\/\/denshoseries.com\/wp-content\/uploads\/2021\/12\/TEN-CHI-JIN-RYAKU-NO-MAKI-capa-9x12.webp 9w, https:\/\/denshoseries.com\/wp-content\/uploads\/2021\/12\/TEN-CHI-JIN-RYAKU-NO-MAKI-capa-11x16.webp 11w, https:\/\/denshoseries.com\/wp-content\/uploads\/2021\/12\/TEN-CHI-JIN-RYAKU-NO-MAKI-capa-17x24.webp 17w, https:\/\/denshoseries.com\/wp-content\/uploads\/2021\/12\/TEN-CHI-JIN-RYAKU-NO-MAKI-capa-26x36.webp 26w, https:\/\/denshoseries.com\/wp-content\/uploads\/2021\/12\/TEN-CHI-JIN-RYAKU-NO-MAKI-capa-600x845.webp 600w\" sizes=\"(max-width: 708px) 100vw, 708px\" \/>\t\t\t\t\t\t\t\t\t\t\t\t\t\t\t<\/div>\n\t\t\t\t<\/div>\n\t\t\t\t\t<\/div>\n\t\t<\/div>\n\t\t\t\t<div class=\"elementor-column elementor-col-66 elementor-top-column elementor-element elementor-element-64c33da5\" data-id=\"64c33da5\" data-element_type=\"column\" data-e-type=\"column\">\n\t\t\t<div class=\"elementor-widget-wrap elementor-element-populated\">\n\t\t\t\t\t\t<div class=\"elementor-element elementor-element-5f4e9537 elementor-widget elementor-widget-text-editor\" data-id=\"5f4e9537\" data-element_type=\"widget\" data-e-type=\"widget\" data-widget_type=\"text-editor.default\">\n\t\t\t\t<div class=\"elementor-widget-container\">\n\t\t\t\t\t\t\t\t\t<p>Embora n\u00e3o exista um programa definido para toda a organiza\u00e7\u00e3o\u00a0<em>Bujinkan<\/em>, os instrutores geralmente trabalham fora do manual do instrutor conhecido como o\u00a0<em>Ten Chi\u00a0Jin Ryaku No Maki<\/em>\u00a0(Pergaminho dos Princ\u00edpios do C\u00e9u, da Terra e do Homem), publicado por volta de 1978. Embora o treinamento tenha mudado muito desde aquela \u00e9poca, o\u00a0<em>Ten Chi Jin<\/em>\u00a0continua sendo um trabalho extremamente importante.<\/p><p>Por exemplo, foi\u00a0recomendado por um\u00a0<em>Shihan<\/em>\u00a0s\u00eanior japon\u00eas que um estudante deve se concentrar no\u00a0<em>Ten Ryaku<\/em>\u00a0at\u00e9\u00a0<em>Shodan<\/em>, o\u00a0<em>Chi Ryaku<\/em>\u00a0at\u00e9\u00a0<em>Godan<\/em>\u00a0e o\u00a0<em>Jin Ryaku<\/em>\u00a0at\u00e9\u00a0<em>J\u016bdan<\/em>. Na\u00a0<em>Bujinkan Honbu<\/em>\u00a0(Sede da\u00a0<em>Bujinkan<\/em>), uma vez foi perguntado a um dos\u00a0<em>Shihan<\/em>\u00a0japoneses, sobre a relev\u00e2ncia do\u00a0<em>Ten Chi Jin<\/em>\u00a0e ele afirmou que antes de\u00a0<em>Judan<\/em>\u00a0se deve dominar o\u00a0<em>Ten Chi Jin<\/em>, mas uma vez dominado, deve-se esquecer e ir al\u00e9m dessas formas iniciais.<\/p><p>The\u00a0<em>Ten Chi Jin<\/em>\u00a0\u00e9 um livro de tr\u00eas se\u00e7\u00f5es (\u201c<em>Ten<\/em>\u201c, \u201c<em>Chi<\/em>\u201d e \u201c<em>Jin<\/em>\u201c), com cada se\u00e7\u00e3o dividida\u00a0em v\u00e1rias sub-se\u00e7\u00f5es.<\/p><p>\u00c9 muito importante ressaltar que este programa n\u00e3o deve ser usado como fonte \u00fanica e exclusiva de estudos, \u00e9 indispens\u00e1vel estar sob a supervis\u00e3o de um instrutor qualificado.<\/p><p>A busca pelo aprendizado deve ser incessante nas Artes Marciais da <em>Bujinkan<\/em>.<\/p><ul><li>Possui 64 p\u00e1ginas.<\/li><li>Formato: 15cm x 21cm<\/li><\/ul>\t\t\t\t\t\t\t\t<\/div>\n\t\t\t\t<\/div>\n\t\t\t\t<div class=\"elementor-element elementor-element-4d87e845 elementor-align-center elementor-widget elementor-widget-button\" data-id=\"4d87e845\" data-element_type=\"widget\" data-e-type=\"widget\" data-widget_type=\"button.default\">\n\t\t\t\t<div class=\"elementor-widget-container\">\n\t\t\t\t\t\t\t\t\t<div class=\"elementor-button-wrapper\">\n\t\t\t\t\t<a class=\"elementor-button elementor-button-link elementor-size-xs\" href=\"https:\/\/www.amazon.com\/dp\/B0CK3MYGRX\" target=\"_blank\">\n\t\t\t\t\t\t<span class=\"elementor-button-content-wrapper\">\n\t\t\t\t\t\t\t\t\t<span class=\"elementor-button-text\">COMPRAR NA AMAZON<\/span>\n\t\t\t\t\t<\/span>\n\t\t\t\t\t<\/a>\n\t\t\t\t<\/div>\n\t\t\t\t\t\t\t\t<\/div>\n\t\t\t\t<\/div>\n\t\t\t\t\t<\/div>\n\t\t<\/div>\n\t\t\t\t\t<\/div>\n\t\t<\/section>\n\t\t\t\t<section class=\"elementor-section elementor-top-section elementor-element elementor-element-5c5bbbc2 elementor-section-boxed elementor-section-height-default elementor-section-height-default\" data-id=\"5c5bbbc2\" data-element_type=\"section\" data-e-type=\"section\" data-settings=\"{&quot;_ha_eqh_enable&quot;:false}\">\n\t\t\t\t\t\t<div class=\"elementor-container elementor-column-gap-default\">\n\t\t\t\t\t<div class=\"elementor-column elementor-col-100 elementor-top-column elementor-element elementor-element-238569e3\" data-id=\"238569e3\" data-element_type=\"column\" data-e-type=\"column\">\n\t\t\t<div class=\"elementor-widget-wrap elementor-element-populated\">\n\t\t\t\t\t\t<div class=\"elementor-element elementor-element-60b15968 elementor-widget elementor-widget-heading\" data-id=\"60b15968\" data-element_type=\"widget\" data-e-type=\"widget\" data-widget_type=\"heading.default\">\n\t\t\t\t<div class=\"elementor-widget-container\">\n\t\t\t\t\t<h3 class=\"elementor-heading-title elementor-size-default\">CONTE\u00daDO<\/h3>\t\t\t\t<\/div>\n\t\t\t\t<\/div>\n\t\t\t\t\t<\/div>\n\t\t<\/div>\n\t\t\t\t\t<\/div>\n\t\t<\/section>\n\t\t\t\t<section class=\"elementor-section elementor-top-section elementor-element elementor-element-bedb357 elementor-section-boxed elementor-section-height-default elementor-section-height-default\" data-id=\"bedb357\" data-element_type=\"section\" data-e-type=\"section\" data-settings=\"{&quot;_ha_eqh_enable&quot;:false}\">\n\t\t\t\t\t\t<div class=\"elementor-container elementor-column-gap-default\">\n\t\t\t\t\t<div class=\"elementor-column elementor-col-25 elementor-top-column elementor-element elementor-element-5dfb71b2\" data-id=\"5dfb71b2\" data-element_type=\"column\" data-e-type=\"column\">\n\t\t\t<div class=\"elementor-widget-wrap elementor-element-populated\">\n\t\t\t\t\t\t<div class=\"elementor-element elementor-element-40b1eea4 elementor-widget elementor-widget-heading\" data-id=\"40b1eea4\" data-element_type=\"widget\" data-e-type=\"widget\" data-widget_type=\"heading.default\">\n\t\t\t\t<div class=\"elementor-widget-container\">\n\t\t\t\t\t<h4 class=\"elementor-heading-title elementor-size-default\">INTRODU\u00c7\u00c3O<\/h4>\t\t\t\t<\/div>\n\t\t\t\t<\/div>\n\t\t\t\t<div class=\"elementor-element elementor-element-28812abd elementor-widget elementor-widget-text-editor\" data-id=\"28812abd\" data-element_type=\"widget\" data-e-type=\"widget\" data-widget_type=\"text-editor.default\">\n\t\t\t\t<div class=\"elementor-widget-container\">\n\t\t\t\t\t\t\t\t\t<p><strong>REI SHIKI<\/strong><\/p><p><strong>SHIKIN HARAMITSU DAIK\u014cMI\u014c<\/strong><\/p>\t\t\t\t\t\t\t\t<\/div>\n\t\t\t\t<\/div>\n\t\t\t\t\t<\/div>\n\t\t<\/div>\n\t\t\t\t<div class=\"elementor-column elementor-col-25 elementor-top-column elementor-element elementor-element-5f82b080\" data-id=\"5f82b080\" data-element_type=\"column\" data-e-type=\"column\">\n\t\t\t<div class=\"elementor-widget-wrap elementor-element-populated\">\n\t\t\t\t\t\t<div class=\"elementor-element elementor-element-ada8e72 elementor-widget elementor-widget-heading\" data-id=\"ada8e72\" data-element_type=\"widget\" data-e-type=\"widget\" data-widget_type=\"heading.default\">\n\t\t\t\t<div class=\"elementor-widget-container\">\n\t\t\t\t\t<h4 class=\"elementor-heading-title elementor-size-default\">TEN RYAKU NO MAKI<\/h4>\t\t\t\t<\/div>\n\t\t\t\t<\/div>\n\t\t\t\t<div class=\"elementor-element elementor-element-4f40c50e elementor-widget elementor-widget-text-editor\" data-id=\"4f40c50e\" data-element_type=\"widget\" data-e-type=\"widget\" data-widget_type=\"text-editor.default\">\n\t\t\t\t<div class=\"elementor-widget-container\">\n\t\t\t\t\t\t\t\t\t<p><strong>J\u016aNAN TAIS\u014c<\/strong><\/p><p><strong>TAIHEN JUTSU UKEMI GATA<br \/><\/strong><strong>&#8211; MAE GAESHI \/ ZENP\u014c KAITEN<br \/>&#8211; <\/strong><strong>USHIRO GAESHI \/ K\u014cH\u014c KAITEN<br \/>&#8211; <\/strong><strong>YOKO GAESHI \/ SOKUH\u014c KAITEN<br \/>&#8211; <\/strong><strong>NAGARE<br \/>&#8211; <\/strong><strong>\u014cTEN<br \/>&#8211; <\/strong><strong>UKEMI<br \/>&#8211; <\/strong><strong>SHIH\u014c TENCHI TOBI<br \/><\/strong><strong>&#8211; ARUKI WAZA<br \/>&#8211; <\/strong><strong>SH\u014cTEN NO JUTSU<br \/>&#8211; <\/strong><strong>H\u014cKO NO JUTSU<\/strong><\/p><p><strong>KY\u014cKUN TOY\u016a<br \/><\/strong><strong>&#8211; SHIZEN GY\u014c UN RY\u016a SUI<br \/>&#8211; <\/strong><strong>KEN TAI ICHI J\u014c<br \/>&#8211; <\/strong><strong>ASHI RAU \/ SHA HA ASHI<\/strong><\/p><p><strong>SHINKOKY\u016a SANADEN<br \/><\/strong><strong>&#8211; SH\u014cMEN KOKY\u016aH\u014c<br \/>&#8211; <\/strong><strong>SEIZA SAY\u016a SHINKOKY\u016a<br \/>&#8211; <\/strong><strong>SHINTEN SHINKOKY\u016a<\/strong><\/p><p><strong>KEIKO NO MAE NO MASSAJI<\/strong><\/p><p><strong>KAMAE<br \/><\/strong><strong>&#8211; FUD\u014cZA NO KAMAE<br \/>&#8211; <\/strong><strong>SEIZA NO KAMAE<br \/>&#8211; <\/strong><strong>HANZA NO KAMAE<br \/>&#8211;\u00a0<\/strong><strong>SHIZEN NO KAMAE<br \/>&#8211; HIRA NO KAMAE<br \/><\/strong><strong> &#8211; ICHIMONJI NO KAMAE<br \/>&#8211; <\/strong><strong>B\u014cBI NO KAMAE<br \/>&#8211; <\/strong><strong>KATATE ICHIMONJI NO KAMAE<br \/>&#8211; <\/strong><strong>DOKO NO KAMAE<br \/>&#8211; <\/strong><strong>RY\u016aHY\u014c NO KAMAE<br \/>&#8211; <\/strong><strong>RY\u016aHY\u014c F\u016aSETSU NO KAMAE<br \/>&#8211; <\/strong><strong>HACHIMONJI NO KAMAE<br \/>&#8211; <\/strong><strong>J\u016aMONJI NO KAMAE<br \/>&#8211; <\/strong><strong>HIRA ICHIMONJI NO KAMAE<br \/>&#8211; <\/strong><strong>HICH\u014c NO KAMAE<br \/>&#8211; <\/strong><strong>H\u014cKO NO KAMAE<br \/>&#8211; <\/strong><strong>K\u014cSEI NO KAMAE<\/strong><\/p><p><strong>HOKEN J\u016a ROPP\u014c<br \/>&#8211; <\/strong><strong>KIKAKU KEN \/ ZU TSUKI<br \/>&#8211; <\/strong><strong>SHUKI KEN<br \/>&#8211; <\/strong><strong>FUD\u014c KEN \/ KONGO KEN<br \/>&#8211; <\/strong><strong>KITEN KEN \/ SHUT\u014c<br \/>&#8211; <\/strong><strong>SHISHIN KEN<br \/>&#8211; <\/strong><strong>SHITAN KEN<br \/>&#8211; <\/strong><strong>SHAKO KEN<br \/>&#8211; <\/strong><strong>SHIT\u014c KEN \/ B\u014cSHI KEN<br \/>&#8211; <\/strong><strong>SHIKAN KEN<br \/>&#8211; <\/strong><strong>KOPP\u014c KEN<br \/>&#8211; <\/strong><strong>HAPPA KEN<br \/>&#8211; <\/strong><strong>SOKUYAKU KEN<br \/>&#8211; <\/strong><strong>SOKKI KEN<br \/>&#8211; <\/strong><strong>SOKUGYAKU KEN<br \/>&#8211; <\/strong><strong>TAI KEN<br \/>&#8211; <\/strong><strong>SHIZEN KEN<\/strong><\/p><p><strong>KEN NO TSUKAI GATA \/ INASHI GATA<\/strong><\/p><p><strong>UKE NAGASHI<\/strong><\/p><p><strong>SANSHIN NO KATA<br \/><\/strong><strong>&#8211; CHI NO KATA<br \/>&#8211; <\/strong><strong>SUI NO KATA<br \/>&#8211; <\/strong><strong>KA NO KATA<br \/>&#8211; <\/strong><strong>F\u016a NO KATA<br \/>&#8211; <\/strong><strong>K\u016a NO KATA<\/strong><\/p><p><strong>KIHON HAPP\u014c<br \/><\/strong><strong>&#8211; KOSSHI KIHON SANP\u014c NO KATA<br \/>\u00a0 \u00a0&#8211; <\/strong><strong>ICHIMONJI NO KAMAE<br \/><\/strong><strong>\u00a0 \u00a0&#8211; HICH\u014c NO KAMAE<br \/><\/strong><strong>\u00a0 \u00a0&#8211; J\u016aMONJI NO KAMAE<br \/><\/strong><strong>&#8211; HOSHU KIHON GO H\u014c NO KATA<br \/><\/strong><strong>\u00a0 \u00a0&#8211; OMOTE GYAKU<br \/><\/strong><strong>\u00a0 \u00a0&#8211; OMOTE GYAKU TSUKI<br \/><\/strong><strong>\u00a0 \u00a0&#8211; URA GYAKU<br \/><\/strong><strong>\u00a0 \u00a0&#8211; MUSHA DORI<br \/><\/strong><strong>\u00a0 \u00a0&#8211; GANSEKI NAGE<\/strong><\/p><p><strong>TAIHEN JUTSU MUT\u014c DORI GATA<br \/><\/strong><strong>&#8211; HIRA NO KAMAE<br \/>&#8211; <\/strong><strong>ICHIMONJI NO KAMAE<br \/>&#8211; <\/strong><strong>J\u016aMONJI NO KAMAE<\/strong><\/p><p><strong>KY\u016aSHO<\/strong><\/p>\t\t\t\t\t\t\t\t<\/div>\n\t\t\t\t<\/div>\n\t\t\t\t\t<\/div>\n\t\t<\/div>\n\t\t\t\t<div class=\"elementor-column elementor-col-25 elementor-top-column elementor-element elementor-element-7a0e77cf\" data-id=\"7a0e77cf\" data-element_type=\"column\" data-e-type=\"column\">\n\t\t\t<div class=\"elementor-widget-wrap elementor-element-populated\">\n\t\t\t\t\t\t<div class=\"elementor-element elementor-element-6b7194f1 elementor-widget elementor-widget-heading\" data-id=\"6b7194f1\" data-element_type=\"widget\" data-e-type=\"widget\" data-widget_type=\"heading.default\">\n\t\t\t\t<div class=\"elementor-widget-container\">\n\t\t\t\t\t<h4 class=\"elementor-heading-title elementor-size-default\">CHI RYAKU NO MAKI<\/h4>\t\t\t\t<\/div>\n\t\t\t\t<\/div>\n\t\t\t\t<div class=\"elementor-element elementor-element-315a306e elementor-widget elementor-widget-text-editor\" data-id=\"315a306e\" data-element_type=\"widget\" data-e-type=\"widget\" data-widget_type=\"text-editor.default\">\n\t\t\t\t<div class=\"elementor-widget-container\">\n\t\t\t\t\t\t\t\t\t<p><strong>HAPP\u014c KERI HENKA NO KOT\u014c<br \/><\/strong><strong>&#8211; SUKUI GERI<br \/>&#8211; <\/strong><strong>KERI SUKUI<br \/>&#8211; <\/strong><strong>ASHI DOME<br \/>&#8211; <\/strong><strong>HIT\u014c<br \/>&#8211; <\/strong><strong>J\u016aMONJI<br \/>&#8211; <\/strong><strong>KAPPI<br \/>&#8211; <\/strong><strong>KONPI<\/strong><\/p><p><strong>KERI WAZA<br \/><\/strong><strong>&#8211; SOKU YAKU GERI<br \/>&#8211; <\/strong><strong>TEN SOKU YAKU GERI<br \/>&#8211; <\/strong><strong>KAKUSHI GERI<br \/>&#8211; <\/strong><strong>ASHI BARAI<br \/>&#8211; <\/strong><strong>SOKU GYAKU GERI<br \/>&#8211; <\/strong><strong>TOKI GERI<br \/>&#8211; <\/strong><strong>KERI GAESHI<br \/>&#8211; <\/strong><strong>TOBI GERI<br \/>&#8211; <\/strong><strong>RY\u014c TOBI GERI<br \/>&#8211; <\/strong><strong>SOKUH\u014c GERI<br \/>&#8211; <\/strong><strong>USHIRO GERI \/ K\u014cH\u014c GERI<br \/>&#8211; <\/strong><strong>KAGI GERI \/ KAKATO GERI<br \/>&#8211; <\/strong><strong>OMOTE GERI \/ SOMA GERI<br \/>&#8211; <\/strong><strong>SHIH\u014c GERI<\/strong><\/p><p><strong>HA JUTSU KY\u016a H\u014c<br \/><\/strong><strong>&#8211; TE HODOKI<br \/>&#8211; <\/strong><strong>TAI HODOKI<br \/>&#8211; <\/strong><strong>OYA GOROSHI<br \/>&#8211; <\/strong><strong>KO GOROSHI<br \/>&#8211; <\/strong><strong>KOSHI KUDAKI<br \/>&#8211; <\/strong><strong>HAPP\u014c GERI<br \/>&#8211; <\/strong><strong>KERI KUDAKI<br \/>&#8211; <\/strong><strong>KEN KUDAKI<br \/>&#8211; <\/strong><strong>HENKA KUDAKI<\/strong><\/p><p><strong>GYAKU WAZA<br \/><\/strong><strong>&#8211; OMOTE TAKE ORI<br \/>&#8211; <\/strong><strong>URA TAKE ORI<br \/>&#8211; <\/strong><strong>OMOTE GYAKU<br \/>&#8211; <\/strong><strong>URA GYAKU<br \/>&#8211; <\/strong><strong>HON GYAKU<br \/>&#8211; <\/strong><strong>OMOTE ONI KUDAKI<br \/>&#8211; <\/strong><strong>URA ONI KUDAKI<br \/>&#8211; <\/strong><strong>MUSHA DORI<br \/>&#8211; <\/strong><strong>MUS\u014c DORI<br \/>&#8211; <\/strong><strong>\u014c GYAKU<\/strong><\/p><p><strong>NAGE WAZA<br \/><\/strong><strong>&#8211; GANSEKI NAGE<br \/>\u00a0 \u00a0&#8211; <\/strong><strong>GANSEKI OTOSHI<br \/>\u00a0 \u00a0&#8211; <\/strong><strong>GANSEKI OSHI<br \/>\u00a0 \u00a0&#8211; <\/strong><strong>GANSEKI ORI<br \/>&#8211; <\/strong><strong>HARAI GOSHI<br \/>&#8211; <\/strong><strong>GYAKU NAGE<br \/>&#8211; <\/strong><strong>TAKI OTOSHI<br \/>&#8211; <\/strong><strong>\u014cSOTO GAKE<br \/>&#8211; <\/strong><strong>UCHI MATA \/ UCHI GAKE<br \/>&#8211; <\/strong><strong>HANE GOSHI NAGE<br \/>&#8211; <\/strong><strong>ITAMI NAGE<br \/><\/strong><strong>&#8211; RY\u016a SUI IKI<br \/>\u00a0 \u00a0&#8211; <\/strong><strong>TOMOE NAGE<br \/><\/strong><strong>\u00a0 \u00a0&#8211; TACHI NAGARE<br \/><\/strong><strong>\u00a0 \u00a0&#8211; YOKO NAGARE<br \/><\/strong><strong>\u00a0 \u00a0&#8211; TE MAKURA<br \/><\/strong><strong>\u00a0 \u00a0&#8211; KURUMA NAGE<\/strong><\/p><p><strong>\u00a0SHIME WAZA GO H\u014c<br \/><\/strong><strong>&#8211; HON JIME<br \/>&#8211; <\/strong><strong>GYAKU JIME<br \/>&#8211; <\/strong><strong>ITAMI JIME<br \/>&#8211; <\/strong><strong>SANKAKU JIME<br \/>&#8211; <\/strong><strong>D\u014c JIME<\/strong><\/p><p><strong>TORITE KIHON DORI NO KATA<br \/><\/strong><strong>&#8211; OMOTE GATAME<br \/>&#8211; <\/strong><strong>URA GATAME<\/strong><\/p>\t\t\t\t\t\t\t\t<\/div>\n\t\t\t\t<\/div>\n\t\t\t\t\t<\/div>\n\t\t<\/div>\n\t\t\t\t<div class=\"elementor-column elementor-col-25 elementor-top-column elementor-element elementor-element-5d153e67\" data-id=\"5d153e67\" data-element_type=\"column\" data-e-type=\"column\">\n\t\t\t<div class=\"elementor-widget-wrap elementor-element-populated\">\n\t\t\t\t\t\t<div class=\"elementor-element elementor-element-39cc6da6 elementor-widget elementor-widget-heading\" data-id=\"39cc6da6\" data-element_type=\"widget\" data-e-type=\"widget\" data-widget_type=\"heading.default\">\n\t\t\t\t<div class=\"elementor-widget-container\">\n\t\t\t\t\t<h4 class=\"elementor-heading-title elementor-size-default\">JIN RYAKU NO MAKI<\/h4>\t\t\t\t<\/div>\n\t\t\t\t<\/div>\n\t\t\t\t<div class=\"elementor-element elementor-element-2909bd9a elementor-widget elementor-widget-text-editor\" data-id=\"2909bd9a\" data-element_type=\"widget\" data-e-type=\"widget\" data-widget_type=\"text-editor.default\">\n\t\t\t\t<div class=\"elementor-widget-container\">\n\t\t\t\t\t\t\t\t\t<p><strong>SUWARI GATA<br \/><\/strong><strong>&#8211; ICHI GEKI<br \/><\/strong><strong>&#8211; OSAE KOMI<br \/><\/strong><strong>&#8211; UDE ORI<\/strong><\/p><p><strong>KATATE DORI<br \/><\/strong><strong>&#8211; ATE NAGE<br \/><\/strong><strong>&#8211; SETT\u014c<br \/><\/strong><strong>&#8211; H\u014cTEKI<br \/><\/strong><strong>&#8211; HIT\u014c<br \/><\/strong><strong>&#8211; FUD\u014c<\/strong><\/p><p><strong>RY\u014cTE DORI<br \/><\/strong><strong>&#8211; KANASHIBARI<br \/><\/strong><strong>&#8211; TENGU DORI<br \/><\/strong><strong>&#8211; RY\u014cTE GAKE<br \/><\/strong><strong>&#8211; K\u014cKI<br \/><\/strong><strong>&#8211; SHIZEN<br \/><\/strong><strong>&#8211; SOT\u014c<br \/><\/strong><strong>&#8211; RANSETSU<br \/><\/strong><strong>&#8211; GOKURAKU OTOSHI<\/strong><\/p><p><strong>KERI NI TAISHITE<br \/><\/strong><strong>&#8211; HUK\u014c ICHI<br \/><\/strong><strong>&#8211; HUK\u014c NI<br \/><\/strong><strong>&#8211; JIGOKU OTOSHI<br \/><\/strong><strong>&#8211; KETA OSHI<br \/><\/strong><strong>&#8211; KOT\u014c<br \/><\/strong><strong>&#8211; KET\u014c<\/strong><\/p><p><strong>TSUKI GATA<br \/><\/strong><strong>&#8211; JIGOKU OTOSHI<br \/><\/strong><strong>&#8211; K\u014cYOKU<br \/><\/strong><strong>&#8211; HISAKU<br \/>&#8211; <\/strong><strong>SETSU YAKU<br \/>&#8211; <\/strong><strong>MUSAN<br \/>&#8211; <\/strong><strong>GEKKAN<br \/>&#8211; <\/strong><strong>KATAMAKI<br \/><\/strong><strong>&#8211; HIBARI \/ UN JAKU<br \/><\/strong><strong>&#8211; SHIH\u014c DORI<br \/><\/strong><strong>&#8211; MOGURI DORI<\/strong><\/p><p><strong>TATA NI TAISHITE<br \/><\/strong><strong>&#8211; KOK\u016a<br \/>&#8211; <\/strong><strong>RENYO<br \/>&#8211; <\/strong><strong>GYAKU NAGARE<br \/>&#8211; <\/strong><strong>KASASAGI<br \/>&#8211; <\/strong><strong>K\u014c \/ HANETSURUBE<br \/>&#8211; <\/strong><strong>YUME MAKURA<\/strong><\/p><p><strong>NAGE GAESHI<br \/><\/strong><strong>&#8211; \u014c GYAKU \/ \u014cKYO<br \/>&#8211; <\/strong><strong>ZU DORI \/ ATAMA DORI<br \/>&#8211; <\/strong><strong>FUKAN<br \/>&#8211; <\/strong><strong>SEION<br \/>&#8211; <\/strong><strong>UGARI<\/strong><\/p><p><strong>HAIBU YORI<br \/><\/strong><strong>&#8211; YUBI KUDAKI \/ SHI SAI<br \/>&#8211; <\/strong><strong>SAKKETSU<br \/>&#8211; <\/strong><strong>TEI KEN<br \/>&#8211; <\/strong><strong>KIN KUDAKI<br \/>&#8211; <\/strong><strong>KETSU MIYAKU<br \/>&#8211; <\/strong><strong>TAI JIME<\/strong><\/p><p><strong>MUT\u014c DORI NO KATA<br \/><\/strong><strong>&#8211; KEN NAGARE<\/strong><\/p><p><strong>SANT\u014c TONK\u014c NO KATA<br \/><\/strong><strong>&#8211; KATA UDE TONS\u014c GATA<br \/>&#8211; <\/strong><strong>SAY\u016a UDE TONS\u014c GATA<br \/>&#8211; <\/strong><strong>KUBI SUJI TONS\u014c GATA<br \/>&#8211; <\/strong><strong>ATE KOMI TONS\u014c GATA<br \/>&#8211; <\/strong><strong>KOTE UCHI TONS\u014c GATA<br \/>&#8211; <\/strong><strong>MIGI UCHI TONS\u014c GATA<br \/>&#8211; <\/strong><strong>SAY\u016a KUMOGAKURE GATA<br \/>&#8211; <\/strong><strong>K\u014cSEI KIRIGAKURE GATA<br \/>&#8211; <\/strong><strong>HAPP\u014c KIRIGAKURE GATA<\/strong><\/p>\t\t\t\t\t\t\t\t<\/div>\n\t\t\t\t<\/div>\n\t\t\t\t\t<\/div>\n\t\t<\/div>\n\t\t\t\t\t<\/div>\n\t\t<\/section>\n\t\t\t\t<\/div>","protected":false},"excerpt":{"rendered":"<p>TEN CHI JIN RYAKU NO MAKI (PT\/BR) Embora n\u00e3o exista um programa definido para toda a organiza\u00e7\u00e3o\u00a0Bujinkan, os instrutores geralmente trabalham fora do manual do instrutor conhecido como o\u00a0Ten Chi\u00a0Jin Ryaku No Maki\u00a0(Pergaminho dos Princ\u00edpios do C\u00e9u, da Terra e do Homem), publicado por volta de 1978. Embora o treinamento tenha mudado muito desde aquela [&hellip;]<\/p>\n","protected":false},"author":1,"featured_media":7737,"parent":0,"menu_order":0,"comment_status":"closed","ping_status":"closed","template":"","meta":{"footnotes":""},"class_list":["post-9413","page","type-page","status-publish","has-post-thumbnail","hentry"],"_links":{"self":[{"href":"https:\/\/denshoseries.com\/en\/wp-json\/wp\/v2\/pages\/9413","targetHints":{"allow":["GET"]}}],"collection":[{"href":"https:\/\/denshoseries.com\/en\/wp-json\/wp\/v2\/pages"}],"about":[{"href":"https:\/\/denshoseries.com\/en\/wp-json\/wp\/v2\/types\/page"}],"author":[{"embeddable":true,"href":"https:\/\/denshoseries.com\/en\/wp-json\/wp\/v2\/users\/1"}],"replies":[{"embeddable":true,"href":"https:\/\/denshoseries.com\/en\/wp-json\/wp\/v2\/comments?post=9413"}],"version-history":[{"count":29,"href":"https:\/\/denshoseries.com\/en\/wp-json\/wp\/v2\/pages\/9413\/revisions"}],"predecessor-version":[{"id":9459,"href":"https:\/\/denshoseries.com\/en\/wp-json\/wp\/v2\/pages\/9413\/revisions\/9459"}],"wp:featuredmedia":[{"embeddable":true,"href":"https:\/\/denshoseries.com\/en\/wp-json\/wp\/v2\/media\/7737"}],"wp:attachment":[{"href":"https:\/\/denshoseries.com\/en\/wp-json\/wp\/v2\/media?parent=9413"}],"curies":[{"name":"wp","href":"https:\/\/api.w.org\/{rel}","templated":true}]}}