{"id":9370,"date":"2023-09-28T18:44:27","date_gmt":"2023-09-28T21:44:27","guid":{"rendered":"https:\/\/denshoseries.com\/?page_id=9370"},"modified":"2023-10-16T18:13:51","modified_gmt":"2023-10-16T21:13:51","slug":"togakure-ryu-ninjutsu-densho-en","status":"publish","type":"page","link":"https:\/\/denshoseries.com\/en\/togakure-ryu-ninjutsu-densho-en\/","title":{"rendered":"Togakure Ry\u016b Ninjutsu Densh\u014d (EN)"},"content":{"rendered":"<div data-elementor-type=\"wp-page\" data-elementor-id=\"9370\" class=\"elementor elementor-9370\" data-elementor-settings=\"{&quot;ha_cmc_init_switcher&quot;:&quot;no&quot;}\">\n\t\t\t\t\t\t<section class=\"elementor-section elementor-top-section elementor-element elementor-element-438d646 elementor-section-boxed elementor-section-height-default elementor-section-height-default\" data-id=\"438d646\" data-element_type=\"section\" data-e-type=\"section\" data-settings=\"{&quot;_ha_eqh_enable&quot;:false}\">\n\t\t\t\t\t\t<div class=\"elementor-container elementor-column-gap-default\">\n\t\t\t\t\t<div class=\"elementor-column elementor-col-100 elementor-top-column elementor-element elementor-element-a9a56de\" data-id=\"a9a56de\" data-element_type=\"column\" data-e-type=\"column\">\n\t\t\t<div class=\"elementor-widget-wrap elementor-element-populated\">\n\t\t\t\t\t\t<div class=\"elementor-element elementor-element-1792d7f5 elementor-widget elementor-widget-heading\" data-id=\"1792d7f5\" data-element_type=\"widget\" data-e-type=\"widget\" data-widget_type=\"heading.default\">\n\t\t\t\t<div class=\"elementor-widget-container\">\n\t\t\t\t\t<h1 class=\"elementor-heading-title elementor-size-default\">TOGAKURE RY\u016a NINJUTSU (ENGLISH)<\/h1>\t\t\t\t<\/div>\n\t\t\t\t<\/div>\n\t\t\t\t\t<\/div>\n\t\t<\/div>\n\t\t\t\t\t<\/div>\n\t\t<\/section>\n\t\t\t\t<section class=\"elementor-section elementor-top-section elementor-element elementor-element-6571c49 elementor-section-boxed elementor-section-height-default elementor-section-height-default\" data-id=\"6571c49\" data-element_type=\"section\" data-e-type=\"section\" data-settings=\"{&quot;_ha_eqh_enable&quot;:false}\">\n\t\t\t\t\t\t<div class=\"elementor-container elementor-column-gap-default\">\n\t\t\t\t\t<div class=\"elementor-column elementor-col-50 elementor-top-column elementor-element elementor-element-f88c458\" data-id=\"f88c458\" data-element_type=\"column\" data-e-type=\"column\">\n\t\t\t<div class=\"elementor-widget-wrap elementor-element-populated\">\n\t\t\t\t\t\t<div class=\"elementor-element elementor-element-bdf360a elementor-align-right elementor-widget elementor-widget-button\" data-id=\"bdf360a\" data-element_type=\"widget\" data-e-type=\"widget\" data-widget_type=\"button.default\">\n\t\t\t\t<div class=\"elementor-widget-container\">\n\t\t\t\t\t\t\t\t\t<div class=\"elementor-button-wrapper\">\n\t\t\t\t\t<a class=\"elementor-button elementor-button-link elementor-size-xs\" href=\"https:\/\/denshoseries.com\/en\/togakure-ryu-ninjutsu-densho-pt-br\/\">\n\t\t\t\t\t\t<span class=\"elementor-button-content-wrapper\">\n\t\t\t\t\t\t\t\t\t<span class=\"elementor-button-text\">VERS\u00c3O EM PORTUGU\u00caS<\/span>\n\t\t\t\t\t<\/span>\n\t\t\t\t\t<\/a>\n\t\t\t\t<\/div>\n\t\t\t\t\t\t\t\t<\/div>\n\t\t\t\t<\/div>\n\t\t\t\t\t<\/div>\n\t\t<\/div>\n\t\t\t\t<div class=\"elementor-column elementor-col-50 elementor-top-column elementor-element elementor-element-4309854\" data-id=\"4309854\" data-element_type=\"column\" data-e-type=\"column\">\n\t\t\t<div class=\"elementor-widget-wrap elementor-element-populated\">\n\t\t\t\t\t\t<div class=\"elementor-element elementor-element-09b3957 elementor-align-left elementor-widget elementor-widget-button\" data-id=\"09b3957\" data-element_type=\"widget\" data-e-type=\"widget\" data-widget_type=\"button.default\">\n\t\t\t\t<div class=\"elementor-widget-container\">\n\t\t\t\t\t\t\t\t\t<div class=\"elementor-button-wrapper\">\n\t\t\t\t\t<a class=\"elementor-button elementor-button-link elementor-size-xs\" href=\"https:\/\/denshoseries.com\/en\/togakure-ryu-ninjutsu-densho-es\/\">\n\t\t\t\t\t\t<span class=\"elementor-button-content-wrapper\">\n\t\t\t\t\t\t\t\t\t<span class=\"elementor-button-text\">VERSI\u00d3N EN ESPA\u00d1OL<\/span>\n\t\t\t\t\t<\/span>\n\t\t\t\t\t<\/a>\n\t\t\t\t<\/div>\n\t\t\t\t\t\t\t\t<\/div>\n\t\t\t\t<\/div>\n\t\t\t\t\t<\/div>\n\t\t<\/div>\n\t\t\t\t\t<\/div>\n\t\t<\/section>\n\t\t\t\t<section class=\"elementor-section elementor-top-section elementor-element elementor-element-608150bc elementor-section-boxed elementor-section-height-default elementor-section-height-default\" data-id=\"608150bc\" data-element_type=\"section\" data-e-type=\"section\" data-settings=\"{&quot;_ha_eqh_enable&quot;:false}\">\n\t\t\t\t\t\t<div class=\"elementor-container elementor-column-gap-default\">\n\t\t\t\t\t<div class=\"elementor-column elementor-col-33 elementor-top-column elementor-element elementor-element-7589a7cf\" data-id=\"7589a7cf\" data-element_type=\"column\" data-e-type=\"column\">\n\t\t\t<div class=\"elementor-widget-wrap elementor-element-populated\">\n\t\t\t\t\t\t<div class=\"elementor-element elementor-element-29507aec elementor-widget elementor-widget-image\" data-id=\"29507aec\" data-element_type=\"widget\" data-e-type=\"widget\" data-widget_type=\"image.default\">\n\t\t\t\t<div class=\"elementor-widget-container\">\n\t\t\t\t\t\t\t\t\t\t\t\t\t\t\t<img fetchpriority=\"high\" decoding=\"async\" width=\"708\" height=\"997\" src=\"https:\/\/denshoseries.com\/wp-content\/uploads\/2023\/08\/TOGAKURE-RYU-DENSHO-capa.webp\" class=\"attachment-large size-large wp-image-9136\" alt=\"\" srcset=\"https:\/\/denshoseries.com\/wp-content\/uploads\/2023\/08\/TOGAKURE-RYU-DENSHO-capa.webp 708w, https:\/\/denshoseries.com\/wp-content\/uploads\/2023\/08\/TOGAKURE-RYU-DENSHO-capa-284x400.webp 284w, https:\/\/denshoseries.com\/wp-content\/uploads\/2023\/08\/TOGAKURE-RYU-DENSHO-capa-9x12.webp 9w, https:\/\/denshoseries.com\/wp-content\/uploads\/2023\/08\/TOGAKURE-RYU-DENSHO-capa-11x16.webp 11w, https:\/\/denshoseries.com\/wp-content\/uploads\/2023\/08\/TOGAKURE-RYU-DENSHO-capa-17x24.webp 17w, https:\/\/denshoseries.com\/wp-content\/uploads\/2023\/08\/TOGAKURE-RYU-DENSHO-capa-26x36.webp 26w, https:\/\/denshoseries.com\/wp-content\/uploads\/2023\/08\/TOGAKURE-RYU-DENSHO-capa-600x845.webp 600w\" sizes=\"(max-width: 708px) 100vw, 708px\" \/>\t\t\t\t\t\t\t\t\t\t\t\t\t\t\t<\/div>\n\t\t\t\t<\/div>\n\t\t\t\t\t<\/div>\n\t\t<\/div>\n\t\t\t\t<div class=\"elementor-column elementor-col-66 elementor-top-column elementor-element elementor-element-aa17c71\" data-id=\"aa17c71\" data-element_type=\"column\" data-e-type=\"column\">\n\t\t\t<div class=\"elementor-widget-wrap elementor-element-populated\">\n\t\t\t\t\t\t<div class=\"elementor-element elementor-element-06e7e39 elementor-align-center elementor-widget elementor-widget-button\" data-id=\"06e7e39\" data-element_type=\"widget\" data-e-type=\"widget\" data-widget_type=\"button.default\">\n\t\t\t\t<div class=\"elementor-widget-container\">\n\t\t\t\t\t\t\t\t\t<div class=\"elementor-button-wrapper\">\n\t\t\t\t\t<a class=\"elementor-button elementor-button-link elementor-size-xs\" href=\"https:\/\/www.amazon.com\/dp\/B0CHL9FMJL\" target=\"_blank\">\n\t\t\t\t\t\t<span class=\"elementor-button-content-wrapper\">\n\t\t\t\t\t\t\t\t\t<span class=\"elementor-button-text\">BUY ON AMAZON<\/span>\n\t\t\t\t\t<\/span>\n\t\t\t\t\t<\/a>\n\t\t\t\t<\/div>\n\t\t\t\t\t\t\t\t<\/div>\n\t\t\t\t<\/div>\n\t\t\t\t<div class=\"elementor-element elementor-element-2f6d4172 elementor-widget elementor-widget-text-editor\" data-id=\"2f6d4172\" data-element_type=\"widget\" data-e-type=\"widget\" data-widget_type=\"text-editor.default\">\n\t\t\t\t<div class=\"elementor-widget-container\">\n\t\t\t\t\t\t\t\t\t<p><b><span class=\"a-text-bold\">This book contains step-by-step techniques of\u00a0<\/span><span class=\"a-text-bold a-text-italic\"><i>Togakure Ry\u016b Ninjutsu<\/i><\/span><span class=\"a-text-bold\">.<\/span><\/b><br \/>It is essential to emphasize that this program should not be used as the sole and exclusive source of study. It is indispensable to be under the supervision of a qualified instructor. The pursuit of learning should be relentless in the Martial Arts of\u00a0<span class=\"a-text-italic\"><i>Bujinkan<\/i><\/span>.<\/p><p>This work has a logical sequence, both in the technical and theoretical parts.<\/p><p>This program can and should be studied independently of the student\u2019s degree.<\/p><p>This book is a relic of ancient knowledge, a treasure trove of wisdom from the\u00a0<span class=\"a-text-italic\"><i>Togakure Ninjas<\/i><\/span>\u00a0that reveals the secrets of the shadows. Within its pages, you will find teachings passed down through centuries.<\/p><p>Explore the techniques of stealth, strategy, and self-discipline that forged true warriors of the shadows.<\/p><p>This book is your key to the knowledge of the\u00a0<span class=\"a-text-italic\"><i>Togakure Ry\u016b Ninjas<\/i><\/span>.<\/p><ul><li>124 pages.<\/li><\/ul>\t\t\t\t\t\t\t\t<\/div>\n\t\t\t\t<\/div>\n\t\t\t\t\t<\/div>\n\t\t<\/div>\n\t\t\t\t\t<\/div>\n\t\t<\/section>\n\t\t\t\t<section class=\"elementor-section elementor-top-section elementor-element elementor-element-34f26583 elementor-section-boxed elementor-section-height-default elementor-section-height-default\" data-id=\"34f26583\" data-element_type=\"section\" data-e-type=\"section\" data-settings=\"{&quot;_ha_eqh_enable&quot;:false}\">\n\t\t\t\t\t\t<div class=\"elementor-container elementor-column-gap-default\">\n\t\t\t\t\t<div class=\"elementor-column elementor-col-100 elementor-top-column elementor-element elementor-element-2e8ea1ef\" data-id=\"2e8ea1ef\" data-element_type=\"column\" data-e-type=\"column\">\n\t\t\t<div class=\"elementor-widget-wrap elementor-element-populated\">\n\t\t\t\t\t\t<div class=\"elementor-element elementor-element-2dccde20 elementor-widget elementor-widget-heading\" data-id=\"2dccde20\" data-element_type=\"widget\" data-e-type=\"widget\" data-widget_type=\"heading.default\">\n\t\t\t\t<div class=\"elementor-widget-container\">\n\t\t\t\t\t<h3 class=\"elementor-heading-title elementor-size-default\">CONTENT<\/h3>\t\t\t\t<\/div>\n\t\t\t\t<\/div>\n\t\t\t\t\t<\/div>\n\t\t<\/div>\n\t\t\t\t\t<\/div>\n\t\t<\/section>\n\t\t\t\t<section class=\"elementor-section elementor-top-section elementor-element elementor-element-180c7fb0 elementor-section-boxed elementor-section-height-default elementor-section-height-default\" data-id=\"180c7fb0\" data-element_type=\"section\" data-e-type=\"section\" data-settings=\"{&quot;_ha_eqh_enable&quot;:false}\">\n\t\t\t\t\t\t<div class=\"elementor-container elementor-column-gap-default\">\n\t\t\t\t\t<div class=\"elementor-column elementor-col-20 elementor-top-column elementor-element elementor-element-4fe95ee1\" data-id=\"4fe95ee1\" data-element_type=\"column\" data-e-type=\"column\">\n\t\t\t<div class=\"elementor-widget-wrap elementor-element-populated\">\n\t\t\t\t\t\t<div class=\"elementor-element elementor-element-0a35fad elementor-widget elementor-widget-heading\" data-id=\"0a35fad\" data-element_type=\"widget\" data-e-type=\"widget\" data-widget_type=\"heading.default\">\n\t\t\t\t<div class=\"elementor-widget-container\">\n\t\t\t\t\t<h4 class=\"elementor-heading-title elementor-size-default\">-<\/h4>\t\t\t\t<\/div>\n\t\t\t\t<\/div>\n\t\t\t\t<div class=\"elementor-element elementor-element-495565c elementor-widget elementor-widget-text-editor\" data-id=\"495565c\" data-element_type=\"widget\" data-e-type=\"widget\" data-widget_type=\"text-editor.default\">\n\t\t\t\t<div class=\"elementor-widget-container\">\n\t\t\t\t\t\t\t\t\t<p><strong>&#8211; NOTIFICATION<br \/><\/strong><strong>&#8211; INTRODUCTION<br \/><\/strong><strong>&#8211; HOW TO TRAIN<br \/><\/strong><strong>&#8211; REKISHI<br \/><\/strong><strong>&#8211; DENKEI<\/strong><\/p>\t\t\t\t\t\t\t\t<\/div>\n\t\t\t\t<\/div>\n\t\t\t\t\t<\/div>\n\t\t<\/div>\n\t\t\t\t<div class=\"elementor-column elementor-col-20 elementor-top-column elementor-element elementor-element-3cca0ba\" data-id=\"3cca0ba\" data-element_type=\"column\" data-e-type=\"column\">\n\t\t\t<div class=\"elementor-widget-wrap elementor-element-populated\">\n\t\t\t\t\t\t<div class=\"elementor-element elementor-element-2e602532 elementor-widget elementor-widget-heading\" data-id=\"2e602532\" data-element_type=\"widget\" data-e-type=\"widget\" data-widget_type=\"heading.default\">\n\t\t\t\t<div class=\"elementor-widget-container\">\n\t\t\t\t\t<h4 class=\"elementor-heading-title elementor-size-default\">NINP\u014c TAIJUTSU<\/h4>\t\t\t\t<\/div>\n\t\t\t\t<\/div>\n\t\t\t\t<div class=\"elementor-element elementor-element-7eb52829 elementor-widget elementor-widget-text-editor\" data-id=\"7eb52829\" data-element_type=\"widget\" data-e-type=\"widget\" data-widget_type=\"text-editor.default\">\n\t\t\t\t<div class=\"elementor-widget-container\">\n\t\t\t\t\t\t\t\t\t<p><strong>\u2013 KIHON GATA<br \/><\/strong><strong>\u2013 KAMAE<br \/><\/strong><strong>\u2013 TAIJUTSU UKEMI GATA<br \/><\/strong><strong>\u2013 SHINOBI GAESHI GATA<br \/><\/strong><strong>\u2013 HIDEN GATA<br \/><\/strong><strong>\u2013 SANT\u014c TONK\u014c NO KATA<\/strong><\/p>\t\t\t\t\t\t\t\t<\/div>\n\t\t\t\t<\/div>\n\t\t\t\t\t<\/div>\n\t\t<\/div>\n\t\t\t\t<div class=\"elementor-column elementor-col-20 elementor-top-column elementor-element elementor-element-70c51939\" data-id=\"70c51939\" data-element_type=\"column\" data-e-type=\"column\">\n\t\t\t<div class=\"elementor-widget-wrap elementor-element-populated\">\n\t\t\t\t\t\t<div class=\"elementor-element elementor-element-635962da elementor-widget elementor-widget-heading\" data-id=\"635962da\" data-element_type=\"widget\" data-e-type=\"widget\" data-widget_type=\"heading.default\">\n\t\t\t\t<div class=\"elementor-widget-container\">\n\t\t\t\t\t<h4 class=\"elementor-heading-title elementor-size-default\">NINJA BIKEN<\/h4>\t\t\t\t<\/div>\n\t\t\t\t<\/div>\n\t\t\t\t<div class=\"elementor-element elementor-element-2f5de236 elementor-widget elementor-widget-text-editor\" data-id=\"2f5de236\" data-element_type=\"widget\" data-e-type=\"widget\" data-widget_type=\"text-editor.default\">\n\t\t\t\t<div class=\"elementor-widget-container\">\n\t\t\t\t\t\t\t\t\t<p><strong>\u2013 KIHON<br \/>\u2013 KAMAE<br \/>\u2013 HAPP\u014c BIKEN<br \/>\u2013 TE NO UCHI<br \/>\u2013 SAGEO NO KATA<\/strong><\/p>\t\t\t\t\t\t\t\t<\/div>\n\t\t\t\t<\/div>\n\t\t\t\t\t<\/div>\n\t\t<\/div>\n\t\t\t\t<div class=\"elementor-column elementor-col-20 elementor-top-column elementor-element elementor-element-557916f9\" data-id=\"557916f9\" data-element_type=\"column\" data-e-type=\"column\">\n\t\t\t<div class=\"elementor-widget-wrap elementor-element-populated\">\n\t\t\t\t\t\t<div class=\"elementor-element elementor-element-2e2f7b95 elementor-widget elementor-widget-heading\" data-id=\"2e2f7b95\" data-element_type=\"widget\" data-e-type=\"widget\" data-widget_type=\"heading.default\">\n\t\t\t\t<div class=\"elementor-widget-container\">\n\t\t\t\t\t<h4 class=\"elementor-heading-title elementor-size-default\">TONK\u014c NO JUTSU<\/h4>\t\t\t\t<\/div>\n\t\t\t\t<\/div>\n\t\t\t\t<div class=\"elementor-element elementor-element-4686d9db elementor-widget elementor-widget-text-editor\" data-id=\"4686d9db\" data-element_type=\"widget\" data-e-type=\"widget\" data-widget_type=\"text-editor.default\">\n\t\t\t\t<div class=\"elementor-widget-container\">\n\t\t\t\t\t\t\t\t\t<p><strong>\u2013 MOKUTON NO JUTSU<br \/>\u2013 KATON NO JUTSU<br \/>\u2013 DOTON NO JUTSU<br \/>\u2013 KINTON NO JUTSU<br \/>\u2013 SUITON NO JUTSU<br \/>\u2013 JINTON NO JUTSU<br \/>\u2013 KINTON, JUTON, CHUTON, GYOTON NO JUTSU<br \/>\u2013 TENTON NO JUTSU<br \/>\u2013 ANKOKU T\u014cSHI NO JUTSU<br \/><\/strong><\/p>\t\t\t\t\t\t\t\t<\/div>\n\t\t\t\t<\/div>\n\t\t\t\t\t<\/div>\n\t\t<\/div>\n\t\t\t\t<div class=\"elementor-column elementor-col-20 elementor-top-column elementor-element elementor-element-4ee476d1\" data-id=\"4ee476d1\" data-element_type=\"column\" data-e-type=\"column\">\n\t\t\t<div class=\"elementor-widget-wrap elementor-element-populated\">\n\t\t\t\t\t\t<div class=\"elementor-element elementor-element-6bba834 elementor-widget elementor-widget-heading\" data-id=\"6bba834\" data-element_type=\"widget\" data-e-type=\"widget\" data-widget_type=\"heading.default\">\n\t\t\t\t<div class=\"elementor-widget-container\">\n\t\t\t\t\t<h4 class=\"elementor-heading-title elementor-size-default\">-<\/h4>\t\t\t\t<\/div>\n\t\t\t\t<\/div>\n\t\t\t\t<div class=\"elementor-element elementor-element-3f266ac elementor-widget elementor-widget-text-editor\" data-id=\"3f266ac\" data-element_type=\"widget\" data-e-type=\"widget\" data-widget_type=\"text-editor.default\">\n\t\t\t\t<div class=\"elementor-widget-container\">\n\t\t\t\t\t\t\t\t\t<p><strong>&#8211; OTHER NINJUTSU SCHOOLS<br \/><\/strong><strong>&#8211; THE ESSENCCE OF NINJUTSU<\/strong><\/p>\t\t\t\t\t\t\t\t<\/div>\n\t\t\t\t<\/div>\n\t\t\t\t\t<\/div>\n\t\t<\/div>\n\t\t\t\t\t<\/div>\n\t\t<\/section>\n\t\t\t\t<\/div>","protected":false},"excerpt":{"rendered":"<p>TOGAKURE RY\u016a NINJUTSU (ENGLISH) VERS\u00c3O EM PORTUGU\u00caS VERSI\u00d3N EN ESPA\u00d1OL BUY ON AMAZON This book contains step-by-step techniques of\u00a0Togakure Ry\u016b Ninjutsu.It is essential to emphasize that this program should not be used as the sole and exclusive source of study. It is indispensable to be under the supervision of a qualified instructor. The pursuit of [&hellip;]<\/p>\n","protected":false},"author":1,"featured_media":9136,"parent":0,"menu_order":0,"comment_status":"closed","ping_status":"closed","template":"","meta":{"footnotes":""},"class_list":["post-9370","page","type-page","status-publish","has-post-thumbnail","hentry"],"_links":{"self":[{"href":"https:\/\/denshoseries.com\/en\/wp-json\/wp\/v2\/pages\/9370","targetHints":{"allow":["GET"]}}],"collection":[{"href":"https:\/\/denshoseries.com\/en\/wp-json\/wp\/v2\/pages"}],"about":[{"href":"https:\/\/denshoseries.com\/en\/wp-json\/wp\/v2\/types\/page"}],"author":[{"embeddable":true,"href":"https:\/\/denshoseries.com\/en\/wp-json\/wp\/v2\/users\/1"}],"replies":[{"embeddable":true,"href":"https:\/\/denshoseries.com\/en\/wp-json\/wp\/v2\/comments?post=9370"}],"version-history":[{"count":29,"href":"https:\/\/denshoseries.com\/en\/wp-json\/wp\/v2\/pages\/9370\/revisions"}],"predecessor-version":[{"id":9801,"href":"https:\/\/denshoseries.com\/en\/wp-json\/wp\/v2\/pages\/9370\/revisions\/9801"}],"wp:featuredmedia":[{"embeddable":true,"href":"https:\/\/denshoseries.com\/en\/wp-json\/wp\/v2\/media\/9136"}],"wp:attachment":[{"href":"https:\/\/denshoseries.com\/en\/wp-json\/wp\/v2\/media?parent=9370"}],"curies":[{"name":"wp","href":"https:\/\/api.w.org\/{rel}","templated":true}]}}