{"id":9335,"date":"2023-09-28T18:31:08","date_gmt":"2023-09-28T21:31:08","guid":{"rendered":"https:\/\/denshoseries.com\/?page_id=9335"},"modified":"2025-07-02T16:51:30","modified_gmt":"2025-07-02T19:51:30","slug":"togakure-ryu-ninjutsu-densho-pt-br","status":"publish","type":"page","link":"https:\/\/denshoseries.com\/en\/togakure-ryu-ninjutsu-densho-pt-br\/","title":{"rendered":"Togakure Ry\u016b Ninjutsu Densh\u014d PT\/BR"},"content":{"rendered":"<div data-elementor-type=\"wp-page\" data-elementor-id=\"9335\" class=\"elementor elementor-9335\" data-elementor-settings=\"{&quot;ha_cmc_init_switcher&quot;:&quot;no&quot;}\">\n\t\t\t\t\t\t<section class=\"elementor-section elementor-top-section elementor-element elementor-element-77126c0 elementor-section-boxed elementor-section-height-default elementor-section-height-default\" data-id=\"77126c0\" data-element_type=\"section\" data-e-type=\"section\" data-settings=\"{&quot;_ha_eqh_enable&quot;:false}\">\n\t\t\t\t\t\t<div class=\"elementor-container elementor-column-gap-default\">\n\t\t\t\t\t<div class=\"elementor-column elementor-col-100 elementor-top-column elementor-element elementor-element-531a059\" data-id=\"531a059\" data-element_type=\"column\" data-e-type=\"column\">\n\t\t\t<div class=\"elementor-widget-wrap elementor-element-populated\">\n\t\t\t\t\t\t<div class=\"elementor-element elementor-element-efb8a99 elementor-widget elementor-widget-heading\" data-id=\"efb8a99\" data-element_type=\"widget\" data-e-type=\"widget\" data-widget_type=\"heading.default\">\n\t\t\t\t<div class=\"elementor-widget-container\">\n\t\t\t\t\t<h1 class=\"elementor-heading-title elementor-size-default\">TOGAKURE RY\u016a NINJUTSU<\/h1>\t\t\t\t<\/div>\n\t\t\t\t<\/div>\n\t\t\t\t\t<\/div>\n\t\t<\/div>\n\t\t\t\t\t<\/div>\n\t\t<\/section>\n\t\t\t\t<section class=\"elementor-section elementor-top-section elementor-element elementor-element-99ef59f elementor-section-boxed elementor-section-height-default elementor-section-height-default\" data-id=\"99ef59f\" data-element_type=\"section\" data-e-type=\"section\" data-settings=\"{&quot;_ha_eqh_enable&quot;:false}\">\n\t\t\t\t\t\t<div class=\"elementor-container elementor-column-gap-default\">\n\t\t\t\t\t<div class=\"elementor-column elementor-col-50 elementor-top-column elementor-element elementor-element-e7911e1\" data-id=\"e7911e1\" data-element_type=\"column\" data-e-type=\"column\">\n\t\t\t<div class=\"elementor-widget-wrap elementor-element-populated\">\n\t\t\t\t\t\t<div class=\"elementor-element elementor-element-56e2b85 elementor-align-right elementor-widget elementor-widget-button\" data-id=\"56e2b85\" data-element_type=\"widget\" data-e-type=\"widget\" data-widget_type=\"button.default\">\n\t\t\t\t<div class=\"elementor-widget-container\">\n\t\t\t\t\t\t\t\t\t<div class=\"elementor-button-wrapper\">\n\t\t\t\t\t<a class=\"elementor-button elementor-button-link elementor-size-xs\" href=\"https:\/\/denshoseries.com\/en\/togakure-ryu-ninjutsu-densho-en\/\">\n\t\t\t\t\t\t<span class=\"elementor-button-content-wrapper\">\n\t\t\t\t\t\t\t\t\t<span class=\"elementor-button-text\">ENGLISH VERSION<\/span>\n\t\t\t\t\t<\/span>\n\t\t\t\t\t<\/a>\n\t\t\t\t<\/div>\n\t\t\t\t\t\t\t\t<\/div>\n\t\t\t\t<\/div>\n\t\t\t\t\t<\/div>\n\t\t<\/div>\n\t\t\t\t<div class=\"elementor-column elementor-col-50 elementor-top-column elementor-element elementor-element-27c0212\" data-id=\"27c0212\" data-element_type=\"column\" data-e-type=\"column\">\n\t\t\t<div class=\"elementor-widget-wrap elementor-element-populated\">\n\t\t\t\t\t\t<div class=\"elementor-element elementor-element-b419c38 elementor-align-left elementor-widget elementor-widget-button\" data-id=\"b419c38\" data-element_type=\"widget\" data-e-type=\"widget\" data-widget_type=\"button.default\">\n\t\t\t\t<div class=\"elementor-widget-container\">\n\t\t\t\t\t\t\t\t\t<div class=\"elementor-button-wrapper\">\n\t\t\t\t\t<a class=\"elementor-button elementor-button-link elementor-size-xs\" href=\"https:\/\/denshoseries.com\/en\/togakure-ryu-ninjutsu-densho-es\/\">\n\t\t\t\t\t\t<span class=\"elementor-button-content-wrapper\">\n\t\t\t\t\t\t\t\t\t<span class=\"elementor-button-text\">VERSI\u00d3N EN ESPA\u00d1OL<\/span>\n\t\t\t\t\t<\/span>\n\t\t\t\t\t<\/a>\n\t\t\t\t<\/div>\n\t\t\t\t\t\t\t\t<\/div>\n\t\t\t\t<\/div>\n\t\t\t\t\t<\/div>\n\t\t<\/div>\n\t\t\t\t\t<\/div>\n\t\t<\/section>\n\t\t\t\t<section class=\"elementor-section elementor-top-section elementor-element elementor-element-cadd044 elementor-section-boxed elementor-section-height-default elementor-section-height-default\" data-id=\"cadd044\" data-element_type=\"section\" data-e-type=\"section\" data-settings=\"{&quot;_ha_eqh_enable&quot;:false}\">\n\t\t\t\t\t\t<div class=\"elementor-container elementor-column-gap-default\">\n\t\t\t\t\t<div class=\"elementor-column elementor-col-33 elementor-top-column elementor-element elementor-element-c468707\" data-id=\"c468707\" data-element_type=\"column\" data-e-type=\"column\">\n\t\t\t<div class=\"elementor-widget-wrap elementor-element-populated\">\n\t\t\t\t\t\t<div class=\"elementor-element elementor-element-790048d elementor-widget elementor-widget-image\" data-id=\"790048d\" data-element_type=\"widget\" data-e-type=\"widget\" data-widget_type=\"image.default\">\n\t\t\t\t<div class=\"elementor-widget-container\">\n\t\t\t\t\t\t\t\t\t\t\t\t\t\t\t<img fetchpriority=\"high\" decoding=\"async\" width=\"708\" height=\"997\" src=\"https:\/\/denshoseries.com\/wp-content\/uploads\/2023\/08\/TOGAKURE-RYU-DENSHO-capa.webp\" class=\"attachment-large size-large wp-image-9136\" alt=\"\" srcset=\"https:\/\/denshoseries.com\/wp-content\/uploads\/2023\/08\/TOGAKURE-RYU-DENSHO-capa.webp 708w, https:\/\/denshoseries.com\/wp-content\/uploads\/2023\/08\/TOGAKURE-RYU-DENSHO-capa-284x400.webp 284w, https:\/\/denshoseries.com\/wp-content\/uploads\/2023\/08\/TOGAKURE-RYU-DENSHO-capa-9x12.webp 9w, https:\/\/denshoseries.com\/wp-content\/uploads\/2023\/08\/TOGAKURE-RYU-DENSHO-capa-11x16.webp 11w, https:\/\/denshoseries.com\/wp-content\/uploads\/2023\/08\/TOGAKURE-RYU-DENSHO-capa-17x24.webp 17w, https:\/\/denshoseries.com\/wp-content\/uploads\/2023\/08\/TOGAKURE-RYU-DENSHO-capa-26x36.webp 26w, https:\/\/denshoseries.com\/wp-content\/uploads\/2023\/08\/TOGAKURE-RYU-DENSHO-capa-600x845.webp 600w\" sizes=\"(max-width: 708px) 100vw, 708px\" \/>\t\t\t\t\t\t\t\t\t\t\t\t\t\t\t<\/div>\n\t\t\t\t<\/div>\n\t\t\t\t\t<\/div>\n\t\t<\/div>\n\t\t\t\t<div class=\"elementor-column elementor-col-66 elementor-top-column elementor-element elementor-element-903a67f\" data-id=\"903a67f\" data-element_type=\"column\" data-e-type=\"column\">\n\t\t\t<div class=\"elementor-widget-wrap elementor-element-populated\">\n\t\t\t\t\t\t<div class=\"elementor-element elementor-element-1001e74 elementor-align-center elementor-widget elementor-widget-button\" data-id=\"1001e74\" data-element_type=\"widget\" data-e-type=\"widget\" data-widget_type=\"button.default\">\n\t\t\t\t<div class=\"elementor-widget-container\">\n\t\t\t\t\t\t\t\t\t<div class=\"elementor-button-wrapper\">\n\t\t\t\t\t<a class=\"elementor-button elementor-button-link elementor-size-xs\" href=\"https:\/\/www.amazon.com\/dp\/B0CHL3QYQK\" target=\"_blank\">\n\t\t\t\t\t\t<span class=\"elementor-button-content-wrapper\">\n\t\t\t\t\t\t\t\t\t<span class=\"elementor-button-text\">COMPRAR NA AMAZON<\/span>\n\t\t\t\t\t<\/span>\n\t\t\t\t\t<\/a>\n\t\t\t\t<\/div>\n\t\t\t\t\t\t\t\t<\/div>\n\t\t\t\t<\/div>\n\t\t\t\t<div class=\"elementor-element elementor-element-5f10ff9 elementor-align-center elementor-widget elementor-widget-button\" data-id=\"5f10ff9\" data-element_type=\"widget\" data-e-type=\"widget\" data-widget_type=\"button.default\">\n\t\t\t\t<div class=\"elementor-widget-container\">\n\t\t\t\t\t\t\t\t\t<div class=\"elementor-button-wrapper\">\n\t\t\t\t\t<a class=\"elementor-button elementor-button-link elementor-size-xs\" href=\"https:\/\/go.hotmart.com\/R99199202A?dp=1\" target=\"_blank\">\n\t\t\t\t\t\t<span class=\"elementor-button-content-wrapper\">\n\t\t\t\t\t\t\t\t\t<span class=\"elementor-button-text\">COMPRAR NA HOTMART<\/span>\n\t\t\t\t\t<\/span>\n\t\t\t\t\t<\/a>\n\t\t\t\t<\/div>\n\t\t\t\t\t\t\t\t<\/div>\n\t\t\t\t<\/div>\n\t\t\t\t<div class=\"elementor-element elementor-element-4f9b9e4 elementor-widget elementor-widget-text-editor\" data-id=\"4f9b9e4\" data-element_type=\"widget\" data-e-type=\"widget\" data-widget_type=\"text-editor.default\">\n\t\t\t\t<div class=\"elementor-widget-container\">\n\t\t\t\t\t\t\t\t\t<p><strong><span class=\"a-text-bold\">Este livro cont\u00e9m t\u00e9cnicas de<em>\u00a0<\/em><\/span><em><span class=\"a-text-bold a-text-italic\">Togakure Ry\u016b Ninjutsu<\/span><\/em><span class=\"a-text-bold\">\u00a0descritas passo a passo.<\/span><\/strong><\/p><p>\u00c9 muito importante ressaltar que este programa n\u00e3o deve ser usado como fonte \u00fanica e exclusiva de estudos, \u00e9 indispens\u00e1vel estar sob a supervis\u00e3o de um instrutor qualificado. A busca pelo aprendizado deve ser incessante nas Artes Marciais da\u00a0<span class=\"a-text-italic\"><i>Bujinkan<\/i><\/span>.<\/p><p>Este trabalho possui uma sequ\u00eancia l\u00f3gica, tanto na parte t\u00e9cnica como na parte te\u00f3rica.<\/p><p>Este programa pode e deve ser estudado independentemente da gradua\u00e7\u00e3o do estudante.<\/p><p>Esse livro \u00e9 uma rel\u00edquia de conhecimento ancestral, um tesouro de sabedoria dos\u00a0<em><span class=\"a-text-italic\">Ninjas<\/span>\u00a0<\/em>de\u00a0<em><span class=\"a-text-italic\">Togakure<\/span>\u00a0<\/em>que revela os segredos das sombras. Entre suas p\u00e1ginas, voc\u00ea encontrar\u00e1 os ensinamentos transmitidos ao longo de s\u00e9culos.<\/p><p>Explore as t\u00e9cnicas de furtividade, estrat\u00e9gia e autodisciplina que forjaram os verdadeiros guerreiros das sombras.<\/p><p>Este livro \u00e9 sua chave do conhecimento dos\u00a0<em><span class=\"a-text-italic\">Ninjas<\/span>\u00a0<\/em>de\u00a0<em><span class=\"a-text-italic\">Togakure Ry\u016b<\/span><\/em>.<\/p><ul><li>Possui 124 p\u00e1ginas.<\/li><li>Formato: 15cm x 21cm<\/li><\/ul>\t\t\t\t\t\t\t\t<\/div>\n\t\t\t\t<\/div>\n\t\t\t\t\t<\/div>\n\t\t<\/div>\n\t\t\t\t\t<\/div>\n\t\t<\/section>\n\t\t\t\t<section class=\"elementor-section elementor-top-section elementor-element elementor-element-51d28ad elementor-section-boxed elementor-section-height-default elementor-section-height-default\" data-id=\"51d28ad\" data-element_type=\"section\" data-e-type=\"section\" data-settings=\"{&quot;_ha_eqh_enable&quot;:false}\">\n\t\t\t\t\t\t<div class=\"elementor-container elementor-column-gap-default\">\n\t\t\t\t\t<div class=\"elementor-column elementor-col-100 elementor-top-column elementor-element elementor-element-5fa7190\" data-id=\"5fa7190\" data-element_type=\"column\" data-e-type=\"column\">\n\t\t\t<div class=\"elementor-widget-wrap elementor-element-populated\">\n\t\t\t\t\t\t<div class=\"elementor-element elementor-element-2428635 elementor-widget elementor-widget-heading\" data-id=\"2428635\" data-element_type=\"widget\" data-e-type=\"widget\" data-widget_type=\"heading.default\">\n\t\t\t\t<div class=\"elementor-widget-container\">\n\t\t\t\t\t<h3 class=\"elementor-heading-title elementor-size-default\">CONTE\u00daDO<\/h3>\t\t\t\t<\/div>\n\t\t\t\t<\/div>\n\t\t\t\t\t<\/div>\n\t\t<\/div>\n\t\t\t\t\t<\/div>\n\t\t<\/section>\n\t\t\t\t<section class=\"elementor-section elementor-top-section elementor-element elementor-element-e790f77 elementor-section-boxed elementor-section-height-default elementor-section-height-default\" data-id=\"e790f77\" data-element_type=\"section\" data-e-type=\"section\" data-settings=\"{&quot;_ha_eqh_enable&quot;:false}\">\n\t\t\t\t\t\t<div class=\"elementor-container elementor-column-gap-default\">\n\t\t\t\t\t<div class=\"elementor-column elementor-col-20 elementor-top-column elementor-element elementor-element-390c9f7\" data-id=\"390c9f7\" data-element_type=\"column\" data-e-type=\"column\">\n\t\t\t<div class=\"elementor-widget-wrap elementor-element-populated\">\n\t\t\t\t\t\t<div class=\"elementor-element elementor-element-7866ad7 elementor-widget elementor-widget-heading\" data-id=\"7866ad7\" data-element_type=\"widget\" data-e-type=\"widget\" data-widget_type=\"heading.default\">\n\t\t\t\t<div class=\"elementor-widget-container\">\n\t\t\t\t\t<h4 class=\"elementor-heading-title elementor-size-default\">-<\/h4>\t\t\t\t<\/div>\n\t\t\t\t<\/div>\n\t\t\t\t<div class=\"elementor-element elementor-element-096147f elementor-widget elementor-widget-text-editor\" data-id=\"096147f\" data-element_type=\"widget\" data-e-type=\"widget\" data-widget_type=\"text-editor.default\">\n\t\t\t\t<div class=\"elementor-widget-container\">\n\t\t\t\t\t\t\t\t\t<p><strong>&#8211; NOTIFICA\u00c7\u00c3O<br \/><\/strong><strong>&#8211; INTRODU\u00c7\u00c3O<br \/><\/strong><strong>&#8211; COMO TREINAR<br \/><\/strong><strong>&#8211; REKISHI<br \/><\/strong><strong>&#8211; DENKEI<\/strong><\/p>\t\t\t\t\t\t\t\t<\/div>\n\t\t\t\t<\/div>\n\t\t\t\t\t<\/div>\n\t\t<\/div>\n\t\t\t\t<div class=\"elementor-column elementor-col-20 elementor-top-column elementor-element elementor-element-81070ea\" data-id=\"81070ea\" data-element_type=\"column\" data-e-type=\"column\">\n\t\t\t<div class=\"elementor-widget-wrap elementor-element-populated\">\n\t\t\t\t\t\t<div class=\"elementor-element elementor-element-825935e elementor-widget elementor-widget-heading\" data-id=\"825935e\" data-element_type=\"widget\" data-e-type=\"widget\" data-widget_type=\"heading.default\">\n\t\t\t\t<div class=\"elementor-widget-container\">\n\t\t\t\t\t<h4 class=\"elementor-heading-title elementor-size-default\">NINP\u014c TAIJUTSU<\/h4>\t\t\t\t<\/div>\n\t\t\t\t<\/div>\n\t\t\t\t<div class=\"elementor-element elementor-element-56e8b46 elementor-widget elementor-widget-text-editor\" data-id=\"56e8b46\" data-element_type=\"widget\" data-e-type=\"widget\" data-widget_type=\"text-editor.default\">\n\t\t\t\t<div class=\"elementor-widget-container\">\n\t\t\t\t\t\t\t\t\t<p><strong>\u2013 KIHON GATA<br \/><\/strong><strong>\u2013 KAMAE<br \/><\/strong><strong>\u2013 TAIJUTSU UKEMI GATA<br \/><\/strong><strong>\u2013 SHINOBI GAESHI GATA<br \/><\/strong><strong>\u2013 HIDEN GATA<br \/><\/strong><strong>\u2013 SANT\u014c TONK\u014c NO KATA<\/strong><\/p>\t\t\t\t\t\t\t\t<\/div>\n\t\t\t\t<\/div>\n\t\t\t\t\t<\/div>\n\t\t<\/div>\n\t\t\t\t<div class=\"elementor-column elementor-col-20 elementor-top-column elementor-element elementor-element-a559b5b\" data-id=\"a559b5b\" data-element_type=\"column\" data-e-type=\"column\">\n\t\t\t<div class=\"elementor-widget-wrap elementor-element-populated\">\n\t\t\t\t\t\t<div class=\"elementor-element elementor-element-8905e8c elementor-widget elementor-widget-heading\" data-id=\"8905e8c\" data-element_type=\"widget\" data-e-type=\"widget\" data-widget_type=\"heading.default\">\n\t\t\t\t<div class=\"elementor-widget-container\">\n\t\t\t\t\t<h4 class=\"elementor-heading-title elementor-size-default\">NINJA BIKEN<\/h4>\t\t\t\t<\/div>\n\t\t\t\t<\/div>\n\t\t\t\t<div class=\"elementor-element elementor-element-33b8d38 elementor-widget elementor-widget-text-editor\" data-id=\"33b8d38\" data-element_type=\"widget\" data-e-type=\"widget\" data-widget_type=\"text-editor.default\">\n\t\t\t\t<div class=\"elementor-widget-container\">\n\t\t\t\t\t\t\t\t\t<p><strong>\u2013 KIHON<br \/>\u2013 KAMAE<br \/>\u2013 HAPP\u014c BIKEN<br \/>\u2013 TE NO UCHI<br \/>\u2013 SAGEO NO KATA<\/strong><\/p>\t\t\t\t\t\t\t\t<\/div>\n\t\t\t\t<\/div>\n\t\t\t\t\t<\/div>\n\t\t<\/div>\n\t\t\t\t<div class=\"elementor-column elementor-col-20 elementor-top-column elementor-element elementor-element-35c0220\" data-id=\"35c0220\" data-element_type=\"column\" data-e-type=\"column\">\n\t\t\t<div class=\"elementor-widget-wrap elementor-element-populated\">\n\t\t\t\t\t\t<div class=\"elementor-element elementor-element-e528fbf elementor-widget elementor-widget-heading\" data-id=\"e528fbf\" data-element_type=\"widget\" data-e-type=\"widget\" data-widget_type=\"heading.default\">\n\t\t\t\t<div class=\"elementor-widget-container\">\n\t\t\t\t\t<h4 class=\"elementor-heading-title elementor-size-default\">TONK\u014c NO JUTSU<\/h4>\t\t\t\t<\/div>\n\t\t\t\t<\/div>\n\t\t\t\t<div class=\"elementor-element elementor-element-5a33a9c elementor-widget elementor-widget-text-editor\" data-id=\"5a33a9c\" data-element_type=\"widget\" data-e-type=\"widget\" data-widget_type=\"text-editor.default\">\n\t\t\t\t<div class=\"elementor-widget-container\">\n\t\t\t\t\t\t\t\t\t<p><strong>\u2013 MOKUTON NO JUTSU<br \/>\u2013 KATON NO JUTSU<br \/>\u2013 DOTON NO JUTSU<br \/>\u2013 KINTON NO JUTSU<br \/>\u2013 SUITON NO JUTSU<br \/>\u2013 JINTON NO JUTSU<br \/>\u2013 KINTON, JUTON, CHUTON, GYOTON NO JUTSU<br \/>\u2013 TENTON NO JUTSU<br \/>\u2013 ANKOKU T\u014cSHI NO JUTSU<br \/><\/strong><\/p>\t\t\t\t\t\t\t\t<\/div>\n\t\t\t\t<\/div>\n\t\t\t\t\t<\/div>\n\t\t<\/div>\n\t\t\t\t<div class=\"elementor-column elementor-col-20 elementor-top-column elementor-element elementor-element-3f38265\" data-id=\"3f38265\" data-element_type=\"column\" data-e-type=\"column\">\n\t\t\t<div class=\"elementor-widget-wrap elementor-element-populated\">\n\t\t\t\t\t\t<div class=\"elementor-element elementor-element-ea3c976 elementor-widget elementor-widget-heading\" data-id=\"ea3c976\" data-element_type=\"widget\" data-e-type=\"widget\" data-widget_type=\"heading.default\">\n\t\t\t\t<div class=\"elementor-widget-container\">\n\t\t\t\t\t<h4 class=\"elementor-heading-title elementor-size-default\">-<\/h4>\t\t\t\t<\/div>\n\t\t\t\t<\/div>\n\t\t\t\t<div class=\"elementor-element elementor-element-fed0820 elementor-widget elementor-widget-text-editor\" data-id=\"fed0820\" data-element_type=\"widget\" data-e-type=\"widget\" data-widget_type=\"text-editor.default\">\n\t\t\t\t<div class=\"elementor-widget-container\">\n\t\t\t\t\t\t\t\t\t<p><strong>&#8211; OUTRAS ESCOLAS DE NINJUTSU<br \/><\/strong><strong>&#8211; A ESS\u00caNCIA DO NINJUTSU<\/strong><\/p>\t\t\t\t\t\t\t\t<\/div>\n\t\t\t\t<\/div>\n\t\t\t\t\t<\/div>\n\t\t<\/div>\n\t\t\t\t\t<\/div>\n\t\t<\/section>\n\t\t\t\t<\/div>","protected":false},"excerpt":{"rendered":"<p>TOGAKURE RY\u016a NINJUTSU ENGLISH VERSION VERSI\u00d3N EN ESPA\u00d1OL COMPRAR NA AMAZON COMPRAR NA HOTMART Este livro cont\u00e9m t\u00e9cnicas de\u00a0Togakure Ry\u016b Ninjutsu\u00a0descritas passo a passo. \u00c9 muito importante ressaltar que este programa n\u00e3o deve ser usado como fonte \u00fanica e exclusiva de estudos, \u00e9 indispens\u00e1vel estar sob a supervis\u00e3o de um instrutor qualificado. A busca pelo [&hellip;]<\/p>\n","protected":false},"author":1,"featured_media":9136,"parent":0,"menu_order":0,"comment_status":"closed","ping_status":"closed","template":"","meta":{"footnotes":""},"class_list":["post-9335","page","type-page","status-publish","has-post-thumbnail","hentry"],"_links":{"self":[{"href":"https:\/\/denshoseries.com\/en\/wp-json\/wp\/v2\/pages\/9335","targetHints":{"allow":["GET"]}}],"collection":[{"href":"https:\/\/denshoseries.com\/en\/wp-json\/wp\/v2\/pages"}],"about":[{"href":"https:\/\/denshoseries.com\/en\/wp-json\/wp\/v2\/types\/page"}],"author":[{"embeddable":true,"href":"https:\/\/denshoseries.com\/en\/wp-json\/wp\/v2\/users\/1"}],"replies":[{"embeddable":true,"href":"https:\/\/denshoseries.com\/en\/wp-json\/wp\/v2\/comments?post=9335"}],"version-history":[{"count":56,"href":"https:\/\/denshoseries.com\/en\/wp-json\/wp\/v2\/pages\/9335\/revisions"}],"predecessor-version":[{"id":10364,"href":"https:\/\/denshoseries.com\/en\/wp-json\/wp\/v2\/pages\/9335\/revisions\/10364"}],"wp:featuredmedia":[{"embeddable":true,"href":"https:\/\/denshoseries.com\/en\/wp-json\/wp\/v2\/media\/9136"}],"wp:attachment":[{"href":"https:\/\/denshoseries.com\/en\/wp-json\/wp\/v2\/media?parent=9335"}],"curies":[{"name":"wp","href":"https:\/\/api.w.org\/{rel}","templated":true}]}}