{"id":3934,"date":"2019-06-17T06:04:45","date_gmt":"2019-06-17T09:04:45","guid":{"rendered":"https:\/\/denshoseries.com\/?page_id=3934"},"modified":"2020-09-05T23:28:01","modified_gmt":"2020-09-06T02:28:01","slug":"registrar","status":"publish","type":"page","link":"https:\/\/denshoseries.com\/en\/registrar\/","title":{"rendered":"Register"},"content":{"rendered":"<div class=\"um um-register um-4034\">\n\t<div class=\"um-form\" data-mode=\"register\">\n\t\t<form method=\"post\" action=\"\" data-trp-original-action=\"\">\n\t\t\t<div class=\"um-row _um_row_1\" style=\"margin: 0 0 30px 0;\"><div class=\"um-col-121\"><div  id=\"um_field_4034_user_login\" class=\"um-field um-field-text  um-field-user_login um-field-text um-field-type_text\" data-key=\"user_login\"><div class=\"um-field-label\"><div class=\"um-field-label-icon\"><i class=\"um-faicon-user\" aria-label=\"Nome de Usu\u00e1rio\"><\/i><\/div><label for=\"user_login-4034\">Nome de Usu\u00e1rio<\/label><div class=\"um-clear\"><\/div><\/div><div class=\"um-field-area\"><input  autocomplete=\"off\" class=\"um-form-field valid\" type=\"text\" name=\"user_login-4034\" id=\"user_login-4034\" value=\"\" placeholder=\"It should not contain accents, dots and space.\" data-validate=\"unique_username\" data-key=\"user_login\"  aria-invalid=\"false\" \/>\n\n\t\t\t\t\t\t<\/div><\/div><\/div><div class=\"um-col-122\"><div  id=\"um_field_4034_user_email\" class=\"um-field um-field-text  um-field-user_email um-field-text um-field-type_text\" data-key=\"user_email\"><div class=\"um-field-label\"><div class=\"um-field-label-icon\"><i class=\"um-icon-email\" aria-label=\"e-mail\"><\/i><\/div><label for=\"user_email-4034\">e-mail<\/label><div class=\"um-clear\"><\/div><\/div><div class=\"um-field-area\"><input  autocomplete=\"off\" class=\"um-form-field valid\" type=\"text\" name=\"user_email-4034\" id=\"user_email-4034\" value=\"\" placeholder=\"\" data-validate=\"unique_email\" data-key=\"user_email\"  aria-invalid=\"false\" \/>\n\n\t\t\t\t\t\t<\/div><\/div><\/div><div class=\"um-clear\"><\/div><\/div><div class=\"um-row _um_row_2\" style=\"margin: 0 0 30px 0;\"><div class=\"um-col-1\"><div  id=\"um_field_4034_user_password\" class=\"um-field um-field-password  um-field-user_password um-field-password um-field-type_password\" data-key=\"user_password\"><div class=\"um-field-label\"><div class=\"um-field-label-icon\"><i class=\"um-faicon-key\" aria-label=\"Password\"><\/i><\/div><label for=\"user_password-4034\">Password<\/label><div class=\"um-clear\"><\/div><\/div><div class=\"um-field-area\"><input class=\"um-form-field valid\" type=\"password\" name=\"user_password-4034\" id=\"user_password-4034\" value=\"\" placeholder=\"Minimum of 8 characters.\" data-validate=\"\" data-key=\"user_password\"  aria-invalid=\"false\" \/>\n\n\t\t\t\t\t\t\t<\/div><\/div><div  id=\"um_field_4034_confirm_user_password\" class=\"um-field um-field-password  um-field-user_password um-field-password um-field-type_password\" data-key=\"confirm_user_password\"><div class=\"um-field-label\"><div class=\"um-field-label-icon\"><i class=\"um-faicon-key\" aria-label=\"Confirm Senha\"><\/i><\/div><label for=\"confirm_user_password-4034\">Confirm Senha<\/label><div class=\"um-clear\"><\/div><\/div><div class=\"um-field-area\"><input class=\"um-form-field valid\" type=\"password\" name=\"confirm_user_password-4034\" id=\"confirm_user_password-4034\" value=\"\" placeholder=\"Confirm Senha\" data-validate=\"\" data-key=\"confirm_user_password\"  aria-invalid=\"false\" \/><\/div><\/div><div  id=\"um_field_4034_description\" class=\"um-field um-field-textarea  um-field-description um-field-textarea um-field-type_textarea\" data-key=\"description\"><div class=\"um-field-label\"><div class=\"um-field-label-icon\"><i class=\"um-faicon-file-text\" aria-label=\"Biografia\"><\/i><\/div><label for=\"description-4034\">Biografia<\/label><div class=\"um-clear\"><\/div><\/div><div class=\"um-field-area\"><textarea    style=\"height: 100px;\" class=\"um-form-field valid not-required\" name=\"description\" id=\"description\" placeholder=\"Type about you...\"  aria-invalid=\"false\" ><\/textarea><\/div><\/div><div  class=\"um-field um-field-divider  um-field-divider um-field-type_divider\" data-key=\"um_divider_4034_18\" style=\"border-bottom:2px solid #900000;\"><\/div><div  id=\"um_field_4034_treina-ninjutsu\" class=\"um-field um-field-checkbox  um-field-treina-ninjutsu um-field-checkbox um-field-type_checkbox\" data-key=\"treina-ninjutsu\"  aria-invalid=\"false\" ><div class=\"um-field-label\"><label for=\"treina-ninjutsu-4034\">Treina Ninjutsu?<\/label><div class=\"um-clear\"><\/div><\/div><div class=\"um-field-area\"><label class=\"um-field-checkbox  um-field-half\"><input   type=\"checkbox\" name=\"treina-ninjutsu[]\" value=\"Sim\"  \/><span class=\"um-field-checkbox-state\"><i class=\"um-icon-android-checkbox-outline-blank\"><\/i><\/span><span class=\"um-field-checkbox-option\">Sim<\/span><\/label><label class=\"um-field-checkbox  um-field-half  right\"><input   type=\"checkbox\" name=\"treina-ninjutsu[]\" value=\"N\u00e3o\"  \/><span class=\"um-field-checkbox-state\"><i class=\"um-icon-android-checkbox-outline-blank\"><\/i><\/span><span class=\"um-field-checkbox-option\">N\u00e3o<\/span><\/label><div class=\"um-clear\"><\/div><div class=\"um-clear\"><\/div><\/div><\/div><div  id=\"um_field_4034_qual-escola\" class=\"um-field um-field-checkbox  um-is-conditional um-field-qual-escola um-field-checkbox um-field-type_checkbox\" data-key=\"qual-escola\" data-cond-0-action=\"show\" data-cond-0-field=\"treina-ninjutsu\" data-cond-0-operator=\"equals to\" data-cond-0-value=\"Sim\"  aria-invalid=\"false\" ><div class=\"um-field-label\"><label for=\"qual-escola-4034\">Qual Escola?<\/label><div class=\"um-clear\"><\/div><\/div><div class=\"um-field-area\"><label class=\"um-field-checkbox  um-field-half\"><input   type=\"checkbox\" name=\"qual-escola[]\" value=\"Bujinkan\"  \/><span class=\"um-field-checkbox-state\"><i class=\"um-icon-android-checkbox-outline-blank\"><\/i><\/span><span class=\"um-field-checkbox-option\">Bujinkan<\/span><\/label><label class=\"um-field-checkbox  um-field-half  right\"><input   type=\"checkbox\" name=\"qual-escola[]\" value=\"Genbukan\"  \/><span class=\"um-field-checkbox-state\"><i class=\"um-icon-android-checkbox-outline-blank\"><\/i><\/span><span class=\"um-field-checkbox-option\">Genbukan<\/span><\/label><div class=\"um-clear\"><\/div><label class=\"um-field-checkbox  um-field-half\"><input   type=\"checkbox\" name=\"qual-escola[]\" value=\"Jinekan\"  \/><span class=\"um-field-checkbox-state\"><i class=\"um-icon-android-checkbox-outline-blank\"><\/i><\/span><span class=\"um-field-checkbox-option\">Jinekan<\/span><\/label><label class=\"um-field-checkbox  um-field-half  right\"><input   type=\"checkbox\" name=\"qual-escola[]\" value=\"Outra\"  \/><span class=\"um-field-checkbox-state\"><i class=\"um-icon-android-checkbox-outline-blank\"><\/i><\/span><span class=\"um-field-checkbox-option\">Outra<\/span><\/label><div class=\"um-clear\"><\/div><div class=\"um-clear\"><\/div><\/div><\/div><div  id=\"um_field_4034_nome-escola\" class=\"um-field um-field-text  um-is-conditional um-field-nome-escola um-field-text um-field-type_text\" data-key=\"nome-escola\" data-cond-0-action=\"show\" data-cond-0-field=\"qual-escola\" data-cond-0-operator=\"equals to\" data-cond-0-value=\"Outra\"><div class=\"um-field-label\"><label for=\"nome-escola-4034\">Qual \u00e9 o nome da Escola?<\/label><div class=\"um-clear\"><\/div><\/div><div class=\"um-field-area\"><input  autocomplete=\"off\" class=\"um-form-field valid\" type=\"text\" name=\"nome-escola-4034\" id=\"nome-escola-4034\" value=\"\" placeholder=\"Type here the school name.\" data-validate=\"\" data-key=\"nome-escola\"  aria-invalid=\"false\" \/>\n\n\t\t\t\t\t\t<\/div><\/div><div  id=\"um_field_4034_nome-do-professor\" class=\"um-field um-field-text  um-is-conditional um-field-nome-do-professor um-field-text um-field-type_text\" data-key=\"nome-do-professor\" data-cond-0-action=\"show\" data-cond-0-field=\"qual-escola\" data-cond-0-operator=\"not empty\" data-cond-0-value=\"\"><div class=\"um-field-label\"><label for=\"nome-do-professor-4034\">Qual o nome do seu professor?<\/label><div class=\"um-clear\"><\/div><\/div><div class=\"um-field-area\"><input  autocomplete=\"off\" class=\"um-form-field valid\" type=\"text\" name=\"nome-do-professor-4034\" id=\"nome-do-professor-4034\" value=\"\" placeholder=\"Type here your teacher\u00b4s name.\" data-validate=\"\" data-key=\"nome-do-professor\"  aria-invalid=\"false\" \/>\n\n\t\t\t\t\t\t<\/div><\/div><div  class=\"um-field um-field-divider  um-field-divider um-field-type_divider\" data-key=\"um_divider_4034_18_19\" style=\"border-bottom:2px solid #900000;\"><\/div><\/div><\/div><div class=\"um-row _um_row_3\" style=\"margin: 0 0 30px 0;\"><div class=\"um-col-121\"><div  id=\"um_field_4034_first_name\" class=\"um-field um-field-text  um-field-first_name um-field-text um-field-type_text\" data-key=\"first_name\"><div class=\"um-field-label\"><label for=\"first_name-4034\">Name<\/label><div class=\"um-clear\"><\/div><\/div><div class=\"um-field-area\"><input  autocomplete=\"off\" class=\"um-form-field valid\" type=\"text\" name=\"first_name-4034\" id=\"first_name-4034\" value=\"\" placeholder=\"\" data-validate=\"\" data-key=\"first_name\"  aria-invalid=\"false\" \/>\n\n\t\t\t\t\t\t<\/div><\/div><div  id=\"um_field_4034_mobile_number\" class=\"um-field um-field-tel  um-field-mobile_number um-field-tel um-field-type_tel\" data-key=\"mobile_number\"><div class=\"um-field-label\"><div class=\"um-field-label-icon\"><i class=\"um-icon-social-whatsapp-outline\" aria-label=\"Celular \/ WhatsApp\"><\/i><\/div><label for=\"mobile_number-4034\">Celular \/ WhatsApp<\/label><div class=\"um-clear\"><\/div><\/div><div class=\"um-field-area\"><input  autocomplete=\"off\" class=\"um-form-field valid not-required\" type=\"tel\" name=\"mobile_number-4034\" id=\"mobile_number-4034\" value=\"\" placeholder=\"(00) 90000-0000\" data-validate=\"custom\" data-key=\"mobile_number\"  aria-invalid=\"false\" \/>\n\n\t\t\t\t\t\t<\/div><\/div><\/div><div class=\"um-col-122\"><div  id=\"um_field_4034_last_name\" class=\"um-field um-field-text  um-field-last_name um-field-text um-field-type_text\" data-key=\"last_name\"><div class=\"um-field-label\"><label for=\"last_name-4034\">Sobrenome<\/label><div class=\"um-clear\"><\/div><\/div><div class=\"um-field-area\"><input  autocomplete=\"off\" class=\"um-form-field valid\" type=\"text\" name=\"last_name-4034\" id=\"last_name-4034\" value=\"\" placeholder=\"\" data-validate=\"\" data-key=\"last_name\"  aria-invalid=\"false\" \/>\n\n\t\t\t\t\t\t<\/div><\/div><div  id=\"um_field_4034_birth_date\" class=\"um-field um-field-date  um-field-birth_date um-field-date um-field-type_date\" data-key=\"birth_date\"><div class=\"um-field-label\"><div class=\"um-field-label-icon\"><i class=\"um-faicon-calendar\" aria-label=\"Data de Nascimento\"><\/i><\/div><label for=\"birth_date-4034\">Data de Nascimento<\/label><div class=\"um-clear\"><\/div><\/div><div class=\"um-field-area\"><input   class=\"um-form-field valid um-datepicker\" type=\"text\" name=\"birth_date-4034\" id=\"birth_date-4034\" value=\"\" placeholder=\"\" data-validate=\"\" data-key=\"birth_date\" data-range=\"years\" data-years=\"115\" data-years_x=\"past\" data-disabled_weekdays=\"\" data-date_min=\"1911,4,19\" data-date_max=\"2026,4,19\" data-format=\"d mmmm yyyy\" data-value=\"\"  aria-invalid=\"false\" \/>\n\n\t\t\t\t\t\t<\/div><\/div><\/div><div class=\"um-clear\"><\/div><\/div>\n<!-- This file should primarily consist of HTML with a little bit of PHP. -->\n<div class=\"um-field um-field-type_terms_conditions\" data-key=\"use_terms_conditions_agreement\" style=\"display:block;padding:0;\">\n\t<div class=\"um-field-area\">\n\t\t<div class=\"um-gdpr-content\" style=\"display:none;\">\n\t\t\t<p><strong>1. TERMS<\/strong><br \/>By accessing this site, you agree to be bound by the <em>Terms and conditions of use<\/em> of this site, all applicable laws and regulations and agree that you are responsible for compliance with any applicable local laws. If you do not agree to any of these terms, you are prohibited from using or accessing this site. The materials contained on this site are protected by applicable copyright and trademark law.<\/p><p><strong>2. LICENSE OF USE<\/strong><br \/>Permission is granted temporarily for the download of a copy of the materials (information or software) on the <em>Shinmury\u014d D\u014dj\u014d\u00a0&#8211; Densh\u014d Series<\/em> only for personal and non-commercial transient viewing. This is the granting of a license, not a transfer of title and under this license you can not:<\/p><ul><li>Modify or copy the materials;<\/li><li>Use the materials for any commercial purpose, or for any public display (commercial or non-commercial);<\/li><li>Attempting to decompile or reverse engineer any software contained on the website <em>Shinmury\u014d D\u014dj\u014d\u00a0&#8211; Densh\u014d Series<\/em>;<\/li><li>Remove any copyright or other proprietary notations from the materials, or transfer the materials to another person or \"mirror\" the materials on any other server.<\/li><\/ul><p>This license will automatically terminate if you breach any of these restrictions and may be terminated by\u00a0<em>Shinmury\u014d D\u014dj\u014d\u00a0&#8211; Densh\u014d Series<\/em> any time. Upon termination of your viewing of these materials or upon termination of this license, you must destroy all downloaded materials in your possession, whether in electronic or print form.<\/p><p><strong>3. DISCLAIMER OF LIABILITY<\/strong><br \/>The materials on the website\u00a0<em>Shinmury\u014d D\u014dj\u014d\u00a0&#8211; Densh\u014d Series<\/em> are provided \"as is\". The\u00a0<em>Shinmury\u014d D\u014dj\u014d\u00a0&#8211; Densh\u014d Series<\/em> makes no express or implied warranties, and disclaims and disclaims all other warranties, including without limitation any implied warranties or conditions of merchantability, fitness for a particular purpose, or non-infringement of intellectual property or other infringement of rights. In addition, the\u00a0<em>Shinmury\u014d D\u014dj\u014d\u00a0&#8211; Densh\u014d Series<\/em> n\u00e3o garante ou faz declara\u00e7\u00f5es sobre a precis\u00e3o, os resultados prov\u00e1veis ou a confiabilidade do uso dos materiais em seu site na Internet ou de outra forma relacionados a esses materiais ou em sites vinculados a este site.<\/p><p><strong>4. LIMITATIONS<\/strong><br \/>In no case shall the\u00a0<em>Shinmury\u014d D\u014dj\u014d\u00a0&#8211; Densh\u014d Series<\/em> ou seus fornecedores ser\u00e3o respons\u00e1veis por quaisquer danos (incluindo, sem limita\u00e7\u00e3o, danos por perda de dados ou lucro, ou devido a interrup\u00e7\u00e3o de neg\u00f3cios) decorrentes do uso ou incapacidade de usar os materiais no site do\u00a0<em>Shinmury\u014d D\u014dj\u014d\u00a0&#8211; Densh\u014d Series<\/em> on the Internet, even if the\u00a0<em>Shinmury\u014d D\u014dj\u014d\u00a0&#8211; Densh\u014d Series<\/em>\u00a0has been notified orally or in writing of the possibility of such damage. Because some jurisdictions do not allow limitations on implied warranties or limitations of liability for consequential or incidental damages, these limitations may not apply to you.<\/p><p><strong>5. REVISIONS AND ERRORS<\/strong><br \/>The materials that appear on the website\u00a0<em>Shinmury\u014d D\u014dj\u014d\u00a0&#8211; Densh\u014d Series<\/em> may include technical, typographical or photographic errors. The\u00a0<em>Shinmury\u014d D\u014dj\u014d\u00a0&#8211; Densh\u014d Series<\/em> does not guarantee that any of the materials on your website are accurate, complete or current. The\u00a0<em>Shinmury\u014d D\u014dj\u014d\u00a0&#8211; Densh\u014d Series<\/em> can make changes to the materials contained on its site at any time, without notice. The <em>Shinmury\u014d D\u014dj\u014d\u00a0&#8211; Densh\u014d Series<\/em>, however, does not undertake to update the materials.<\/p><p><strong>6. LINKS<\/strong><br \/>The\u00a0<em>Shinmury\u014d D\u014dj\u014d\u00a0&#8211; Densh\u014d Series<\/em> n\u00e3o reviu todos os sites vinculados ao seu site na Internet e n\u00e3o \u00e9 respons\u00e1vel pelo conte\u00fado de qualquer site vinculado. A inclus\u00e3o de qualquer link em outros sites desconhecidos n\u00e3o implica o endosso de <em>Shinmury\u014d D\u014dj\u014d\u00a0&#8211; Densh\u014d Series<\/em> from the website. The use of any linked site is at the user's risk.<\/p><p><strong>7. TERMS OF USE OF THE SITE AND MODIFICATIONS<\/strong><br \/>The\u00a0<em>Shinmury\u014d D\u014dj\u014d\u00a0&#8211; Densh\u014d Series<\/em> may revise these terms of use of your website at any time without notice. By using this website, you agree to be bound by the current version of these Terms and Conditions of Use.<\/p><p><strong>8. CANCELAMENTO<\/strong><br \/>O cancelamento de qualquer plano no <em>Shinmury\u014d D\u014dj\u014d\u00a0&#8211; Densh\u014d Series<\/em> restringir\u00e1 o acesso no mesmo momento do cancelamento.<\/p><p><strong>9. LEI APLIC\u00c1VEL<\/strong><br \/>Any claim related to the website of the\u00a0<em>Shinmury\u014d D\u014dj\u014d\u00a0&#8211; Densh\u014d Series<\/em> will be governed by local laws, regardless of conflict of law provisions.<\/p>\t\t<\/div>\n\t\t<a href=\"javascript:void(0);\" class=\"um-toggle-gdpr\" data-toggle-state=\"hidden\"\n\t\t\tdata-toggle-show=\"Ver Termos e Condi\u00e7\u00f5es\"\n\t\t\tdata-toggle-hide=\"Ocultar Termos e Condi\u00e7\u00f5es\">\n\t\t\tSee Terms and Conditions.\t\t<\/a>\n\t<\/div>\n\t<div class=\"um-field-area\">\n\t\t<label class=\"um-field-checkbox\">\n\t\t\t<input type=\"checkbox\" name=\"use_gdpr_agreement\" value=\"1\">\n\t\t\t<span class=\"um-field-checkbox-state\"><i class=\"um-icon-android-checkbox-outline-blank\"><\/i><\/span>\n\t\t\t<span class=\"um-field-checkbox-option\">I Accept the Terms and Conditions.<\/span>\n\t\t<\/label>\n\t\t<div class=\"um-clear\"><\/div>\n\t\t\t\t<div class=\"um-clear\"><\/div>\n\t<\/div>\n<\/div>\n\t<input type=\"hidden\" name=\"form_id\" id=\"form_id_4034\" value=\"4034\" \/>\n\t\t<p class=\"um_request_name\">\n\t\t<label for=\"um_request_4034\">Only fill in if you are not human<\/label>\n\t\t<input type=\"hidden\" name=\"um_request\" id=\"um_request_4034\" class=\"input\" value=\"\" size=\"25\" autocomplete=\"off\" \/>\n\t<\/p>\n\t<input type=\"hidden\" id=\"_wpnonce\" name=\"_wpnonce\" value=\"b1de01296c\" \/><input type=\"hidden\" name=\"_wp_http_referer\" value=\"\/en\/wp-json\/wp\/v2\/pages\/3934\" \/>\n\t<div class=\"um-col-alt\">\n\n\t\t\n\t\t\t<div class=\"um-center\">\n\t\t\t\t<input type=\"submit\" value=\"REGISTRAR\" class=\"um-button\" id=\"um-submit-btn\" \/>\n\t\t\t<\/div>\n\n\t\t\n\t\t<div class=\"um-clear\"><\/div>\n\n\t<\/div>\n\n\t\t\t<input type=\"hidden\" name=\"trp-form-language\" value=\"en\"\/><\/form>\n\t<\/div>\n<\/div>\n<style>\n\t\t\t.um-4034.um {\n\t\t\tmax-width: 900px;\n\t\t}\n\t\t<\/style>","protected":false},"excerpt":{"rendered":"","protected":false},"author":1,"featured_media":0,"parent":0,"menu_order":0,"comment_status":"closed","ping_status":"closed","template":"","meta":{"footnotes":""},"class_list":["post-3934","page","type-page","status-publish","hentry"],"_links":{"self":[{"href":"https:\/\/denshoseries.com\/en\/wp-json\/wp\/v2\/pages\/3934","targetHints":{"allow":["GET"]}}],"collection":[{"href":"https:\/\/denshoseries.com\/en\/wp-json\/wp\/v2\/pages"}],"about":[{"href":"https:\/\/denshoseries.com\/en\/wp-json\/wp\/v2\/types\/page"}],"author":[{"embeddable":true,"href":"https:\/\/denshoseries.com\/en\/wp-json\/wp\/v2\/users\/1"}],"replies":[{"embeddable":true,"href":"https:\/\/denshoseries.com\/en\/wp-json\/wp\/v2\/comments?post=3934"}],"version-history":[{"count":0,"href":"https:\/\/denshoseries.com\/en\/wp-json\/wp\/v2\/pages\/3934\/revisions"}],"wp:attachment":[{"href":"https:\/\/denshoseries.com\/en\/wp-json\/wp\/v2\/media?parent=3934"}],"curies":[{"name":"wp","href":"https:\/\/api.w.org\/{rel}","templated":true}]}}