{"id":317,"date":"2018-04-02T01:44:55","date_gmt":"2018-04-02T04:44:55","guid":{"rendered":"https:\/\/denshoseries.com\/?page_id=317"},"modified":"2023-09-16T02:38:26","modified_gmt":"2023-09-16T05:38:26","slug":"termos-e-condicoes-de-utilizacao-do-site","status":"publish","type":"page","link":"https:\/\/denshoseries.com\/en\/termos-e-condicoes-de-utilizacao-do-site\/","title":{"rendered":"Website Terms and Conditions of Use"},"content":{"rendered":"<div data-elementor-type=\"wp-post\" data-elementor-id=\"317\" class=\"elementor elementor-317\" data-elementor-settings=\"{&quot;ha_cmc_init_switcher&quot;:&quot;no&quot;}\">\n\t\t\t\t\t\t<section class=\"elementor-section elementor-top-section elementor-element elementor-element-24587577 elementor-section-boxed elementor-section-height-default elementor-section-height-default\" data-id=\"24587577\" data-element_type=\"section\" data-e-type=\"section\" data-settings=\"{&quot;_ha_eqh_enable&quot;:false}\">\n\t\t\t\t\t\t<div class=\"elementor-container elementor-column-gap-default\">\n\t\t\t\t\t<div class=\"elementor-column elementor-col-100 elementor-top-column elementor-element elementor-element-384730c1\" data-id=\"384730c1\" data-element_type=\"column\" data-e-type=\"column\">\n\t\t\t<div class=\"elementor-widget-wrap elementor-element-populated\">\n\t\t\t\t\t\t<div class=\"elementor-element elementor-element-6dc29aca ha-has-bg-overlay elementor-invisible elementor-widget elementor-widget-text-editor\" data-id=\"6dc29aca\" data-element_type=\"widget\" data-e-type=\"widget\" data-settings=\"{&quot;_animation&quot;:&quot;fadeIn&quot;}\" data-widget_type=\"text-editor.default\">\n\t\t\t\t<div class=\"elementor-widget-container\">\n\t\t\t\t\t\t\t\t\t<p><span style=\"color: #d60000;\"><strong>1. TERMS<\/strong><\/span><br \/><span style=\"color: #cccccc;\">By accessing this site, you agree to be bound by the <em>Terms and conditions of use<\/em> of this site, all applicable laws and regulations and agree that you are responsible for compliance with any applicable local laws. If you do not agree to any of these terms, you are prohibited from using or accessing this site. The materials contained on this site are protected by applicable copyright and trademark law.<\/span><\/p><p><span style=\"color: #d60000;\"><strong>2. LICENSE OF USE<\/strong><\/span><br \/><span style=\"color: #cccccc;\">Permission is granted temporarily for the download of a copy of the materials (information or software) on the <em>Shinmury<span id=\"cch_f14982265ce7994\" class=\"_mh6\">\u014d<\/span> D<span id=\"cch_f14982265ce7994\" class=\"_mh6\">\u014d<\/span>j<span id=\"cch_f14982265ce7994\" class=\"_mh6\">\u014d<\/span>\u00a0&#8211; Densh<span id=\"cch_f14982265ce7994\" class=\"_mh6\">\u014d<\/span> Series<\/em> only for personal and non-commercial transient viewing. This is the granting of a license, not a transfer of title and under this license you can not:<\/span><\/p><ul><li><span style=\"color: #cccccc;\">Modify or copy the materials;<\/span><\/li><li><span style=\"color: #cccccc;\">Use the materials for any commercial purpose, or for any public display (commercial or non-commercial);<\/span><\/li><li><span style=\"color: #cccccc;\">Attempting to decompile or reverse engineer any software contained on the website <em>Shinmury<span id=\"cch_f14982265ce7994\" class=\"_mh6\">\u014d<\/span> D<span id=\"cch_f14982265ce7994\" class=\"_mh6\">\u014d<\/span>j<span id=\"cch_f14982265ce7994\" class=\"_mh6\">\u014d<\/span>\u00a0&#8211; Densh<span id=\"cch_f14982265ce7994\" class=\"_mh6\">\u014d<\/span> Series<\/em>;<\/span><\/li><li><span style=\"color: #cccccc;\">Remove any copyright or other proprietary notations from the materials, or transfer the materials to another person or \"mirror\" the materials on any other server.<\/span><\/li><\/ul><p><span style=\"color: #cccccc;\">This license will automatically terminate if you breach any of these restrictions and may be terminated by\u00a0<em>Shinmury<span id=\"cch_f14982265ce7994\" class=\"_mh6\">\u014d<\/span> D<span id=\"cch_f14982265ce7994\" class=\"_mh6\">\u014d<\/span>j<span id=\"cch_f14982265ce7994\" class=\"_mh6\">\u014d<\/span>\u00a0&#8211; Densh<span id=\"cch_f14982265ce7994\" class=\"_mh6\">\u014d<\/span> Series<\/em> any time. Upon termination of your viewing of these materials or upon termination of this license, you must destroy all downloaded materials in your possession, whether in electronic or print form.<\/span><\/p><p><span style=\"color: #d60000;\"><strong>3. DISCLAIMER OF LIABILITY<\/strong><\/span><br \/><span style=\"color: #cccccc;\">The materials on the website\u00a0<em>Shinmury<span id=\"cch_f14982265ce7994\" class=\"_mh6\">\u014d<\/span> D<span id=\"cch_f14982265ce7994\" class=\"_mh6\">\u014d<\/span>j<span id=\"cch_f14982265ce7994\" class=\"_mh6\">\u014d<\/span>\u00a0&#8211; Densh<span id=\"cch_f14982265ce7994\" class=\"_mh6\">\u014d<\/span> Series<\/em> are provided \"as is\". The\u00a0<em>Shinmury<span id=\"cch_f14982265ce7994\" class=\"_mh6\">\u014d<\/span> D<span id=\"cch_f14982265ce7994\" class=\"_mh6\">\u014d<\/span>j<span id=\"cch_f14982265ce7994\" class=\"_mh6\">\u014d<\/span>\u00a0&#8211; Densh<span id=\"cch_f14982265ce7994\" class=\"_mh6\">\u014d<\/span> Series<\/em> makes no express or implied warranties, and disclaims and disclaims all other warranties, including without limitation any implied warranties or conditions of merchantability, fitness for a particular purpose, or non-infringement of intellectual property or other infringement of rights. In addition, the\u00a0<em>Shinmury<span id=\"cch_f14982265ce7994\" class=\"_mh6\">\u014d<\/span> D<span id=\"cch_f14982265ce7994\" class=\"_mh6\">\u014d<\/span>j<span id=\"cch_f14982265ce7994\" class=\"_mh6\">\u014d<\/span>\u00a0&#8211; Densh<span id=\"cch_f14982265ce7994\" class=\"_mh6\">\u014d<\/span> Series<\/em> n\u00e3o garante ou faz declara\u00e7\u00f5es sobre a precis\u00e3o, os resultados prov\u00e1veis ou a confiabilidade do uso dos materiais em seu site na Internet ou de outra forma relacionados a esses materiais ou em sites vinculados a este site.<\/span><\/p><p><span style=\"color: #d60000;\"><strong>4. LIMITATIONS<\/strong><\/span><br \/><span style=\"color: #cccccc;\">In no case shall the\u00a0<em>Shinmury<span id=\"cch_f14982265ce7994\" class=\"_mh6\">\u014d<\/span> D<span id=\"cch_f14982265ce7994\" class=\"_mh6\">\u014d<\/span>j<span id=\"cch_f14982265ce7994\" class=\"_mh6\">\u014d<\/span>\u00a0&#8211; Densh<span id=\"cch_f14982265ce7994\" class=\"_mh6\">\u014d<\/span> Series<\/em> ou seus fornecedores ser\u00e3o respons\u00e1veis por quaisquer danos (incluindo, sem limita\u00e7\u00e3o, danos por perda de dados ou lucro, ou devido a interrup\u00e7\u00e3o de neg\u00f3cios) decorrentes do uso ou incapacidade de usar os materiais no site do\u00a0<em>Shinmury<span id=\"cch_f14982265ce7994\" class=\"_mh6\">\u014d<\/span> D<span id=\"cch_f14982265ce7994\" class=\"_mh6\">\u014d<\/span>j<span id=\"cch_f14982265ce7994\" class=\"_mh6\">\u014d<\/span>\u00a0&#8211; Densh<span id=\"cch_f14982265ce7994\" class=\"_mh6\">\u014d<\/span> Series<\/em> on the Internet, even if the\u00a0<em>Shinmury<span id=\"cch_f14982265ce7994\" class=\"_mh6\">\u014d<\/span> D<span id=\"cch_f14982265ce7994\" class=\"_mh6\">\u014d<\/span>j<span id=\"cch_f14982265ce7994\" class=\"_mh6\">\u014d<\/span>\u00a0&#8211; Densh<span id=\"cch_f14982265ce7994\" class=\"_mh6\">\u014d<\/span> Series<\/em>\u00a0has been notified orally or in writing of the possibility of such damage. Because some jurisdictions do not allow limitations on implied warranties or limitations of liability for consequential or incidental damages, these limitations may not apply to you.<\/span><\/p><p><span style=\"color: #d60000;\"><strong>5. REVISIONS AND ERRORS<\/strong><\/span><br \/><span style=\"color: #cccccc;\">The materials that appear on the website\u00a0<em>Shinmury<span id=\"cch_f14982265ce7994\" class=\"_mh6\">\u014d<\/span> D<span id=\"cch_f14982265ce7994\" class=\"_mh6\">\u014d<\/span>j<span id=\"cch_f14982265ce7994\" class=\"_mh6\">\u014d<\/span>\u00a0&#8211; Densh<span id=\"cch_f14982265ce7994\" class=\"_mh6\">\u014d<\/span> Series<\/em> may include technical, typographical or photographic errors. The\u00a0<em>Shinmury<span id=\"cch_f14982265ce7994\" class=\"_mh6\">\u014d<\/span> D<span id=\"cch_f14982265ce7994\" class=\"_mh6\">\u014d<\/span>j<span id=\"cch_f14982265ce7994\" class=\"_mh6\">\u014d<\/span>\u00a0&#8211; Densh<span id=\"cch_f14982265ce7994\" class=\"_mh6\">\u014d<\/span> Series<\/em> does not guarantee that any of the materials on your website are accurate, complete or current. The\u00a0<em>Shinmury<span id=\"cch_f14982265ce7994\" class=\"_mh6\">\u014d<\/span> D<span id=\"cch_f14982265ce7994\" class=\"_mh6\">\u014d<\/span>j<span id=\"cch_f14982265ce7994\" class=\"_mh6\">\u014d<\/span>\u00a0&#8211; Densh<span id=\"cch_f14982265ce7994\" class=\"_mh6\">\u014d<\/span> Series<\/em> can make changes to the materials contained on its site at any time, without notice. The <em>Shinmury<span id=\"cch_f14982265ce7994\" class=\"_mh6\">\u014d<\/span> D<span id=\"cch_f14982265ce7994\" class=\"_mh6\">\u014d<\/span>j<span id=\"cch_f14982265ce7994\" class=\"_mh6\">\u014d<\/span>\u00a0&#8211; Densh<span id=\"cch_f14982265ce7994\" class=\"_mh6\">\u014d<\/span> Series<\/em>, however, does not undertake to update the materials.<\/span><\/p><p><span style=\"color: #d60000;\"><strong>6. LINKS<\/strong><\/span><br \/><span style=\"color: #cccccc;\">The\u00a0<em>Shinmury<span id=\"cch_f14982265ce7994\" class=\"_mh6\">\u014d<\/span> D<span id=\"cch_f14982265ce7994\" class=\"_mh6\">\u014d<\/span>j<span id=\"cch_f14982265ce7994\" class=\"_mh6\">\u014d<\/span>\u00a0&#8211; Densh<span id=\"cch_f14982265ce7994\" class=\"_mh6\">\u014d<\/span> Series<\/em> n\u00e3o reviu todos os sites vinculados ao seu site na Internet e n\u00e3o \u00e9 respons\u00e1vel pelo conte\u00fado de qualquer site vinculado. A inclus\u00e3o de qualquer link em outros sites desconhecidos n\u00e3o implica o endosso de <em>Shinmury<span id=\"cch_f14982265ce7994\" class=\"_mh6\">\u014d<\/span> D<span id=\"cch_f14982265ce7994\" class=\"_mh6\">\u014d<\/span>j<span id=\"cch_f14982265ce7994\" class=\"_mh6\">\u014d<\/span>\u00a0&#8211; Densh<span id=\"cch_f14982265ce7994\" class=\"_mh6\">\u014d<\/span> Series<\/em> from the website. The use of any linked site is at the user's risk.<\/span><\/p><p><span style=\"color: #d60000;\"><strong>7. TERMS OF USE OF THE SITE AND MODIFICATIONS<\/strong><\/span><br \/><span style=\"color: #cccccc;\">The\u00a0<em>Shinmury<span id=\"cch_f14982265ce7994\" class=\"_mh6\">\u014d<\/span> D<span id=\"cch_f14982265ce7994\" class=\"_mh6\">\u014d<\/span>j<span id=\"cch_f14982265ce7994\" class=\"_mh6\">\u014d<\/span>\u00a0&#8211; Densh<span id=\"cch_f14982265ce7994\" class=\"_mh6\">\u014d<\/span> Series<\/em> may revise these terms of use of your website at any time without notice. By using this website, you agree to be bound by the current version of these Terms and Conditions of Use.<\/span><\/p><p><span style=\"color: #d60000;\"><strong>8. CANCELAMENTO<\/strong><\/span><br \/><span style=\"color: #cccccc;\">O cancelamento de qualquer plano no <em>Shinmury<span id=\"cch_f14982265ce7994\" class=\"_mh6\">\u014d<\/span> D<span id=\"cch_f14982265ce7994\" class=\"_mh6\">\u014d<\/span>j<span id=\"cch_f14982265ce7994\" class=\"_mh6\">\u014d<\/span>\u00a0&#8211; Densh<span id=\"cch_f14982265ce7994\" class=\"_mh6\">\u014d<\/span> Series<\/em> restringir\u00e1 o acesso no mesmo momento do cancelamento.<\/span><\/p><p><span style=\"color: #d60000;\"><strong>9. LEI APLIC\u00c1VEL<\/strong><\/span><br \/><span style=\"color: #cccccc;\">Any claim related to the website of the\u00a0<em>Shinmury<span id=\"cch_f14982265ce7994\" class=\"_mh6\">\u014d<\/span> D<span id=\"cch_f14982265ce7994\" class=\"_mh6\">\u014d<\/span>j<span id=\"cch_f14982265ce7994\" class=\"_mh6\">\u014d<\/span>\u00a0&#8211; Densh<span id=\"cch_f14982265ce7994\" class=\"_mh6\">\u014d<\/span> Series<\/em> will be governed by local laws, regardless of conflict of law provisions.<\/span><\/p>\t\t\t\t\t\t\t\t<\/div>\n\t\t\t\t<\/div>\n\t\t\t\t\t<\/div>\n\t\t<\/div>\n\t\t\t\t\t<\/div>\n\t\t<\/section>\n\t\t\t\t<\/div>","protected":false},"excerpt":{"rendered":"<p>1. TERMOSAo acessar este site, voc\u00ea concorda em se comprometer com os Termos e Condi\u00e7\u00f5es de Uso deste site, todas as leis e regulamentos aplic\u00e1veis e concorda que voc\u00ea \u00e9 respons\u00e1vel pela conformidade com quaisquer leis locais aplic\u00e1veis. Se voc\u00ea n\u00e3o concorda com algum destes termos, voc\u00ea est\u00e1 proibido de usar ou acessar este site. [&hellip;]<\/p>\n","protected":false},"author":1,"featured_media":0,"parent":0,"menu_order":0,"comment_status":"closed","ping_status":"closed","template":"","meta":{"footnotes":""},"class_list":["post-317","page","type-page","status-publish","hentry"],"_links":{"self":[{"href":"https:\/\/denshoseries.com\/en\/wp-json\/wp\/v2\/pages\/317","targetHints":{"allow":["GET"]}}],"collection":[{"href":"https:\/\/denshoseries.com\/en\/wp-json\/wp\/v2\/pages"}],"about":[{"href":"https:\/\/denshoseries.com\/en\/wp-json\/wp\/v2\/types\/page"}],"author":[{"embeddable":true,"href":"https:\/\/denshoseries.com\/en\/wp-json\/wp\/v2\/users\/1"}],"replies":[{"embeddable":true,"href":"https:\/\/denshoseries.com\/en\/wp-json\/wp\/v2\/comments?post=317"}],"version-history":[{"count":6,"href":"https:\/\/denshoseries.com\/en\/wp-json\/wp\/v2\/pages\/317\/revisions"}],"predecessor-version":[{"id":9304,"href":"https:\/\/denshoseries.com\/en\/wp-json\/wp\/v2\/pages\/317\/revisions\/9304"}],"wp:attachment":[{"href":"https:\/\/denshoseries.com\/en\/wp-json\/wp\/v2\/media?parent=317"}],"curies":[{"name":"wp","href":"https:\/\/api.w.org\/{rel}","templated":true}]}}