{"id":10423,"date":"2026-05-13T03:20:25","date_gmt":"2026-05-13T06:20:25","guid":{"rendered":"https:\/\/denshoseries.com\/?page_id=10423"},"modified":"2026-05-14T17:54:15","modified_gmt":"2026-05-14T20:54:15","slug":"a-mente-do-ninja-moderno","status":"publish","type":"page","link":"https:\/\/denshoseries.com\/en\/a-mente-do-ninja-moderno\/","title":{"rendered":"A Mente do Ninja Moderno"},"content":{"rendered":"<div data-elementor-type=\"wp-page\" data-elementor-id=\"10423\" class=\"elementor elementor-10423\" data-elementor-settings=\"{&quot;ha_cmc_init_switcher&quot;:&quot;no&quot;}\">\n\t\t\t\t\t\t<section class=\"elementor-section elementor-top-section elementor-element elementor-element-265a9213 elementor-section-boxed elementor-section-height-default elementor-section-height-default\" data-id=\"265a9213\" data-element_type=\"section\" data-e-type=\"section\" data-settings=\"{&quot;_ha_eqh_enable&quot;:false}\">\n\t\t\t\t\t\t<div class=\"elementor-container elementor-column-gap-default\">\n\t\t\t\t\t<div class=\"elementor-column elementor-col-100 elementor-top-column elementor-element elementor-element-6f8f4a4f\" data-id=\"6f8f4a4f\" data-element_type=\"column\" data-e-type=\"column\">\n\t\t\t<div class=\"elementor-widget-wrap elementor-element-populated\">\n\t\t\t\t\t\t<div class=\"elementor-element elementor-element-479c58eb elementor-widget elementor-widget-heading\" data-id=\"479c58eb\" data-element_type=\"widget\" data-e-type=\"widget\" data-widget_type=\"heading.default\">\n\t\t\t\t<div class=\"elementor-widget-container\">\n\t\t\t\t\t<h1 class=\"elementor-heading-title elementor-size-default\">A MENTE DO NINJA MODERNO (PT\/BR)<\/h1>\t\t\t\t<\/div>\n\t\t\t\t<\/div>\n\t\t\t\t\t<\/div>\n\t\t<\/div>\n\t\t\t\t\t<\/div>\n\t\t<\/section>\n\t\t\t\t<section class=\"elementor-section elementor-top-section elementor-element elementor-element-1064cbc0 elementor-section-boxed elementor-section-height-default elementor-section-height-default\" data-id=\"1064cbc0\" data-element_type=\"section\" data-e-type=\"section\" data-settings=\"{&quot;_ha_eqh_enable&quot;:false}\">\n\t\t\t\t\t\t<div class=\"elementor-container elementor-column-gap-default\">\n\t\t\t\t\t<div class=\"elementor-column elementor-col-33 elementor-top-column elementor-element elementor-element-20f9854f\" data-id=\"20f9854f\" data-element_type=\"column\" data-e-type=\"column\">\n\t\t\t<div class=\"elementor-widget-wrap elementor-element-populated\">\n\t\t\t\t\t\t<div class=\"elementor-element elementor-element-38880ba9 elementor-widget elementor-widget-image\" data-id=\"38880ba9\" data-element_type=\"widget\" data-e-type=\"widget\" data-widget_type=\"image.default\">\n\t\t\t\t<div class=\"elementor-widget-container\">\n\t\t\t\t\t\t\t\t\t\t\t\t\t\t\t<img fetchpriority=\"high\" decoding=\"async\" width=\"727\" height=\"1024\" src=\"https:\/\/denshoseries.com\/wp-content\/uploads\/2026\/05\/Capas-A-Mente-do-Ninja-Moderno-727x1024.webp\" class=\"attachment-large size-large wp-image-10405\" alt=\"\" srcset=\"https:\/\/denshoseries.com\/wp-content\/uploads\/2026\/05\/Capas-A-Mente-do-Ninja-Moderno-727x1024.webp 727w, https:\/\/denshoseries.com\/wp-content\/uploads\/2026\/05\/Capas-A-Mente-do-Ninja-Moderno-284x400.webp 284w, https:\/\/denshoseries.com\/wp-content\/uploads\/2026\/05\/Capas-A-Mente-do-Ninja-Moderno-768x1081.webp 768w, https:\/\/denshoseries.com\/wp-content\/uploads\/2026\/05\/Capas-A-Mente-do-Ninja-Moderno-9x12.webp 9w, https:\/\/denshoseries.com\/wp-content\/uploads\/2026\/05\/Capas-A-Mente-do-Ninja-Moderno-11x16.webp 11w, https:\/\/denshoseries.com\/wp-content\/uploads\/2026\/05\/Capas-A-Mente-do-Ninja-Moderno-17x24.webp 17w, https:\/\/denshoseries.com\/wp-content\/uploads\/2026\/05\/Capas-A-Mente-do-Ninja-Moderno-26x36.webp 26w, https:\/\/denshoseries.com\/wp-content\/uploads\/2026\/05\/Capas-A-Mente-do-Ninja-Moderno.webp 1000w\" sizes=\"(max-width: 727px) 100vw, 727px\" \/>\t\t\t\t\t\t\t\t\t\t\t\t\t\t\t<\/div>\n\t\t\t\t<\/div>\n\t\t\t\t\t<\/div>\n\t\t<\/div>\n\t\t\t\t<div class=\"elementor-column elementor-col-66 elementor-top-column elementor-element elementor-element-78eba276\" data-id=\"78eba276\" data-element_type=\"column\" data-e-type=\"column\">\n\t\t\t<div class=\"elementor-widget-wrap elementor-element-populated\">\n\t\t\t\t\t\t<div class=\"elementor-element elementor-element-6b199b2a elementor-widget elementor-widget-text-editor\" data-id=\"6b199b2a\" data-element_type=\"widget\" data-e-type=\"widget\" data-widget_type=\"text-editor.default\">\n\t\t\t\t<div class=\"elementor-widget-container\">\n\t\t\t\t\t\t\t\t\t<p>Voc\u00ea n\u00e3o perde porque \u00e9 fraco.<br \/>Voc\u00ea perde porque decide mal sob press\u00e3o.<\/p><p>A maioria das pessoas treina o corpo.<br \/>Algumas treinam t\u00e9cnicas.<br \/>Quase ningu\u00e9m treina a mente.<\/p><p>No mundo real, seja em situa\u00e7\u00f5es de defesa pessoal, nos neg\u00f3cios ou nos relacionamentos, n\u00e3o vence quem sabe mais.<br \/>Vence quem desenvolve mentalidade forte, disciplina, foco e capacidade de tomada de decis\u00e3o r\u00e1pida.<\/p><p>Em <strong>A Mente do Ninja Moderno<\/strong>, voc\u00ea vai aprender como aplicar princ\u00edpios reais de estrat\u00e9gia e comportamento para lidar com press\u00e3o, incerteza e caos.<\/p><p>Este livro combina ensinamentos das Artes Marciais, filosofia pr\u00e1tica e experi\u00eancia real para desenvolver uma mente preparada para qualquer situa\u00e7\u00e3o.<\/p><ul><li>104 p\u00e1ginas.<\/li><li>Formato: 15cm x 21cm<\/li><\/ul>\t\t\t\t\t\t\t\t<\/div>\n\t\t\t\t<\/div>\n\t\t\t\t<div class=\"elementor-element elementor-element-48fa9c66 ha-dual-button--align-center ha-dual-button--mobile-align-center ha-dual-button--layout-queue ha-dual-button--tablet-layout-queue ha-dual-button--mobile-layout-queue elementor-widget elementor-widget-ha-dual-button happy-addon ha-dual-button\" data-id=\"48fa9c66\" data-element_type=\"widget\" data-e-type=\"widget\" data-widget_type=\"ha-dual-button.default\">\n\t\t\t\t<div class=\"elementor-widget-container\">\n\t\t\t\t\t        <div class=\"ha-dual-btn-wrapper\">\n            <a class=\"ha-dual-btn ha-dual-btn--left\" href=\"https:\/\/pay.hotmart.com\/Y105802999D?checkoutMode=10\" target=\"_blank\">\n                                                    <span >Comprar na Hotmart R$190,00<\/span>\n                                            <\/a>\n                            <span class=\"ha-dual-btn-connector ha-dual-btn-connector--icon\">\n                                            <i class=\"fas fa-cart-arrow-down\"><\/i>                                    <\/span>\n                    <\/div>\n        <div class=\"ha-dual-btn-wrapper\">\n            <a class=\"ha-dual-btn ha-dual-btn--right\" href=\"https:\/\/www.amazon.com\/dp\/B0H1MG9W1G\" target=\"_blank\">\n                                                    <span >Comprar na Amazon US$40,00<\/span>\n                                            <\/a>\n        <\/div>\n        \t\t\t\t<\/div>\n\t\t\t\t<\/div>\n\t\t<div class=\"elementor-element elementor-element-e1a5ca9 e-grid e-con-boxed e-con e-parent\" data-id=\"e1a5ca9\" data-element_type=\"container\" data-e-type=\"container\" data-settings=\"{&quot;_ha_eqh_enable&quot;:false}\">\n\t\t\t\t\t<div class=\"e-con-inner\">\n\t\t\t\t<div class=\"elementor-element elementor-element-811499e elementor-widget elementor-widget-text-editor\" data-id=\"811499e\" data-element_type=\"widget\" data-e-type=\"widget\" data-widget_type=\"text-editor.default\">\n\t\t\t\t<div class=\"elementor-widget-container\">\n\t\t\t\t\t\t\t\t\t<p>Hotmart \u2192 Capa Normal<\/p>\t\t\t\t\t\t\t\t<\/div>\n\t\t\t\t<\/div>\n\t\t\t\t<div class=\"elementor-element elementor-element-54b7f78 elementor-widget elementor-widget-text-editor\" data-id=\"54b7f78\" data-element_type=\"widget\" data-e-type=\"widget\" data-widget_type=\"text-editor.default\">\n\t\t\t\t<div class=\"elementor-widget-container\">\n\t\t\t\t\t\t\t\t\t<p>Amazon \u2192 Capa Dura (Premium)<\/p>\t\t\t\t\t\t\t\t<\/div>\n\t\t\t\t<\/div>\n\t\t\t\t\t<\/div>\n\t\t\t\t<\/div>\n\t\t\t\t\t<\/div>\n\t\t<\/div>\n\t\t\t\t\t<\/div>\n\t\t<\/section>\n\t\t\t\t<section class=\"elementor-section elementor-top-section elementor-element elementor-element-b0f40e6 elementor-section-boxed elementor-section-height-default elementor-section-height-default\" data-id=\"b0f40e6\" data-element_type=\"section\" data-e-type=\"section\" data-settings=\"{&quot;_ha_eqh_enable&quot;:false}\">\n\t\t\t\t\t\t<div class=\"elementor-container elementor-column-gap-default\">\n\t\t\t\t\t<div class=\"elementor-column elementor-col-100 elementor-top-column elementor-element elementor-element-4bd3f8c8\" data-id=\"4bd3f8c8\" data-element_type=\"column\" data-e-type=\"column\">\n\t\t\t<div class=\"elementor-widget-wrap elementor-element-populated\">\n\t\t\t\t\t\t<div class=\"elementor-element elementor-element-11dc068 elementor-widget elementor-widget-text-editor\" data-id=\"11dc068\" data-element_type=\"widget\" data-e-type=\"widget\" data-widget_type=\"text-editor.default\">\n\t\t\t\t<div class=\"elementor-widget-container\">\n\t\t\t\t\t\t\t\t\t<p><strong>O QUE VOC\u00ca VAI APRENDER<\/strong><br \/>\u2714 Como desenvolver consci\u00eancia situacional no dia a dia.<br \/>\u2714 Como tomar decis\u00f5es r\u00e1pidas em ambientes de press\u00e3o.<br \/>\u2714 Como aplicar estrat\u00e9gia em conflitos, neg\u00f3cios e vida pessoal.<br \/>\u2714 Como controlar emo\u00e7\u00f5es como medo, ansiedade e impulsividade.<br \/>\u2714 Como antecipar comportamentos e evitar conflitos antes que aconte\u00e7am.<br \/>\u2714 Como fortalecer sua disciplina mental e foco.<\/p><p><strong>Este livro \u00e9 para quem busca:<\/strong><\/p><ul><li>Evolu\u00e7\u00e3o pessoal e mental.<\/li><li>Alta performance e controle emocional.<\/li><li>Desenvolvimento de disciplina e foco.<\/li><li>Estrat\u00e9gia aplicada \u00e0 vida real.<\/li><li>Artes Marciais e defesa pessoal.<\/li><\/ul><p>Baseado na filosofia do <em>NInjutsu<\/em> e do <em>Goshind\u014d<\/em>, este n\u00e3o \u00e9 apenas um livro sobre luta.<br \/>\u00c9 um guia direto e pr\u00e1tico para desenvolver uma mente estrat\u00e9gica, preparada para agir com clareza quando mais importa.<\/p><p>Sem teoria vazia.<br \/>Sem promessas irreais.<br \/>Apenas princ\u00edpios aplic\u00e1veis para quem quer sair da rea\u00e7\u00e3o autom\u00e1tica e assumir controle das pr\u00f3prias decis\u00f5es.<\/p><p>N\u00e3o \u00e9 sobre lutar melhor.<br \/>\u00c9 sobre pensar melhor.<br \/>E isso muda tudo.<\/p>\t\t\t\t\t\t\t\t<\/div>\n\t\t\t\t<\/div>\n\t\t\t\t<div class=\"elementor-element elementor-element-46f0720f elementor-widget elementor-widget-heading\" data-id=\"46f0720f\" data-element_type=\"widget\" data-e-type=\"widget\" data-widget_type=\"heading.default\">\n\t\t\t\t<div class=\"elementor-widget-container\">\n\t\t\t\t\t<h3 class=\"elementor-heading-title elementor-size-default\">CONTE\u00daDO<\/h3>\t\t\t\t<\/div>\n\t\t\t\t<\/div>\n\t\t\t\t\t<\/div>\n\t\t<\/div>\n\t\t\t\t\t<\/div>\n\t\t<\/section>\n\t\t\t\t<section class=\"elementor-section elementor-top-section elementor-element elementor-element-329a1e85 elementor-section-boxed elementor-section-height-default elementor-section-height-default\" data-id=\"329a1e85\" data-element_type=\"section\" data-e-type=\"section\">\n\t\t\t\t\t\t<div class=\"elementor-container elementor-column-gap-default\">\n\t\t\t\t\t<div class=\"elementor-column elementor-col-100 elementor-top-column elementor-element elementor-element-7a369e6e\" data-id=\"7a369e6e\" data-element_type=\"column\" data-e-type=\"column\">\n\t\t\t<div class=\"elementor-widget-wrap elementor-element-populated\">\n\t\t\t\t\t\t<div class=\"elementor-element elementor-element-78be9834 elementor-widget elementor-widget-text-editor\" data-id=\"78be9834\" data-element_type=\"widget\" data-e-type=\"widget\" data-widget_type=\"text-editor.default\">\n\t\t\t\t<div class=\"elementor-widget-container\">\n\t\t\t\t\t\t\t\t\t<ul>\n<li><strong>INTRODU\u00c7\u00c3O<\/strong><\/li>\n<li><strong>Cap\u00edtulo 01 &#8211; Artes Marciais Tradicionais<\/strong><\/li>\n<li><strong>Cap\u00edtulo 02 &#8211; Artes Marciais Esportivas<\/strong><\/li>\n<li><strong>Cap\u00edtulo 03 &#8211; Artes Marciais Modernas<\/strong><\/li>\n<li><strong>Cap\u00edtulo 04 &#8211; O que \u00e9 o Ninja no Mundo Atual<\/strong><\/li>\n<li><strong>Cap\u00edtulo 05 &#8211; Pensar \u00e9 mais Importante que Lutar<\/strong><\/li>\n<li><strong>Cap\u00edtulo 06 &#8211; Treinamento Mental Operacional e Protocolos de Rea\u00e7\u00e3o<\/strong><\/li>\n<li><strong>Cap\u00edtulo 07 &#8211; Estrat\u00e9gia Invis\u00edvel: Antecipar, Influenciar e Controlar<br><\/strong><\/li>\n<li><strong>Cap\u00edtulo 08 &#8211; Comportamento em Combate<\/strong><\/li>\n<li><strong>Cap\u00edtulo 09 &#8211; Estrat\u00e9gia Pr\u00e9-Conflito no Mundo Real<\/strong><\/li>\n<li><strong>Cap\u00edtulo 10 &#8211; M\u00faltiplos Agressores e Caos Real<\/strong><\/li>\n<li><strong>Cap\u00edtulo 11 &#8211; O Ambiente como Arma<\/strong><\/li>\n<li><strong><span class=\"a-list-item\">Cap\u00edtulo 12 &#8211; Controle Psicol\u00f3gico em Situa\u00e7\u00f5es Extremas<\/span><\/strong><\/li>\n<li><strong><span class=\"a-list-item\">Cap\u00edtulo 13 &#8211; Estrat\u00e9gia Aplicada na Vida<\/span><\/strong><\/li>\n<li><strong><span class=\"a-list-item\">Cap\u00edtulo 14 &#8211; O Verdadeiro Significado de Evolu\u00e7\u00e3o<\/span><\/strong><\/li>\n<\/ul>\t\t\t\t\t\t\t\t<\/div>\n\t\t\t\t<\/div>\n\t\t\t\t\t<\/div>\n\t\t<\/div>\n\t\t\t\t\t<\/div>\n\t\t<\/section>\n\t\t\t\t<\/div>","protected":false},"excerpt":{"rendered":"<p>Estrat\u00e9gia, Disciplina e Tomada de Decis\u00e3o para Vencer no Caos do Mundo Real<\/p>","protected":false},"author":1,"featured_media":10405,"parent":0,"menu_order":0,"comment_status":"closed","ping_status":"closed","template":"","meta":{"footnotes":""},"class_list":["post-10423","page","type-page","status-publish","has-post-thumbnail","hentry"],"_links":{"self":[{"href":"https:\/\/denshoseries.com\/en\/wp-json\/wp\/v2\/pages\/10423","targetHints":{"allow":["GET"]}}],"collection":[{"href":"https:\/\/denshoseries.com\/en\/wp-json\/wp\/v2\/pages"}],"about":[{"href":"https:\/\/denshoseries.com\/en\/wp-json\/wp\/v2\/types\/page"}],"author":[{"embeddable":true,"href":"https:\/\/denshoseries.com\/en\/wp-json\/wp\/v2\/users\/1"}],"replies":[{"embeddable":true,"href":"https:\/\/denshoseries.com\/en\/wp-json\/wp\/v2\/comments?post=10423"}],"version-history":[{"count":37,"href":"https:\/\/denshoseries.com\/en\/wp-json\/wp\/v2\/pages\/10423\/revisions"}],"predecessor-version":[{"id":10468,"href":"https:\/\/denshoseries.com\/en\/wp-json\/wp\/v2\/pages\/10423\/revisions\/10468"}],"wp:featuredmedia":[{"embeddable":true,"href":"https:\/\/denshoseries.com\/en\/wp-json\/wp\/v2\/media\/10405"}],"wp:attachment":[{"href":"https:\/\/denshoseries.com\/en\/wp-json\/wp\/v2\/media?parent=10423"}],"curies":[{"name":"wp","href":"https:\/\/api.w.org\/{rel}","templated":true}]}}